{"id":3273,"date":"2024-10-08T23:45:52","date_gmt":"2024-10-08T23:45:52","guid":{"rendered":"https:\/\/dryaseminsavas.com\/homepage\/"},"modified":"2025-02-03T11:37:46","modified_gmt":"2025-02-03T11:37:46","slug":"homepage","status":"publish","type":"page","link":"https:\/\/dryaseminsavas.com\/en\/","title":{"rendered":"Homepage"},"content":{"rendered":"<article>\n\t\t\t\t\t\t\tFacial Treatments<br \/>\n\t\t\t\t\t\t<\/article>\n<article>\n\t\t\t\t\t\t\tFilling Treatments<br \/>\n\t\t\t\t\t\t<\/article>\n<article>\n\t\t\t\t\t\t\tLaser Treatments<br \/>\n\t\t\t\t\t\t<\/article>\n<article>\n\t\t\t\t\t\t\tBody Treatments<br \/>\n\t\t\t\t\t\t<\/article>\n<article>\n\t\t\t\t\t\t\tMaintenance Treatments<br \/>\n\t\t\t\t\t\t<\/article>\n<article>\n\t\t\t\t\t\t\tHair Treatments<br \/>\n\t\t\t\t\t\t<\/article>\n<p>\t\t\t\t\t<!-- .pbmit-element-inner --><br \/>\n\t\t<!-- .pbminfotech-element --><\/p>\n<h4>\n\t\t\t%<br \/>\n\t\t\t\t\t98<br \/>\n\t\t<\/h4>\n<p>\t\tHappy Customer<br \/>\n<!-- .pbmit-fld-contents --><br \/>\n\t<svg width=\"30\" height=\"30\" viewBox=\"0 0 30 30\" xmlns=\"http:\/\/www.w3.org\/2000\/svg\">\n\t\t<path d=\"M30 30V0C30 16 16 30 0 30H30Z\"><\/path>\n\t<\/svg><br \/>\n\t<svg width=\"30\" height=\"30\" viewBox=\"0 0 30 30\" xmlns=\"http:\/\/www.w3.org\/2000\/svg\">\n\t\t<path d=\"M30 30V0C30 16 16 30 0 30H30Z\"><\/path>\n\t<\/svg><\/p>\n<h4>\n\t\t\t\tWELCOME<br \/>\n\t\t\t<\/h4>\n<h2>\n\t\t\t\tDr. Yasemin Sava\u015f<br \/>\n\t\t\t<\/h2>\n<p>Due to factors such as age, environmental factors and genetic diseases, skin and body parts can become damaged over time. Medical skin treatments repair these abrasions and provide healing, protection or preventive treatments for the skin and body. Patients who want to prevent future wear and tear can also benefit from these treatment methods. All treatment applications with medical device treatments and medical treatment products will help your skin and body get a healthier appearance.   <\/p>\n<p>We offer services to our patients in 2 locations, a polyclinic in Ata\u015fehir and a practice in Ni\u015fanta\u015f\u0131, Istanbul. Our goal is to have a share in ensuring that every patient we cross paths with receives reliable treatment results. <\/p>\n<p>Medical product and medical device treatments should be performed by a specialist doctor who has a good command of human anatomy. Medical care treatments should also be carried out with a specialized aesthetician team and doctor follow-up. <\/p>\n<p>\t\t\t\t\tReliable Technology<br \/>\n\t\t\t\t\tHigh Quality<br \/>\n\t\t\t4 Steps to Plan Your Process<br \/>\n\t\t<img decoding=\"async\" src=\"https:\/\/dryaseminsavas.com\/wp-content\/uploads\/2024\/10\/home-randevu.jpg\" alt=\"Online Application\" \/>\t\t01<br \/>\n\t\t\t\t\t\tOnline Application\t\t\t\t\t<!-- .pbmit-ihbox-contents --><br \/>\n\t\t<img decoding=\"async\" src=\"https:\/\/dryaseminsavas.com\/wp-content\/uploads\/2024\/10\/home-degerlendirme.jpg\" alt=\"Preliminary Assessment\" \/>\t\t02<br \/>\n\t\t\t\t\t\tPreliminary Assessment\t\t\t\t\t<!-- .pbmit-ihbox-contents --><br \/>\n\t\t<img decoding=\"async\" src=\"https:\/\/dryaseminsavas.com\/wp-content\/uploads\/2024\/10\/home-plan.jpg\" alt=\"Treatment Plan\" \/>\t\t03<br \/>\n\t\t\t\t\t\tTreatment Plan\t\t\t\t\t<!-- .pbmit-ihbox-contents --><br \/>\n\t\t<img decoding=\"async\" src=\"https:\/\/dryaseminsavas.com\/wp-content\/uploads\/2024\/10\/home-tedavi.jpg\" alt=\"Start of Treatment\" \/>\t\t04<br \/>\n\t\t\t\t\t\tStart of Treatment\t\t\t\t\t<!-- .pbmit-ihbox-contents --><br \/>\n\t\t\t\tQUALITY LIFE<br \/>\n\t\t\t\tTreatment Areas<\/p>\n<article>\n\t\t<img decoding=\"async\" src=\"https:\/\/dryaseminsavas.com\/wp-content\/uploads\/2024\/10\/yuz-genclestirme-tedavileri-home.jpg\" alt=\"Facial Rejuvenation\" \/><br \/>\n\t\t\t\t\t\t\t\t\tTreatment Areas<br \/>\n\t\t\t\t\t\t\t\t<a href=\"https:\/\/dryaseminsavas.com\/en\/facial-rejuvenation\/\"><br \/>\n\t\t\t\t\t\t\t\t\tFacial Rejuvenation<br \/>\n\t\t\t\t\t\t\t\t<\/a><br \/>\n\t\t\t\t\t\t\t\t\t\t\t\t<!-- .pbmit-ihbox-contents --><br \/>\n\t\t\t\t\t<\/article>\n<article>\n\t\t<img decoding=\"async\" src=\"https:\/\/dryaseminsavas.com\/wp-content\/uploads\/2024\/10\/botoks-home.jpg\" alt=\"Botox\" \/><br \/>\n\t\t\t\t\t\t\t\t\tTreatment Areas<br \/>\n\t\t\t\t\t\t\t\t<a href=\"https:\/\/dryaseminsavas.com\/en\/botox\/\"><br \/>\n\t\t\t\t\t\t\t\t\tBotox<br \/>\n\t\t\t\t\t\t\t\t<\/a><br \/>\n\t\t\t\t\t\t\t\t\t\t\t\t<!-- .pbmit-ihbox-contents --><br \/>\n\t\t\t\t\t<\/article>\n<article>\n\t\t<img decoding=\"async\" src=\"https:\/\/dryaseminsavas.com\/wp-content\/uploads\/2024\/10\/dolgu-home.jpg\" alt=\"Filling\" \/><br \/>\n\t\t\t\t\t\t\t\t\tTreatment Areas<br \/>\n\t\t\t\t\t\t\t\t<a href=\"https:\/\/dryaseminsavas.com\/en\/filling-treatments\/\"><br \/>\n\t\t\t\t\t\t\t\t\tFilling<br \/>\n\t\t\t\t\t\t\t\t<\/a><br \/>\n\t\t\t\t\t\t\t\t\t\t\t\t<!-- .pbmit-ihbox-contents --><br \/>\n\t\t\t\t\t<\/article>\n<article>\n\t\t<img decoding=\"async\" src=\"https:\/\/dryaseminsavas.com\/wp-content\/uploads\/2024\/10\/mezoterapi-tedavileri-home.jpg\" alt=\"Mesotherapy\" \/><br \/>\n\t\t\t\t\t\t\t\t\tTreatment Areas<br \/>\n\t\t\t\t\t\t\t\t<a href=\"https:\/\/dryaseminsavas.com\/en\/mesotherapy\/\"><br \/>\n\t\t\t\t\t\t\t\t\tMesotherapy<br \/>\n\t\t\t\t\t\t\t\t<\/a><br \/>\n\t\t\t\t\t\t\t\t\t\t\t\t<!-- .pbmit-ihbox-contents --><br \/>\n\t\t\t\t\t<\/article>\n<article>\n\t\t<img decoding=\"async\" src=\"https:\/\/dryaseminsavas.com\/wp-content\/uploads\/2024\/10\/sac-tedavileri-home.jpg\" alt=\"Hair Treatments\" \/><br \/>\n\t\t\t\t\t\t\t\t\tTreatment Areas<br \/>\n\t\t\t\t\t\t\t\t<a href=\"https:\/\/dryaseminsavas.com\/en\/hair-treatments\/\"><br \/>\n\t\t\t\t\t\t\t\t\tHair Treatments<br \/>\n\t\t\t\t\t\t\t\t<\/a><br \/>\n\t\t\t\t\t\t\t\t\t\t\t\t<!-- .pbmit-ihbox-contents --><br \/>\n\t\t\t\t\t<\/article>\n<article>\n\t\t<img decoding=\"async\" src=\"https:\/\/dryaseminsavas.com\/wp-content\/uploads\/2024\/10\/vucut-tedavileri-home.jpg\" alt=\"Body Treatments\" \/><br \/>\n\t\t\t\t\t\t\t\t\tTreatment Areas<br \/>\n\t\t\t\t\t\t\t\t<a href=\"https:\/\/dryaseminsavas.com\/en\/body-treatments\/\"><br \/>\n\t\t\t\t\t\t\t\t\tBody Treatments<br \/>\n\t\t\t\t\t\t\t\t<\/a><br \/>\n\t\t\t\t\t\t\t\t\t\t\t\t<!-- .pbmit-ihbox-contents --><br \/>\n\t\t\t\t\t<\/article>\n<article>\n\t\t<img decoding=\"async\" src=\"https:\/\/dryaseminsavas.com\/wp-content\/uploads\/2024\/10\/lazer-tedavileri-home.jpg\" alt=\"Laser Treatments\" \/><br \/>\n\t\t\t\t\t\t\t\t\tTreatment Areas<br \/>\n\t\t\t\t\t\t\t\t<a href=\"https:\/\/dryaseminsavas.com\/en\/laser-treatments\/\"><br \/>\n\t\t\t\t\t\t\t\t\tLaser Treatments<br \/>\n\t\t\t\t\t\t\t\t<\/a><br \/>\n\t\t\t\t\t\t\t\t\t\t\t\t<!-- .pbmit-ihbox-contents --><br \/>\n\t\t\t\t\t<\/article>\n<p>\t\t\t\t\t<!-- .pbmit-element-inner --><br \/>\n\t\t<!-- .pbminfotech-element --><br \/>\n\t\t\tHealth Guide<br \/>\n\t\t{&#8220;cpt&#8221;:&#8221;blog&#8221;,&#8221;style&#8221;:&#8221;1&#8243;,&#8221;columns&#8221;:&#8221;3&#8243;,&#8221;show&#8221;:&#8221;6&#8243;,&#8221;order&#8221;:&#8221;DESC&#8221;,&#8221;orderby&#8221;:&#8221;rand&#8221;}<\/p>\n<article>\n\t\t\t<a href=\"https:\/\/dryaseminsavas.com\/kisin-cilt-kurulugunu-onlemek-icin-onemli-oneriler\/\"><img fetchpriority=\"high\" decoding=\"async\" width=\"847\" height=\"628\" src=\"https:\/\/dryaseminsavas.com\/wp-content\/uploads\/2024\/09\/Her-Yuz-Farkli-Bir-Tuvaldir-890x660.jpg\" alt=\"\" srcset=\"https:\/\/dryaseminsavas.com\/wp-content\/uploads\/2024\/09\/Her-Yuz-Farkli-Bir-Tuvaldir-890x660.jpg 890w, https:\/\/dryaseminsavas.com\/wp-content\/uploads\/2024\/09\/Her-Yuz-Farkli-Bir-Tuvaldir-770x570.jpg 770w\" sizes=\"(max-width: 847px) 100vw, 847px\" \/><\/a>\t\t\t<a href=\"https:\/\/dryaseminsavas.com\/kisin-cilt-kurulugunu-onlemek-icin-onemli-oneriler\/\"><\/a><br \/>\n\t\t\t\t<a href=\"https:\/\/dryaseminsavas.com\/kategori\/uncategorized-tr\/\" rel=\"category tag\">Uncategorized @tr<\/a><br \/>\n\t\t\t\t\t\t\t\t\t<a href=\"https:\/\/dryaseminsavas.com\/kisin-cilt-kurulugunu-onlemek-icin-onemli-oneriler\/\"><\/a><br \/>\n\t\t\t\t\tEyl\u00fcl  20. 2024<br \/>\n\t\t\t\tadmin<\/p>\n<h3><a href=\"https:\/\/dryaseminsavas.com\/kisin-cilt-kurulugunu-onlemek-icin-onemli-oneriler\/\">Estetikte Do\u011fal Dokunu\u015f<\/a><\/h3>\n<\/article>\n<article>\n\t\t\t<a href=\"https:\/\/dryaseminsavas.com\/is-ve-yasam-dengesi\/\"><img decoding=\"async\" width=\"847\" height=\"605\" src=\"https:\/\/dryaseminsavas.com\/wp-content\/uploads\/2024\/09\/is-yasam-890x636.jpg\" alt=\"\" \/><\/a>\t\t\t<a href=\"https:\/\/dryaseminsavas.com\/is-ve-yasam-dengesi\/\"><\/a><br \/>\n\t\t\t\t<a href=\"https:\/\/dryaseminsavas.com\/kategori\/uncategorized-tr\/\" rel=\"category tag\">Uncategorized @tr<\/a><br \/>\n\t\t\t\t\t\t\t\t\t<a href=\"https:\/\/dryaseminsavas.com\/is-ve-yasam-dengesi\/\"><\/a><br \/>\n\t\t\t\t\tEyl\u00fcl  20. 2024<br \/>\n\t\t\t\tadmin<\/p>\n<h3><a href=\"https:\/\/dryaseminsavas.com\/is-ve-yasam-dengesi\/\">\u0130\u015f ve Ya\u015fam Dengesi<\/a><\/h3>\n<\/article>\n<p>\t\t\t <!-- .pbmit-element-posts-wrapper --><br \/>\n\t\t\t\t\t<!-- .pbmit-element-inner --><br \/>\n\t\t<!-- .pbminfotech-element --><br \/>\n\t\t\tThe content of this page is for informational purposes only. Every interventional procedure carries risks. Results may vary from person to person. The same result may not be obtained in every patient. Early results may be misleading. Please consult your doctor for diagnosis and treatment.<\/p>\n","protected":false},"excerpt":{"rendered":"<p>Facial Treatments Filling Treatments Laser Treatments Body Treatments Maintenance Treatments Hair Treatments % 98 Happy Customer WELCOME Dr. Yasemin Sava\u015f Due to factors such as age, environmental factors and genetic diseases, skin and body parts can become damaged over time. Medical skin treatments repair these abrasions and provide healing, protection or preventive treatments for the [&hellip;]<\/p>\n","protected":false},"author":1,"featured_media":0,"parent":0,"menu_order":3,"comment_status":"closed","ping_status":"closed","template":"","meta":{"_acf_changed":false,"inline_featured_image":false,"footnotes":""},"class_list":["post-3273","page","type-page","status-publish","hentry"],"acf":[],"yoast_head":"<!-- This site is optimized with the Yoast SEO plugin v26.6 - https:\/\/yoast.com\/wordpress\/plugins\/seo\/ -->\n<title>Dr. Yasemin Sava\u015f Quality Life Clinic<\/title>\n<meta name=\"description\" content=\"Dr. Yasemin Sava\u015f. The applications will improve the quality of the existing structure of your body and face, preserve its youth and get an aesthetic appearance.\" \/>\n<meta name=\"robots\" content=\"index, follow, max-snippet:-1, max-image-preview:large, max-video-preview:-1\" \/>\n<link rel=\"canonical\" href=\"https:\/\/dryaseminsavas.com\/en\/\" \/>\n<meta property=\"og:locale\" content=\"en_US\" \/>\n<meta property=\"og:type\" content=\"article\" \/>\n<meta property=\"og:title\" content=\"Dr. Yasemin Sava\u015f Quality Life Clinic\" \/>\n<meta property=\"og:description\" content=\"Dr. Yasemin Sava\u015f. The applications will improve the quality of the existing structure of your body and face, preserve its youth and get an aesthetic appearance.\" \/>\n<meta property=\"og:url\" content=\"https:\/\/dryaseminsavas.com\/en\/\" \/>\n<meta property=\"og:site_name\" content=\"Dr. Yasemin Sava\u015f\" \/>\n<meta property=\"article:modified_time\" content=\"2025-02-03T11:37:46+00:00\" \/>\n<meta property=\"og:image\" content=\"https:\/\/dryaseminsavas.com\/wp-content\/uploads\/2024\/10\/home-randevu.jpg\" \/>\n<meta name=\"twitter:card\" content=\"summary_large_image\" \/>\n<meta name=\"twitter:label1\" content=\"Est. reading time\" \/>\n\t<meta name=\"twitter:data1\" content=\"6 minutes\" \/>\n<script type=\"application\/ld+json\" class=\"yoast-schema-graph\">{\"@context\":\"https:\/\/schema.org\",\"@graph\":[{\"@type\":\"WebPage\",\"@id\":\"https:\/\/dryaseminsavas.com\/en\/\",\"url\":\"https:\/\/dryaseminsavas.com\/en\/\",\"name\":\"Dr. Yasemin Sava\u015f Quality Life Clinic\",\"isPartOf\":{\"@id\":\"https:\/\/dryaseminsavas.com\/en\/#website\"},\"primaryImageOfPage\":{\"@id\":\"https:\/\/dryaseminsavas.com\/en\/#primaryimage\"},\"image\":{\"@id\":\"https:\/\/dryaseminsavas.com\/en\/#primaryimage\"},\"thumbnailUrl\":\"https:\/\/dryaseminsavas.com\/wp-content\/uploads\/2024\/10\/home-randevu.jpg\",\"datePublished\":\"2024-10-08T23:45:52+00:00\",\"dateModified\":\"2025-02-03T11:37:46+00:00\",\"description\":\"Dr. Yasemin Sava\u015f. The applications will improve the quality of the existing structure of your body and face, preserve its youth and get an aesthetic appearance.\",\"breadcrumb\":{\"@id\":\"https:\/\/dryaseminsavas.com\/en\/#breadcrumb\"},\"inLanguage\":\"en-US\",\"potentialAction\":[{\"@type\":\"ReadAction\",\"target\":[\"https:\/\/dryaseminsavas.com\/en\/\"]}]},{\"@type\":\"ImageObject\",\"inLanguage\":\"en-US\",\"@id\":\"https:\/\/dryaseminsavas.com\/en\/#primaryimage\",\"url\":\"https:\/\/dryaseminsavas.com\/wp-content\/uploads\/2024\/10\/home-randevu.jpg\",\"contentUrl\":\"https:\/\/dryaseminsavas.com\/wp-content\/uploads\/2024\/10\/home-randevu.jpg\"},{\"@type\":\"BreadcrumbList\",\"@id\":\"https:\/\/dryaseminsavas.com\/en\/#breadcrumb\",\"itemListElement\":[{\"@type\":\"ListItem\",\"position\":1,\"name\":\"Dr. Yasemin Sava\u015f\",\"item\":\"https:\/\/dryaseminsavas.com\/en\/homepage\/\"},{\"@type\":\"ListItem\",\"position\":2,\"name\":\"Homepage\"}]},{\"@type\":\"WebSite\",\"@id\":\"https:\/\/dryaseminsavas.com\/en\/#website\",\"url\":\"https:\/\/dryaseminsavas.com\/en\/\",\"name\":\"Dr. Yasemin Sava\u015f\",\"description\":\"Kaliteli Ya\u015fam Klini\u011fi\",\"publisher\":{\"@id\":\"https:\/\/dryaseminsavas.com\/en\/#organization\"},\"potentialAction\":[{\"@type\":\"SearchAction\",\"target\":{\"@type\":\"EntryPoint\",\"urlTemplate\":\"https:\/\/dryaseminsavas.com\/en\/?s={search_term_string}\"},\"query-input\":{\"@type\":\"PropertyValueSpecification\",\"valueRequired\":true,\"valueName\":\"search_term_string\"}}],\"inLanguage\":\"en-US\"},{\"@type\":\"Organization\",\"@id\":\"https:\/\/dryaseminsavas.com\/en\/#organization\",\"name\":\"Dr. Yasemin Sava\u015f\",\"url\":\"https:\/\/dryaseminsavas.com\/en\/\",\"logo\":{\"@type\":\"ImageObject\",\"inLanguage\":\"en-US\",\"@id\":\"https:\/\/dryaseminsavas.com\/en\/#\/schema\/logo\/image\/\",\"url\":\"https:\/\/dryaseminsavas.com\/wp-content\/uploads\/2024\/06\/dryaseminsavas-logo.png\",\"contentUrl\":\"https:\/\/dryaseminsavas.com\/wp-content\/uploads\/2024\/06\/dryaseminsavas-logo.png\",\"width\":378,\"height\":88,\"caption\":\"Dr. Yasemin Sava\u015f\"},\"image\":{\"@id\":\"https:\/\/dryaseminsavas.com\/en\/#\/schema\/logo\/image\/\"}}]}<\/script>\n<!-- \/ Yoast SEO plugin. -->","yoast_head_json":{"title":"Dr. Yasemin Sava\u015f Quality Life Clinic","description":"Dr. Yasemin Sava\u015f. The applications will improve the quality of the existing structure of your body and face, preserve its youth and get an aesthetic appearance.","robots":{"index":"index","follow":"follow","max-snippet":"max-snippet:-1","max-image-preview":"max-image-preview:large","max-video-preview":"max-video-preview:-1"},"canonical":"https:\/\/dryaseminsavas.com\/en\/","og_locale":"en_US","og_type":"article","og_title":"Dr. Yasemin Sava\u015f Quality Life Clinic","og_description":"Dr. Yasemin Sava\u015f. The applications will improve the quality of the existing structure of your body and face, preserve its youth and get an aesthetic appearance.","og_url":"https:\/\/dryaseminsavas.com\/en\/","og_site_name":"Dr. Yasemin Sava\u015f","article_modified_time":"2025-02-03T11:37:46+00:00","og_image":[{"url":"https:\/\/dryaseminsavas.com\/wp-content\/uploads\/2024\/10\/home-randevu.jpg","type":"","width":"","height":""}],"twitter_card":"summary_large_image","twitter_misc":{"Est. reading time":"6 minutes"},"schema":{"@context":"https:\/\/schema.org","@graph":[{"@type":"WebPage","@id":"https:\/\/dryaseminsavas.com\/en\/","url":"https:\/\/dryaseminsavas.com\/en\/","name":"Dr. Yasemin Sava\u015f Quality Life Clinic","isPartOf":{"@id":"https:\/\/dryaseminsavas.com\/en\/#website"},"primaryImageOfPage":{"@id":"https:\/\/dryaseminsavas.com\/en\/#primaryimage"},"image":{"@id":"https:\/\/dryaseminsavas.com\/en\/#primaryimage"},"thumbnailUrl":"https:\/\/dryaseminsavas.com\/wp-content\/uploads\/2024\/10\/home-randevu.jpg","datePublished":"2024-10-08T23:45:52+00:00","dateModified":"2025-02-03T11:37:46+00:00","description":"Dr. Yasemin Sava\u015f. The applications will improve the quality of the existing structure of your body and face, preserve its youth and get an aesthetic appearance.","breadcrumb":{"@id":"https:\/\/dryaseminsavas.com\/en\/#breadcrumb"},"inLanguage":"en-US","potentialAction":[{"@type":"ReadAction","target":["https:\/\/dryaseminsavas.com\/en\/"]}]},{"@type":"ImageObject","inLanguage":"en-US","@id":"https:\/\/dryaseminsavas.com\/en\/#primaryimage","url":"https:\/\/dryaseminsavas.com\/wp-content\/uploads\/2024\/10\/home-randevu.jpg","contentUrl":"https:\/\/dryaseminsavas.com\/wp-content\/uploads\/2024\/10\/home-randevu.jpg"},{"@type":"BreadcrumbList","@id":"https:\/\/dryaseminsavas.com\/en\/#breadcrumb","itemListElement":[{"@type":"ListItem","position":1,"name":"Dr. Yasemin Sava\u015f","item":"https:\/\/dryaseminsavas.com\/en\/homepage\/"},{"@type":"ListItem","position":2,"name":"Homepage"}]},{"@type":"WebSite","@id":"https:\/\/dryaseminsavas.com\/en\/#website","url":"https:\/\/dryaseminsavas.com\/en\/","name":"Dr. Yasemin Sava\u015f","description":"Kaliteli Ya\u015fam Klini\u011fi","publisher":{"@id":"https:\/\/dryaseminsavas.com\/en\/#organization"},"potentialAction":[{"@type":"SearchAction","target":{"@type":"EntryPoint","urlTemplate":"https:\/\/dryaseminsavas.com\/en\/?s={search_term_string}"},"query-input":{"@type":"PropertyValueSpecification","valueRequired":true,"valueName":"search_term_string"}}],"inLanguage":"en-US"},{"@type":"Organization","@id":"https:\/\/dryaseminsavas.com\/en\/#organization","name":"Dr. Yasemin Sava\u015f","url":"https:\/\/dryaseminsavas.com\/en\/","logo":{"@type":"ImageObject","inLanguage":"en-US","@id":"https:\/\/dryaseminsavas.com\/en\/#\/schema\/logo\/image\/","url":"https:\/\/dryaseminsavas.com\/wp-content\/uploads\/2024\/06\/dryaseminsavas-logo.png","contentUrl":"https:\/\/dryaseminsavas.com\/wp-content\/uploads\/2024\/06\/dryaseminsavas-logo.png","width":378,"height":88,"caption":"Dr. Yasemin Sava\u015f"},"image":{"@id":"https:\/\/dryaseminsavas.com\/en\/#\/schema\/logo\/image\/"}}]}},"_links":{"self":[{"href":"https:\/\/dryaseminsavas.com\/en\/wp-json\/wp\/v2\/pages\/3273","targetHints":{"allow":["GET"]}}],"collection":[{"href":"https:\/\/dryaseminsavas.com\/en\/wp-json\/wp\/v2\/pages"}],"about":[{"href":"https:\/\/dryaseminsavas.com\/en\/wp-json\/wp\/v2\/types\/page"}],"author":[{"embeddable":true,"href":"https:\/\/dryaseminsavas.com\/en\/wp-json\/wp\/v2\/users\/1"}],"replies":[{"embeddable":true,"href":"https:\/\/dryaseminsavas.com\/en\/wp-json\/wp\/v2\/comments?post=3273"}],"version-history":[{"count":0,"href":"https:\/\/dryaseminsavas.com\/en\/wp-json\/wp\/v2\/pages\/3273\/revisions"}],"wp:attachment":[{"href":"https:\/\/dryaseminsavas.com\/en\/wp-json\/wp\/v2\/media?parent=3273"}],"curies":[{"name":"wp","href":"https:\/\/api.w.org\/{rel}","templated":true}]}}