{"id":3275,"date":"2024-10-03T11:31:44","date_gmt":"2024-10-03T11:31:44","guid":{"rendered":"https:\/\/dryaseminsavas.com\/open-consent-text\/"},"modified":"2024-11-15T13:56:40","modified_gmt":"2024-11-15T13:56:40","slug":"open-consent-text","status":"publish","type":"page","link":"https:\/\/dryaseminsavas.com\/en\/open-consent-text\/","title":{"rendered":"Open Consent Text"},"content":{"rendered":"\t\t<div data-elementor-type=\"wp-page\" data-elementor-id=\"3275\" class=\"elementor elementor-3275 elementor-2565\" data-elementor-post-type=\"page\">\n\t\t\t\t\t\t<section class=\"elementor-section elementor-top-section elementor-element elementor-element-630a299 elementor-section-content-middle pbmit-col-stretched-none pbmit-bg-color-over-image elementor-section-boxed elementor-section-height-default elementor-section-height-default\" data-id=\"630a299\" data-element_type=\"section\">\n\t\t\t\t\t\t<div class=\"elementor-container elementor-column-gap-no\">\n\t\t\t\t\t<div class=\"elementor-column elementor-col-100 elementor-top-column elementor-element elementor-element-017da29 pbmit-bg-color-over-image\" data-id=\"017da29\" data-element_type=\"column\">\n\t\t\t<div class=\"elementor-widget-wrap elementor-element-populated\">\n\t\t\t\t\t\t<div class=\"elementor-element elementor-element-78f474e elementor-widget elementor-widget-text-editor\" data-id=\"78f474e\" data-element_type=\"widget\" data-widget_type=\"text-editor.default\">\n\t\t\t\t<div class=\"elementor-widget-container\">\n\t\t\t<style>\/*! elementor - v3.22.0 - 26-06-2024 *\/\n.elementor-widget-text-editor.elementor-drop-cap-view-stacked .elementor-drop-cap{background-color:#69727d;color:#fff}.elementor-widget-text-editor.elementor-drop-cap-view-framed .elementor-drop-cap{color:#69727d;border:3px solid;background-color:transparent}.elementor-widget-text-editor:not(.elementor-drop-cap-view-default) .elementor-drop-cap{margin-top:8px}.elementor-widget-text-editor:not(.elementor-drop-cap-view-default) .elementor-drop-cap-letter{width:1em;height:1em}.elementor-widget-text-editor .elementor-drop-cap{float:left;text-align:center;line-height:1;font-size:50px}.elementor-widget-text-editor .elementor-drop-cap-letter{display:inline-block}<\/style>\t\t\t\t<p>By subscribing to the Newsletter, I accept, declare and undertake that I consent to regular e-mails being sent to me by Dr. Yasemin Sava\u015f; my existing or future personal data to be updated; to be processed by Dr. Yasemin Sava\u015f limited to the purposes specified in the Clarification Text and to be transferred to recipient groups in Turkey and abroad as specified in the Clarification Text.<br \/><br \/><\/p><p>In this context, I also declare that I have been informed that I have the right and authority to withdraw my explicit consent I have given regarding the processing and \/ or transfer of my personal data processed and \/ or transferred based on my explicit consent; regarding the rights granted to me by Article 11 of Law No. 6698 regarding the processing and \/ or transfer of my personal data; Finally, I declare that I have been informed about how I can exercise my rights granted to me by Article 11 of Law No. 6698.<\/p>\t\t\t\t\t\t<\/div>\n\t\t\t\t<\/div>\n\t\t\t\t\t<\/div>\n\t\t<\/div>\n\t\t\t\t\t<\/div>\n\t\t<\/section>\n\t\t\t\t<\/div>\n\t\t","protected":false},"excerpt":{"rendered":"<p>By subscribing to the Newsletter, I accept, declare and undertake that I consent to regular e-mails being sent to me by Dr. Yasemin Sava\u015f; my existing or future personal data to be updated; to be processed by Dr. Yasemin Sava\u015f limited to the purposes specified in the Clarification Text and to be transferred to recipient [&hellip;]<\/p>\n","protected":false},"author":1,"featured_media":0,"parent":0,"menu_order":4,"comment_status":"closed","ping_status":"closed","template":"","meta":{"_acf_changed":false,"inline_featured_image":false,"footnotes":""},"class_list":["post-3275","page","type-page","status-publish","hentry"],"acf":[],"yoast_head":"<!-- This site is optimized with the Yoast SEO plugin v26.6 - https:\/\/yoast.com\/wordpress\/plugins\/seo\/ -->\n<title>Open Consent Text - Dr. Yasemin Sava\u015f<\/title>\n<meta name=\"robots\" content=\"index, follow, max-snippet:-1, max-image-preview:large, max-video-preview:-1\" \/>\n<link rel=\"canonical\" href=\"https:\/\/dryaseminsavas.com\/en\/open-consent-text\/\" \/>\n<meta property=\"og:locale\" content=\"en_US\" \/>\n<meta property=\"og:type\" content=\"article\" \/>\n<meta property=\"og:title\" content=\"Open Consent Text - Dr. Yasemin Sava\u015f\" \/>\n<meta property=\"og:description\" content=\"By subscribing to the Newsletter, I accept, declare and undertake that I consent to regular e-mails being sent to me by Dr. Yasemin Sava\u015f; my existing or future personal data to be updated; to be processed by Dr. Yasemin Sava\u015f limited to the purposes specified in the Clarification Text and to be transferred to recipient [&hellip;]\" \/>\n<meta property=\"og:url\" content=\"https:\/\/dryaseminsavas.com\/en\/open-consent-text\/\" \/>\n<meta property=\"og:site_name\" content=\"Dr. Yasemin Sava\u015f\" \/>\n<meta property=\"article:modified_time\" content=\"2024-11-15T13:56:40+00:00\" \/>\n<meta property=\"og:image\" content=\"https:\/\/dryaseminsavas.com\/wp-content\/uploads\/2024\/06\/dryaseminsavas-logo-e1759166100354.png\" \/>\n\t<meta property=\"og:image:width\" content=\"250\" \/>\n\t<meta property=\"og:image:height\" content=\"58\" \/>\n\t<meta property=\"og:image:type\" content=\"image\/png\" \/>\n<meta name=\"twitter:card\" content=\"summary_large_image\" \/>\n<meta name=\"twitter:label1\" content=\"Est. reading time\" \/>\n\t<meta name=\"twitter:data1\" content=\"1 minute\" \/>\n<script type=\"application\/ld+json\" class=\"yoast-schema-graph\">{\"@context\":\"https:\/\/schema.org\",\"@graph\":[{\"@type\":\"WebPage\",\"@id\":\"https:\/\/dryaseminsavas.com\/en\/open-consent-text\/\",\"url\":\"https:\/\/dryaseminsavas.com\/en\/open-consent-text\/\",\"name\":\"Open Consent Text - Dr. Yasemin Sava\u015f\",\"isPartOf\":{\"@id\":\"https:\/\/dryaseminsavas.com\/en\/#website\"},\"datePublished\":\"2024-10-03T11:31:44+00:00\",\"dateModified\":\"2024-11-15T13:56:40+00:00\",\"breadcrumb\":{\"@id\":\"https:\/\/dryaseminsavas.com\/en\/open-consent-text\/#breadcrumb\"},\"inLanguage\":\"en-US\",\"potentialAction\":[{\"@type\":\"ReadAction\",\"target\":[\"https:\/\/dryaseminsavas.com\/en\/open-consent-text\/\"]}]},{\"@type\":\"BreadcrumbList\",\"@id\":\"https:\/\/dryaseminsavas.com\/en\/open-consent-text\/#breadcrumb\",\"itemListElement\":[{\"@type\":\"ListItem\",\"position\":1,\"name\":\"Dr. Yasemin Sava\u015f\",\"item\":\"https:\/\/dryaseminsavas.com\/en\/homepage\/\"},{\"@type\":\"ListItem\",\"position\":2,\"name\":\"Open Consent Text\"}]},{\"@type\":\"WebSite\",\"@id\":\"https:\/\/dryaseminsavas.com\/en\/#website\",\"url\":\"https:\/\/dryaseminsavas.com\/en\/\",\"name\":\"Dr. Yasemin Sava\u015f\",\"description\":\"Kaliteli Ya\u015fam Klini\u011fi\",\"publisher\":{\"@id\":\"https:\/\/dryaseminsavas.com\/en\/#organization\"},\"potentialAction\":[{\"@type\":\"SearchAction\",\"target\":{\"@type\":\"EntryPoint\",\"urlTemplate\":\"https:\/\/dryaseminsavas.com\/en\/?s={search_term_string}\"},\"query-input\":{\"@type\":\"PropertyValueSpecification\",\"valueRequired\":true,\"valueName\":\"search_term_string\"}}],\"inLanguage\":\"en-US\"},{\"@type\":\"Organization\",\"@id\":\"https:\/\/dryaseminsavas.com\/en\/#organization\",\"name\":\"Dr. Yasemin Sava\u015f\",\"url\":\"https:\/\/dryaseminsavas.com\/en\/\",\"logo\":{\"@type\":\"ImageObject\",\"inLanguage\":\"en-US\",\"@id\":\"https:\/\/dryaseminsavas.com\/en\/#\/schema\/logo\/image\/\",\"url\":\"https:\/\/dryaseminsavas.com\/wp-content\/uploads\/2024\/06\/dryaseminsavas-logo.png\",\"contentUrl\":\"https:\/\/dryaseminsavas.com\/wp-content\/uploads\/2024\/06\/dryaseminsavas-logo.png\",\"width\":378,\"height\":88,\"caption\":\"Dr. Yasemin Sava\u015f\"},\"image\":{\"@id\":\"https:\/\/dryaseminsavas.com\/en\/#\/schema\/logo\/image\/\"}}]}<\/script>\n<!-- \/ Yoast SEO plugin. -->","yoast_head_json":{"title":"Open Consent Text - Dr. Yasemin Sava\u015f","robots":{"index":"index","follow":"follow","max-snippet":"max-snippet:-1","max-image-preview":"max-image-preview:large","max-video-preview":"max-video-preview:-1"},"canonical":"https:\/\/dryaseminsavas.com\/en\/open-consent-text\/","og_locale":"en_US","og_type":"article","og_title":"Open Consent Text - Dr. Yasemin Sava\u015f","og_description":"By subscribing to the Newsletter, I accept, declare and undertake that I consent to regular e-mails being sent to me by Dr. Yasemin Sava\u015f; my existing or future personal data to be updated; to be processed by Dr. Yasemin Sava\u015f limited to the purposes specified in the Clarification Text and to be transferred to recipient [&hellip;]","og_url":"https:\/\/dryaseminsavas.com\/en\/open-consent-text\/","og_site_name":"Dr. Yasemin Sava\u015f","article_modified_time":"2024-11-15T13:56:40+00:00","og_image":[{"width":250,"height":58,"url":"https:\/\/dryaseminsavas.com\/wp-content\/uploads\/2024\/06\/dryaseminsavas-logo-e1759166100354.png","type":"image\/png"}],"twitter_card":"summary_large_image","twitter_misc":{"Est. reading time":"1 minute"},"schema":{"@context":"https:\/\/schema.org","@graph":[{"@type":"WebPage","@id":"https:\/\/dryaseminsavas.com\/en\/open-consent-text\/","url":"https:\/\/dryaseminsavas.com\/en\/open-consent-text\/","name":"Open Consent Text - Dr. Yasemin Sava\u015f","isPartOf":{"@id":"https:\/\/dryaseminsavas.com\/en\/#website"},"datePublished":"2024-10-03T11:31:44+00:00","dateModified":"2024-11-15T13:56:40+00:00","breadcrumb":{"@id":"https:\/\/dryaseminsavas.com\/en\/open-consent-text\/#breadcrumb"},"inLanguage":"en-US","potentialAction":[{"@type":"ReadAction","target":["https:\/\/dryaseminsavas.com\/en\/open-consent-text\/"]}]},{"@type":"BreadcrumbList","@id":"https:\/\/dryaseminsavas.com\/en\/open-consent-text\/#breadcrumb","itemListElement":[{"@type":"ListItem","position":1,"name":"Dr. Yasemin Sava\u015f","item":"https:\/\/dryaseminsavas.com\/en\/homepage\/"},{"@type":"ListItem","position":2,"name":"Open Consent Text"}]},{"@type":"WebSite","@id":"https:\/\/dryaseminsavas.com\/en\/#website","url":"https:\/\/dryaseminsavas.com\/en\/","name":"Dr. Yasemin Sava\u015f","description":"Kaliteli Ya\u015fam Klini\u011fi","publisher":{"@id":"https:\/\/dryaseminsavas.com\/en\/#organization"},"potentialAction":[{"@type":"SearchAction","target":{"@type":"EntryPoint","urlTemplate":"https:\/\/dryaseminsavas.com\/en\/?s={search_term_string}"},"query-input":{"@type":"PropertyValueSpecification","valueRequired":true,"valueName":"search_term_string"}}],"inLanguage":"en-US"},{"@type":"Organization","@id":"https:\/\/dryaseminsavas.com\/en\/#organization","name":"Dr. Yasemin Sava\u015f","url":"https:\/\/dryaseminsavas.com\/en\/","logo":{"@type":"ImageObject","inLanguage":"en-US","@id":"https:\/\/dryaseminsavas.com\/en\/#\/schema\/logo\/image\/","url":"https:\/\/dryaseminsavas.com\/wp-content\/uploads\/2024\/06\/dryaseminsavas-logo.png","contentUrl":"https:\/\/dryaseminsavas.com\/wp-content\/uploads\/2024\/06\/dryaseminsavas-logo.png","width":378,"height":88,"caption":"Dr. Yasemin Sava\u015f"},"image":{"@id":"https:\/\/dryaseminsavas.com\/en\/#\/schema\/logo\/image\/"}}]}},"_links":{"self":[{"href":"https:\/\/dryaseminsavas.com\/en\/wp-json\/wp\/v2\/pages\/3275","targetHints":{"allow":["GET"]}}],"collection":[{"href":"https:\/\/dryaseminsavas.com\/en\/wp-json\/wp\/v2\/pages"}],"about":[{"href":"https:\/\/dryaseminsavas.com\/en\/wp-json\/wp\/v2\/types\/page"}],"author":[{"embeddable":true,"href":"https:\/\/dryaseminsavas.com\/en\/wp-json\/wp\/v2\/users\/1"}],"replies":[{"embeddable":true,"href":"https:\/\/dryaseminsavas.com\/en\/wp-json\/wp\/v2\/comments?post=3275"}],"version-history":[{"count":0,"href":"https:\/\/dryaseminsavas.com\/en\/wp-json\/wp\/v2\/pages\/3275\/revisions"}],"wp:attachment":[{"href":"https:\/\/dryaseminsavas.com\/en\/wp-json\/wp\/v2\/media?parent=3275"}],"curies":[{"name":"wp","href":"https:\/\/api.w.org\/{rel}","templated":true}]}}