{"id":3297,"date":"2024-06-08T18:53:27","date_gmt":"2024-06-08T18:53:27","guid":{"rendered":"https:\/\/dryaseminsavas.com\/dr-yasemin-savas-in-the-press\/"},"modified":"2024-10-28T10:47:47","modified_gmt":"2024-10-28T10:47:47","slug":"dr-yasemin-savas-in-the-press","status":"publish","type":"page","link":"https:\/\/dryaseminsavas.com\/en\/dr-yasemin-savas-in-the-press\/","title":{"rendered":"Dr. Yasemin Sava\u015f in the press"},"content":{"rendered":"\t\t<div data-elementor-type=\"wp-page\" data-elementor-id=\"3297\" class=\"elementor elementor-3297 elementor-540\" data-elementor-post-type=\"page\">\n\t\t\t\t\t\t<section class=\"elementor-section elementor-top-section elementor-element elementor-element-56774fe pbmit-col-stretched-none pbmit-bg-color-over-image elementor-section-boxed elementor-section-height-default elementor-section-height-default\" data-id=\"56774fe\" data-element_type=\"section\">\n\t\t\t\t\t\t<div class=\"elementor-container elementor-column-gap-default\">\n\t\t\t\t\t<div class=\"elementor-column elementor-col-20 elementor-top-column elementor-element elementor-element-85adeeb pbmit-bg-color-over-image\" data-id=\"85adeeb\" data-element_type=\"column\">\n\t\t\t<div class=\"elementor-widget-wrap elementor-element-populated\">\n\t\t\t\t\t\t<div class=\"elementor-element elementor-element-1925c1b pbmit-animation-none elementor-widget elementor-widget-image\" data-id=\"1925c1b\" data-element_type=\"widget\" data-widget_type=\"image.default\">\n\t\t\t\t<div class=\"elementor-widget-container\">\n\t\t\t<style>\/*! elementor - v3.22.0 - 26-06-2024 *\/\n.elementor-widget-image{text-align:center}.elementor-widget-image a{display:inline-block}.elementor-widget-image a img[src$=\".svg\"]{width:48px}.elementor-widget-image img{vertical-align:middle;display:inline-block}<\/style>\t\t\t\t\t\t\t\t\t\t\t<a href=\"https:\/\/dryaseminsavas.com\/wp-content\/uploads\/2024\/06\/bEskisehirSehir-220324.jpg\" data-elementor-open-lightbox=\"yes\" data-elementor-lightbox-title=\"bEskisehirSehir-220324\" data-e-action-hash=\"#elementor-action%3Aaction%3Dlightbox%26settings%3DeyJpZCI6NTQyLCJ1cmwiOiJodHRwczpcL1wvZHJ5YXNlbWluc2F2YXMuY29tXC93cC1jb250ZW50XC91cGxvYWRzXC8yMDI0XC8wNlwvYkVza2lzZWhpclNlaGlyLTIyMDMyNC5qcGcifQ%3D%3D\">\n\t\t\t\t\t\t\t<img decoding=\"async\" src=\"https:\/\/dryaseminsavas.com\/wp-content\/uploads\/elementor\/thumbs\/bEskisehirSehir-220324-qpdcqoozfol0mc20wzqgyy4ieie3aqmieu96nklh28.jpg\" title=\"bEskisehirSehir-220324\" alt=\"bEskisehirSehir-220324\" loading=\"lazy\" \/>\t\t\t\t\t\t\t\t<\/a>\n\t\t\t\t\t\t\t\t\t\t\t\t\t<\/div>\n\t\t\t\t<\/div>\n\t\t\t\t<div class=\"elementor-element elementor-element-d1b00bf elementor-widget elementor-widget-heading\" data-id=\"d1b00bf\" data-element_type=\"widget\" data-widget_type=\"heading.default\">\n\t\t\t\t<div class=\"elementor-widget-container\">\n\t\t\t<style>\/*! elementor - v3.22.0 - 26-06-2024 *\/\n.elementor-heading-title{padding:0;margin:0;line-height:1}.elementor-widget-heading .elementor-heading-title[class*=elementor-size-]>a{color:inherit;font-size:inherit;line-height:inherit}.elementor-widget-heading .elementor-heading-title.elementor-size-small{font-size:15px}.elementor-widget-heading .elementor-heading-title.elementor-size-medium{font-size:19px}.elementor-widget-heading .elementor-heading-title.elementor-size-large{font-size:29px}.elementor-widget-heading .elementor-heading-title.elementor-size-xl{font-size:39px}.elementor-widget-heading .elementor-heading-title.elementor-size-xxl{font-size:59px}<\/style><div class=\"elementor-heading-title elementor-size-default\">Eskisehir City<\/div>\t\t<\/div>\n\t\t\t\t<\/div>\n\t\t\t\t<div class=\"elementor-element elementor-element-1194046 elementor-widget elementor-widget-heading\" data-id=\"1194046\" data-element_type=\"widget\" data-widget_type=\"heading.default\">\n\t\t\t\t<div class=\"elementor-widget-container\">\n\t\t\t<div class=\"elementor-heading-title elementor-size-default\">22.03.2024<\/div>\t\t<\/div>\n\t\t\t\t<\/div>\n\t\t\t\t\t<\/div>\n\t\t<\/div>\n\t\t\t\t<div class=\"elementor-column elementor-col-20 elementor-top-column elementor-element elementor-element-d1d2c8b pbmit-bg-color-over-image\" data-id=\"d1d2c8b\" data-element_type=\"column\">\n\t\t\t<div class=\"elementor-widget-wrap elementor-element-populated\">\n\t\t\t\t\t\t<div class=\"elementor-element elementor-element-ae9e163 pbmit-animation-none elementor-widget elementor-widget-image\" data-id=\"ae9e163\" data-element_type=\"widget\" data-widget_type=\"image.default\">\n\t\t\t\t<div class=\"elementor-widget-container\">\n\t\t\t\t\t\t\t\t\t\t\t\t\t\t<a href=\"https:\/\/dryaseminsavas.com\/wp-content\/uploads\/2024\/06\/bKirklareli-200324.jpg\" data-elementor-open-lightbox=\"yes\" data-elementor-lightbox-title=\"bKirklareli-200324\" data-e-action-hash=\"#elementor-action%3Aaction%3Dlightbox%26settings%3DeyJpZCI6NTQ4LCJ1cmwiOiJodHRwczpcL1wvZHJ5YXNlbWluc2F2YXMuY29tXC93cC1jb250ZW50XC91cGxvYWRzXC8yMDI0XC8wNlwvYktpcmtsYXJlbGktMjAwMzI0LmpwZyJ9\">\n\t\t\t\t\t\t\t<img decoding=\"async\" src=\"https:\/\/dryaseminsavas.com\/wp-content\/uploads\/elementor\/thumbs\/bKirklareli-200324-qpdctqo3narkcpma2t9tkodfwlc1bbr3tykzsy2eu8.jpg\" title=\"bKirklareli-200324\" alt=\"bKirklareli-200324\" loading=\"lazy\" \/>\t\t\t\t\t\t\t\t<\/a>\n\t\t\t\t\t\t\t\t\t\t\t\t\t<\/div>\n\t\t\t\t<\/div>\n\t\t\t\t<div class=\"elementor-element elementor-element-0c6efcd elementor-widget elementor-widget-heading\" data-id=\"0c6efcd\" data-element_type=\"widget\" data-widget_type=\"heading.default\">\n\t\t\t\t<div class=\"elementor-widget-container\">\n\t\t\t<div class=\"elementor-heading-title elementor-size-default\">Kirklareli<\/div>\t\t<\/div>\n\t\t\t\t<\/div>\n\t\t\t\t<div class=\"elementor-element elementor-element-402d0e5 elementor-widget elementor-widget-heading\" data-id=\"402d0e5\" data-element_type=\"widget\" data-widget_type=\"heading.default\">\n\t\t\t\t<div class=\"elementor-widget-container\">\n\t\t\t<div class=\"elementor-heading-title elementor-size-default\">20.03.2024<\/div>\t\t<\/div>\n\t\t\t\t<\/div>\n\t\t\t\t\t<\/div>\n\t\t<\/div>\n\t\t\t\t<div class=\"elementor-column elementor-col-20 elementor-top-column elementor-element elementor-element-8284282 pbmit-bg-color-over-image\" data-id=\"8284282\" data-element_type=\"column\">\n\t\t\t<div class=\"elementor-widget-wrap elementor-element-populated\">\n\t\t\t\t\t\t<div class=\"elementor-element elementor-element-0be3c6a pbmit-animation-none elementor-widget elementor-widget-image\" data-id=\"0be3c6a\" data-element_type=\"widget\" data-widget_type=\"image.default\">\n\t\t\t\t<div class=\"elementor-widget-container\">\n\t\t\t\t\t\t\t\t\t\t\t\t\t\t<a href=\"https:\/\/dryaseminsavas.com\/wp-content\/uploads\/2024\/06\/bKamuSon-150324.jpg\" data-elementor-open-lightbox=\"yes\" data-elementor-lightbox-title=\"bKamuSon-150324\" data-e-action-hash=\"#elementor-action%3Aaction%3Dlightbox%26settings%3DeyJpZCI6NTU4LCJ1cmwiOiJodHRwczpcL1wvZHJ5YXNlbWluc2F2YXMuY29tXC93cC1jb250ZW50XC91cGxvYWRzXC8yMDI0XC8wNlwvYkthbXVTb24tMTUwMzI0LmpwZyJ9\">\n\t\t\t\t\t\t\t<img decoding=\"async\" src=\"https:\/\/dryaseminsavas.com\/wp-content\/uploads\/elementor\/thumbs\/bKamuSon-150324-qpdcz4aur64msdt0o4yyubie9ytncz3t8kz0ny3b8g.jpg\" title=\"bKamuSon-150324\" alt=\"bKamuSon-150324\" loading=\"lazy\" \/>\t\t\t\t\t\t\t\t<\/a>\n\t\t\t\t\t\t\t\t\t\t\t\t\t<\/div>\n\t\t\t\t<\/div>\n\t\t\t\t<div class=\"elementor-element elementor-element-edc7650 elementor-widget elementor-widget-heading\" data-id=\"edc7650\" data-element_type=\"widget\" data-widget_type=\"heading.default\">\n\t\t\t\t<div class=\"elementor-widget-container\">\n\t\t\t<div class=\"elementor-heading-title elementor-size-default\">Public Last<\/div>\t\t<\/div>\n\t\t\t\t<\/div>\n\t\t\t\t<div class=\"elementor-element elementor-element-f72069e elementor-widget elementor-widget-heading\" data-id=\"f72069e\" data-element_type=\"widget\" data-widget_type=\"heading.default\">\n\t\t\t\t<div class=\"elementor-widget-container\">\n\t\t\t<div class=\"elementor-heading-title elementor-size-default\">15.03.2024<\/div>\t\t<\/div>\n\t\t\t\t<\/div>\n\t\t\t\t\t<\/div>\n\t\t<\/div>\n\t\t\t\t<div class=\"elementor-column elementor-col-20 elementor-top-column elementor-element elementor-element-7a509ad pbmit-bg-color-over-image\" data-id=\"7a509ad\" data-element_type=\"column\">\n\t\t\t<div class=\"elementor-widget-wrap elementor-element-populated\">\n\t\t\t\t\t\t<div class=\"elementor-element elementor-element-b464449 pbmit-animation-none elementor-widget elementor-widget-image\" data-id=\"b464449\" data-element_type=\"widget\" data-widget_type=\"image.default\">\n\t\t\t\t<div class=\"elementor-widget-container\">\n\t\t\t\t\t\t\t\t\t\t\t\t\t\t<a href=\"https:\/\/dryaseminsavas.com\/wp-content\/uploads\/2024\/06\/bHurses-140324.jpg\" data-elementor-open-lightbox=\"yes\" data-elementor-lightbox-title=\"bHurses-140324\" data-e-action-hash=\"#elementor-action%3Aaction%3Dlightbox%26settings%3DeyJpZCI6NTU5LCJ1cmwiOiJodHRwczpcL1wvZHJ5YXNlbWluc2F2YXMuY29tXC93cC1jb250ZW50XC91cGxvYWRzXC8yMDI0XC8wNlwvYkh1cnNlcy0xNDAzMjQuanBnIn0%3D\">\n\t\t\t\t\t\t\t<img decoding=\"async\" src=\"https:\/\/dryaseminsavas.com\/wp-content\/uploads\/elementor\/thumbs\/bHurses-140324-qpdczjc9sip7y5768bgzy7prs4ris4rimnescdh0gw.jpg\" title=\"bHurses-140324\" alt=\"bHurses-140324\" loading=\"lazy\" \/>\t\t\t\t\t\t\t\t<\/a>\n\t\t\t\t\t\t\t\t\t\t\t\t\t<\/div>\n\t\t\t\t<\/div>\n\t\t\t\t<div class=\"elementor-element elementor-element-78c3ff1 elementor-widget elementor-widget-heading\" data-id=\"78c3ff1\" data-element_type=\"widget\" data-widget_type=\"heading.default\">\n\t\t\t\t<div class=\"elementor-widget-container\">\n\t\t\t<div class=\"elementor-heading-title elementor-size-default\">H\u00fcrses<\/div>\t\t<\/div>\n\t\t\t\t<\/div>\n\t\t\t\t<div class=\"elementor-element elementor-element-a52851a elementor-widget elementor-widget-heading\" data-id=\"a52851a\" data-element_type=\"widget\" data-widget_type=\"heading.default\">\n\t\t\t\t<div class=\"elementor-widget-container\">\n\t\t\t<div class=\"elementor-heading-title elementor-size-default\">14.03.2024<\/div>\t\t<\/div>\n\t\t\t\t<\/div>\n\t\t\t\t\t<\/div>\n\t\t<\/div>\n\t\t\t\t<div class=\"elementor-column elementor-col-20 elementor-top-column elementor-element elementor-element-ef49ba7 pbmit-bg-color-over-image\" data-id=\"ef49ba7\" data-element_type=\"column\">\n\t\t\t<div class=\"elementor-widget-wrap elementor-element-populated\">\n\t\t\t\t\t\t<div class=\"elementor-element elementor-element-9ce7ab0 pbmit-animation-none elementor-widget elementor-widget-image\" data-id=\"9ce7ab0\" data-element_type=\"widget\" data-widget_type=\"image.default\">\n\t\t\t\t<div class=\"elementor-widget-container\">\n\t\t\t\t\t\t\t\t\t\t\t\t\t\t<a href=\"https:\/\/dryaseminsavas.com\/wp-content\/uploads\/2024\/06\/bHurses-140324.jpg\" data-elementor-open-lightbox=\"yes\" data-elementor-lightbox-title=\"bHurses-140324\" data-e-action-hash=\"#elementor-action%3Aaction%3Dlightbox%26settings%3DeyJpZCI6NTU5LCJ1cmwiOiJodHRwczpcL1wvZHJ5YXNlbWluc2F2YXMuY29tXC93cC1jb250ZW50XC91cGxvYWRzXC8yMDI0XC8wNlwvYkh1cnNlcy0xNDAzMjQuanBnIn0%3D\">\n\t\t\t\t\t\t\t<img decoding=\"async\" src=\"https:\/\/dryaseminsavas.com\/wp-content\/uploads\/elementor\/thumbs\/bHurses-140324-qpdczjc9sip7y5768bgzy7prs4ris4rimnescdh0gw.jpg\" title=\"bHurses-140324\" alt=\"bHurses-140324\" loading=\"lazy\" \/>\t\t\t\t\t\t\t\t<\/a>\n\t\t\t\t\t\t\t\t\t\t\t\t\t<\/div>\n\t\t\t\t<\/div>\n\t\t\t\t<div class=\"elementor-element elementor-element-e7f81b2 elementor-widget elementor-widget-heading\" data-id=\"e7f81b2\" data-element_type=\"widget\" data-widget_type=\"heading.default\">\n\t\t\t\t<div class=\"elementor-widget-container\">\n\t\t\t<div class=\"elementor-heading-title elementor-size-default\">H\u00fcrses<\/div>\t\t<\/div>\n\t\t\t\t<\/div>\n\t\t\t\t<div class=\"elementor-element elementor-element-3be3268 elementor-widget elementor-widget-heading\" data-id=\"3be3268\" data-element_type=\"widget\" data-widget_type=\"heading.default\">\n\t\t\t\t<div class=\"elementor-widget-container\">\n\t\t\t<div class=\"elementor-heading-title elementor-size-default\">14.03.2024<\/div>\t\t<\/div>\n\t\t\t\t<\/div>\n\t\t\t\t\t<\/div>\n\t\t<\/div>\n\t\t\t\t\t<\/div>\n\t\t<\/section>\n\t\t\t\t<section class=\"elementor-section elementor-top-section elementor-element elementor-element-49052f5 pbmit-col-stretched-none pbmit-bg-color-over-image elementor-section-boxed elementor-section-height-default elementor-section-height-default\" data-id=\"49052f5\" data-element_type=\"section\">\n\t\t\t\t\t\t<div class=\"elementor-container elementor-column-gap-default\">\n\t\t\t\t\t<div class=\"elementor-column elementor-col-20 elementor-top-column elementor-element elementor-element-1708385 pbmit-bg-color-over-image\" data-id=\"1708385\" data-element_type=\"column\">\n\t\t\t<div class=\"elementor-widget-wrap elementor-element-populated\">\n\t\t\t\t\t\t<div class=\"elementor-element elementor-element-196de88 pbmit-animation-none elementor-widget elementor-widget-image\" data-id=\"196de88\" data-element_type=\"widget\" data-widget_type=\"image.default\">\n\t\t\t\t<div class=\"elementor-widget-container\">\n\t\t\t\t\t\t\t\t\t\t\t\t\t\t<a href=\"https:\/\/dryaseminsavas.com\/wp-content\/uploads\/2024\/06\/bHasret-140324.jpg\" data-elementor-open-lightbox=\"yes\" data-elementor-lightbox-title=\"bHasret-140324\" data-e-action-hash=\"#elementor-action%3Aaction%3Dlightbox%26settings%3DeyJpZCI6NTYwLCJ1cmwiOiJodHRwczpcL1wvZHJ5YXNlbWluc2F2YXMuY29tXC93cC1jb250ZW50XC91cGxvYWRzXC8yMDI0XC8wNlwvYkhhc3JldC0xNDAzMjQuanBnIn0%3D\">\n\t\t\t\t\t\t\t<img decoding=\"async\" src=\"https:\/\/dryaseminsavas.com\/wp-content\/uploads\/elementor\/thumbs\/bHasret-140324-qpdd032vs1g8pyei1205wkqg98289rxvpd3zf6nqu8.jpg\" title=\"bHasret-140324\" alt=\"bHasret-140324\" loading=\"lazy\" \/>\t\t\t\t\t\t\t\t<\/a>\n\t\t\t\t\t\t\t\t\t\t\t\t\t<\/div>\n\t\t\t\t<\/div>\n\t\t\t\t<div class=\"elementor-element elementor-element-6abdf67 elementor-widget elementor-widget-heading\" data-id=\"6abdf67\" data-element_type=\"widget\" data-widget_type=\"heading.default\">\n\t\t\t\t<div class=\"elementor-widget-container\">\n\t\t\t<div class=\"elementor-heading-title elementor-size-default\">Longing<\/div>\t\t<\/div>\n\t\t\t\t<\/div>\n\t\t\t\t<div class=\"elementor-element elementor-element-d43e6ad elementor-widget elementor-widget-heading\" data-id=\"d43e6ad\" data-element_type=\"widget\" data-widget_type=\"heading.default\">\n\t\t\t\t<div class=\"elementor-widget-container\">\n\t\t\t<div class=\"elementor-heading-title elementor-size-default\">14.03.2024<\/div>\t\t<\/div>\n\t\t\t\t<\/div>\n\t\t\t\t\t<\/div>\n\t\t<\/div>\n\t\t\t\t<div class=\"elementor-column elementor-col-20 elementor-top-column elementor-element elementor-element-c4a4979 pbmit-bg-color-over-image\" data-id=\"c4a4979\" data-element_type=\"column\">\n\t\t\t<div class=\"elementor-widget-wrap\">\n\t\t\t\t\t\t\t<\/div>\n\t\t<\/div>\n\t\t\t\t<div class=\"elementor-column elementor-col-20 elementor-top-column elementor-element elementor-element-16afe46 pbmit-bg-color-over-image\" data-id=\"16afe46\" data-element_type=\"column\">\n\t\t\t<div class=\"elementor-widget-wrap\">\n\t\t\t\t\t\t\t<\/div>\n\t\t<\/div>\n\t\t\t\t<div class=\"elementor-column elementor-col-20 elementor-top-column elementor-element elementor-element-1075012 pbmit-bg-color-over-image\" data-id=\"1075012\" data-element_type=\"column\">\n\t\t\t<div class=\"elementor-widget-wrap\">\n\t\t\t\t\t\t\t<\/div>\n\t\t<\/div>\n\t\t\t\t<div class=\"elementor-column elementor-col-20 elementor-top-column elementor-element elementor-element-9e4ce17 pbmit-bg-color-over-image\" data-id=\"9e4ce17\" data-element_type=\"column\">\n\t\t\t<div class=\"elementor-widget-wrap\">\n\t\t\t\t\t\t\t<\/div>\n\t\t<\/div>\n\t\t\t\t\t<\/div>\n\t\t<\/section>\n\t\t\t\t<\/div>\n\t\t","protected":false},"excerpt":{"rendered":"<p>Eskisehir City 22.03.2024 Kirklareli 20.03.2024 Public Last 15.03.2024 H\u00fcrses 14.03.2024 H\u00fcrses 14.03.2024 Longing 14.03.2024<\/p>\n","protected":false},"author":1,"featured_media":0,"parent":0,"menu_order":0,"comment_status":"closed","ping_status":"closed","template":"","meta":{"_acf_changed":false,"inline_featured_image":false,"footnotes":""},"class_list":["post-3297","page","type-page","status-publish","hentry"],"acf":[],"yoast_head":"<!-- This site is optimized with the Yoast SEO plugin v26.6 - https:\/\/yoast.com\/wordpress\/plugins\/seo\/ -->\n<title>Dr. Yasemin Sava\u015f in the press - Dr. Yasemin Sava\u015f<\/title>\n<meta name=\"robots\" content=\"index, follow, max-snippet:-1, max-image-preview:large, max-video-preview:-1\" \/>\n<link rel=\"canonical\" href=\"https:\/\/dryaseminsavas.com\/en\/dr-yasemin-savas-in-the-press\/\" \/>\n<meta property=\"og:locale\" content=\"en_US\" \/>\n<meta property=\"og:type\" content=\"article\" \/>\n<meta property=\"og:title\" content=\"Dr. Yasemin Sava\u015f in the press - Dr. Yasemin Sava\u015f\" \/>\n<meta property=\"og:description\" content=\"Eskisehir City 22.03.2024 Kirklareli 20.03.2024 Public Last 15.03.2024 H\u00fcrses 14.03.2024 H\u00fcrses 14.03.2024 Longing 14.03.2024\" \/>\n<meta property=\"og:url\" content=\"https:\/\/dryaseminsavas.com\/en\/dr-yasemin-savas-in-the-press\/\" \/>\n<meta property=\"og:site_name\" content=\"Dr. Yasemin Sava\u015f\" \/>\n<meta property=\"article:modified_time\" content=\"2024-10-28T10:47:47+00:00\" \/>\n<meta property=\"og:image\" content=\"https:\/\/dryaseminsavas.com\/wp-content\/uploads\/elementor\/thumbs\/bEskisehirSehir-220324-qpdcqoozfol0mc20wzqgyy4ieie3aqmieu96nklh28.jpg\" \/>\n<meta name=\"twitter:card\" content=\"summary_large_image\" \/>\n<meta name=\"twitter:label1\" content=\"Est. reading time\" \/>\n\t<meta name=\"twitter:data1\" content=\"2 minutes\" \/>\n<script type=\"application\/ld+json\" class=\"yoast-schema-graph\">{\"@context\":\"https:\/\/schema.org\",\"@graph\":[{\"@type\":\"WebPage\",\"@id\":\"https:\/\/dryaseminsavas.com\/en\/dr-yasemin-savas-in-the-press\/\",\"url\":\"https:\/\/dryaseminsavas.com\/en\/dr-yasemin-savas-in-the-press\/\",\"name\":\"Dr. Yasemin Sava\u015f in the press - Dr. Yasemin Sava\u015f\",\"isPartOf\":{\"@id\":\"https:\/\/dryaseminsavas.com\/en\/#website\"},\"primaryImageOfPage\":{\"@id\":\"https:\/\/dryaseminsavas.com\/en\/dr-yasemin-savas-in-the-press\/#primaryimage\"},\"image\":{\"@id\":\"https:\/\/dryaseminsavas.com\/en\/dr-yasemin-savas-in-the-press\/#primaryimage\"},\"thumbnailUrl\":\"https:\/\/dryaseminsavas.com\/wp-content\/uploads\/elementor\/thumbs\/bEskisehirSehir-220324-qpdcqoozfol0mc20wzqgyy4ieie3aqmieu96nklh28.jpg\",\"datePublished\":\"2024-06-08T18:53:27+00:00\",\"dateModified\":\"2024-10-28T10:47:47+00:00\",\"breadcrumb\":{\"@id\":\"https:\/\/dryaseminsavas.com\/en\/dr-yasemin-savas-in-the-press\/#breadcrumb\"},\"inLanguage\":\"en-US\",\"potentialAction\":[{\"@type\":\"ReadAction\",\"target\":[\"https:\/\/dryaseminsavas.com\/en\/dr-yasemin-savas-in-the-press\/\"]}]},{\"@type\":\"ImageObject\",\"inLanguage\":\"en-US\",\"@id\":\"https:\/\/dryaseminsavas.com\/en\/dr-yasemin-savas-in-the-press\/#primaryimage\",\"url\":\"https:\/\/dryaseminsavas.com\/wp-content\/uploads\/elementor\/thumbs\/bEskisehirSehir-220324-qpdcqoozfol0mc20wzqgyy4ieie3aqmieu96nklh28.jpg\",\"contentUrl\":\"https:\/\/dryaseminsavas.com\/wp-content\/uploads\/elementor\/thumbs\/bEskisehirSehir-220324-qpdcqoozfol0mc20wzqgyy4ieie3aqmieu96nklh28.jpg\"},{\"@type\":\"BreadcrumbList\",\"@id\":\"https:\/\/dryaseminsavas.com\/en\/dr-yasemin-savas-in-the-press\/#breadcrumb\",\"itemListElement\":[{\"@type\":\"ListItem\",\"position\":1,\"name\":\"Dr. Yasemin Sava\u015f\",\"item\":\"https:\/\/dryaseminsavas.com\/en\/homepage\/\"},{\"@type\":\"ListItem\",\"position\":2,\"name\":\"Dr. Yasemin Sava\u015f in the press\"}]},{\"@type\":\"WebSite\",\"@id\":\"https:\/\/dryaseminsavas.com\/en\/#website\",\"url\":\"https:\/\/dryaseminsavas.com\/en\/\",\"name\":\"Dr. Yasemin Sava\u015f\",\"description\":\"Kaliteli Ya\u015fam Klini\u011fi\",\"publisher\":{\"@id\":\"https:\/\/dryaseminsavas.com\/en\/#organization\"},\"potentialAction\":[{\"@type\":\"SearchAction\",\"target\":{\"@type\":\"EntryPoint\",\"urlTemplate\":\"https:\/\/dryaseminsavas.com\/en\/?s={search_term_string}\"},\"query-input\":{\"@type\":\"PropertyValueSpecification\",\"valueRequired\":true,\"valueName\":\"search_term_string\"}}],\"inLanguage\":\"en-US\"},{\"@type\":\"Organization\",\"@id\":\"https:\/\/dryaseminsavas.com\/en\/#organization\",\"name\":\"Dr. Yasemin Sava\u015f\",\"url\":\"https:\/\/dryaseminsavas.com\/en\/\",\"logo\":{\"@type\":\"ImageObject\",\"inLanguage\":\"en-US\",\"@id\":\"https:\/\/dryaseminsavas.com\/en\/#\/schema\/logo\/image\/\",\"url\":\"https:\/\/dryaseminsavas.com\/wp-content\/uploads\/2024\/06\/dryaseminsavas-logo.png\",\"contentUrl\":\"https:\/\/dryaseminsavas.com\/wp-content\/uploads\/2024\/06\/dryaseminsavas-logo.png\",\"width\":378,\"height\":88,\"caption\":\"Dr. Yasemin Sava\u015f\"},\"image\":{\"@id\":\"https:\/\/dryaseminsavas.com\/en\/#\/schema\/logo\/image\/\"}}]}<\/script>\n<!-- \/ Yoast SEO plugin. -->","yoast_head_json":{"title":"Dr. Yasemin Sava\u015f in the press - Dr. Yasemin Sava\u015f","robots":{"index":"index","follow":"follow","max-snippet":"max-snippet:-1","max-image-preview":"max-image-preview:large","max-video-preview":"max-video-preview:-1"},"canonical":"https:\/\/dryaseminsavas.com\/en\/dr-yasemin-savas-in-the-press\/","og_locale":"en_US","og_type":"article","og_title":"Dr. Yasemin Sava\u015f in the press - Dr. Yasemin Sava\u015f","og_description":"Eskisehir City 22.03.2024 Kirklareli 20.03.2024 Public Last 15.03.2024 H\u00fcrses 14.03.2024 H\u00fcrses 14.03.2024 Longing 14.03.2024","og_url":"https:\/\/dryaseminsavas.com\/en\/dr-yasemin-savas-in-the-press\/","og_site_name":"Dr. Yasemin Sava\u015f","article_modified_time":"2024-10-28T10:47:47+00:00","og_image":[{"url":"https:\/\/dryaseminsavas.com\/wp-content\/uploads\/elementor\/thumbs\/bEskisehirSehir-220324-qpdcqoozfol0mc20wzqgyy4ieie3aqmieu96nklh28.jpg","type":"","width":"","height":""}],"twitter_card":"summary_large_image","twitter_misc":{"Est. reading time":"2 minutes"},"schema":{"@context":"https:\/\/schema.org","@graph":[{"@type":"WebPage","@id":"https:\/\/dryaseminsavas.com\/en\/dr-yasemin-savas-in-the-press\/","url":"https:\/\/dryaseminsavas.com\/en\/dr-yasemin-savas-in-the-press\/","name":"Dr. Yasemin Sava\u015f in the press - Dr. Yasemin Sava\u015f","isPartOf":{"@id":"https:\/\/dryaseminsavas.com\/en\/#website"},"primaryImageOfPage":{"@id":"https:\/\/dryaseminsavas.com\/en\/dr-yasemin-savas-in-the-press\/#primaryimage"},"image":{"@id":"https:\/\/dryaseminsavas.com\/en\/dr-yasemin-savas-in-the-press\/#primaryimage"},"thumbnailUrl":"https:\/\/dryaseminsavas.com\/wp-content\/uploads\/elementor\/thumbs\/bEskisehirSehir-220324-qpdcqoozfol0mc20wzqgyy4ieie3aqmieu96nklh28.jpg","datePublished":"2024-06-08T18:53:27+00:00","dateModified":"2024-10-28T10:47:47+00:00","breadcrumb":{"@id":"https:\/\/dryaseminsavas.com\/en\/dr-yasemin-savas-in-the-press\/#breadcrumb"},"inLanguage":"en-US","potentialAction":[{"@type":"ReadAction","target":["https:\/\/dryaseminsavas.com\/en\/dr-yasemin-savas-in-the-press\/"]}]},{"@type":"ImageObject","inLanguage":"en-US","@id":"https:\/\/dryaseminsavas.com\/en\/dr-yasemin-savas-in-the-press\/#primaryimage","url":"https:\/\/dryaseminsavas.com\/wp-content\/uploads\/elementor\/thumbs\/bEskisehirSehir-220324-qpdcqoozfol0mc20wzqgyy4ieie3aqmieu96nklh28.jpg","contentUrl":"https:\/\/dryaseminsavas.com\/wp-content\/uploads\/elementor\/thumbs\/bEskisehirSehir-220324-qpdcqoozfol0mc20wzqgyy4ieie3aqmieu96nklh28.jpg"},{"@type":"BreadcrumbList","@id":"https:\/\/dryaseminsavas.com\/en\/dr-yasemin-savas-in-the-press\/#breadcrumb","itemListElement":[{"@type":"ListItem","position":1,"name":"Dr. Yasemin Sava\u015f","item":"https:\/\/dryaseminsavas.com\/en\/homepage\/"},{"@type":"ListItem","position":2,"name":"Dr. Yasemin Sava\u015f in the press"}]},{"@type":"WebSite","@id":"https:\/\/dryaseminsavas.com\/en\/#website","url":"https:\/\/dryaseminsavas.com\/en\/","name":"Dr. Yasemin Sava\u015f","description":"Kaliteli Ya\u015fam Klini\u011fi","publisher":{"@id":"https:\/\/dryaseminsavas.com\/en\/#organization"},"potentialAction":[{"@type":"SearchAction","target":{"@type":"EntryPoint","urlTemplate":"https:\/\/dryaseminsavas.com\/en\/?s={search_term_string}"},"query-input":{"@type":"PropertyValueSpecification","valueRequired":true,"valueName":"search_term_string"}}],"inLanguage":"en-US"},{"@type":"Organization","@id":"https:\/\/dryaseminsavas.com\/en\/#organization","name":"Dr. Yasemin Sava\u015f","url":"https:\/\/dryaseminsavas.com\/en\/","logo":{"@type":"ImageObject","inLanguage":"en-US","@id":"https:\/\/dryaseminsavas.com\/en\/#\/schema\/logo\/image\/","url":"https:\/\/dryaseminsavas.com\/wp-content\/uploads\/2024\/06\/dryaseminsavas-logo.png","contentUrl":"https:\/\/dryaseminsavas.com\/wp-content\/uploads\/2024\/06\/dryaseminsavas-logo.png","width":378,"height":88,"caption":"Dr. Yasemin Sava\u015f"},"image":{"@id":"https:\/\/dryaseminsavas.com\/en\/#\/schema\/logo\/image\/"}}]}},"_links":{"self":[{"href":"https:\/\/dryaseminsavas.com\/en\/wp-json\/wp\/v2\/pages\/3297","targetHints":{"allow":["GET"]}}],"collection":[{"href":"https:\/\/dryaseminsavas.com\/en\/wp-json\/wp\/v2\/pages"}],"about":[{"href":"https:\/\/dryaseminsavas.com\/en\/wp-json\/wp\/v2\/types\/page"}],"author":[{"embeddable":true,"href":"https:\/\/dryaseminsavas.com\/en\/wp-json\/wp\/v2\/users\/1"}],"replies":[{"embeddable":true,"href":"https:\/\/dryaseminsavas.com\/en\/wp-json\/wp\/v2\/comments?post=3297"}],"version-history":[{"count":0,"href":"https:\/\/dryaseminsavas.com\/en\/wp-json\/wp\/v2\/pages\/3297\/revisions"}],"wp:attachment":[{"href":"https:\/\/dryaseminsavas.com\/en\/wp-json\/wp\/v2\/media?parent=3297"}],"curies":[{"name":"wp","href":"https:\/\/api.w.org\/{rel}","templated":true}]}}