{"id":3333,"date":"2024-09-27T06:30:25","date_gmt":"2024-09-27T06:30:25","guid":{"rendered":"https:\/\/dryaseminsavas.com\/hand-foot-care\/"},"modified":"2024-11-15T13:18:43","modified_gmt":"2024-11-15T13:18:43","slug":"hand-foot-care","status":"publish","type":"page","link":"https:\/\/dryaseminsavas.com\/en\/hand-foot-care\/","title":{"rendered":"Hand Foot Care"},"content":{"rendered":"\t\t<div data-elementor-type=\"wp-page\" data-elementor-id=\"3333\" class=\"elementor elementor-3333 elementor-2359\" data-elementor-post-type=\"page\">\n\t\t\t\t\t\t<section class=\"elementor-section elementor-top-section elementor-element elementor-element-4f9c157 pbmit-col-stretched-none pbmit-bg-color-over-image elementor-section-boxed elementor-section-height-default elementor-section-height-default\" data-id=\"4f9c157\" data-element_type=\"section\">\n\t\t\t\t\t\t<div class=\"elementor-container elementor-column-gap-default\">\n\t\t\t\t\t<div class=\"elementor-column elementor-col-100 elementor-top-column elementor-element elementor-element-a3efb42 pbmit-bg-color-over-image\" data-id=\"a3efb42\" data-element_type=\"column\">\n\t\t\t<div class=\"elementor-widget-wrap elementor-element-populated\">\n\t\t\t\t\t\t<div class=\"elementor-element elementor-element-6b8d337 elementor-widget elementor-widget-text-editor\" data-id=\"6b8d337\" data-element_type=\"widget\" data-widget_type=\"text-editor.default\">\n\t\t\t\t<div class=\"elementor-widget-container\">\n\t\t\t<style>\/*! elementor - v3.22.0 - 26-06-2024 *\/\n.elementor-widget-text-editor.elementor-drop-cap-view-stacked .elementor-drop-cap{background-color:#69727d;color:#fff}.elementor-widget-text-editor.elementor-drop-cap-view-framed .elementor-drop-cap{color:#69727d;border:3px solid;background-color:transparent}.elementor-widget-text-editor:not(.elementor-drop-cap-view-default) .elementor-drop-cap{margin-top:8px}.elementor-widget-text-editor:not(.elementor-drop-cap-view-default) .elementor-drop-cap-letter{width:1em;height:1em}.elementor-widget-text-editor .elementor-drop-cap{float:left;text-align:center;line-height:1;font-size:50px}.elementor-widget-text-editor .elementor-drop-cap-letter{display:inline-block}<\/style>\t\t\t\t<p>With 29 years of deep experience, we specialize in skin care and non-surgical aesthetic applications. As Yasemin Sava\u015f, the services offered in our practice include fillers, botox, skin rejuvenation, regional thinning and many other non-surgical aesthetic applications. We also offer solutions for hair and immune system strengthening treatments. For more information about our applications and treatments, please see the details below.   <\/p>\n\t\t\t\t\t\t<\/div>\n\t\t\t\t<\/div>\n\t\t\t\t\t<\/div>\n\t\t<\/div>\n\t\t\t\t\t<\/div>\n\t\t<\/section>\n\t\t\t\t<section class=\"elementor-section elementor-top-section elementor-element elementor-element-d414aa3 pbmit-col-stretched-none pbmit-bg-color-over-image elementor-section-boxed elementor-section-height-default elementor-section-height-default\" data-id=\"d414aa3\" data-element_type=\"section\">\n\t\t\t\t\t\t<div class=\"elementor-container elementor-column-gap-default\">\n\t\t\t\t\t<div class=\"elementor-column elementor-col-25 elementor-top-column elementor-element elementor-element-99d831f pbmit-bg-color-over-image\" data-id=\"99d831f\" data-element_type=\"column\">\n\t\t\t<div class=\"elementor-widget-wrap elementor-element-populated\">\n\t\t\t\t\t\t<div class=\"elementor-element elementor-element-e653e65 elementor-position-top elementor-widget elementor-widget-image-box\" data-id=\"e653e65\" data-element_type=\"widget\" data-widget_type=\"image-box.default\">\n\t\t\t\t<div class=\"elementor-widget-container\">\n\t\t\t<style>.elementor-widget-image-box .elementor-image-box-content{width:100%}@media (min-width:768px){.elementor-widget-image-box.elementor-position-left .elementor-image-box-wrapper,.elementor-widget-image-box.elementor-position-right .elementor-image-box-wrapper{display:flex}.elementor-widget-image-box.elementor-position-right .elementor-image-box-wrapper{text-align:end;flex-direction:row-reverse}.elementor-widget-image-box.elementor-position-left .elementor-image-box-wrapper{text-align:start;flex-direction:row}.elementor-widget-image-box.elementor-position-top .elementor-image-box-img{margin:auto}.elementor-widget-image-box.elementor-vertical-align-top .elementor-image-box-wrapper{align-items:flex-start}.elementor-widget-image-box.elementor-vertical-align-middle .elementor-image-box-wrapper{align-items:center}.elementor-widget-image-box.elementor-vertical-align-bottom .elementor-image-box-wrapper{align-items:flex-end}}@media (max-width:767px){.elementor-widget-image-box .elementor-image-box-img{margin-left:auto!important;margin-right:auto!important;margin-bottom:15px}}.elementor-widget-image-box .elementor-image-box-img{display:inline-block}.elementor-widget-image-box .elementor-image-box-title a{color:inherit}.elementor-widget-image-box .elementor-image-box-wrapper{text-align:center}.elementor-widget-image-box .elementor-image-box-description{margin:0}<\/style><div class=\"elementor-image-box-wrapper\"><figure class=\"elementor-image-box-img\"><a href=\"https:\/\/dryaseminsavas.com\/tirnak-mantari-tedavisi\" tabindex=\"-1\"><img decoding=\"async\" src=\"https:\/\/dryaseminsavas.com\/wp-content\/uploads\/elementor\/thumbs\/Tirnak-Mantari-Tedavisi-quc695a20tuflqztmz7wd87pbnoukfjhw55ek25yyg.jpg\" title=\"T\u0131rnak Mantar\u0131 Tedavisi\" alt=\"T\u0131rnak Mantar\u0131 Tedavisi\" loading=\"lazy\" \/><\/a><\/figure><div class=\"elementor-image-box-content\"><div class=\"elementor-image-box-title\"><a href=\"https:\/\/dryaseminsavas.com\/tirnak-mantari-tedavisi\">Nail Fungus Treatment<\/a><\/div><\/div><\/div>\t\t<\/div>\n\t\t\t\t<\/div>\n\t\t\t\t\t<\/div>\n\t\t<\/div>\n\t\t\t\t<div class=\"elementor-column elementor-col-25 elementor-top-column elementor-element elementor-element-8847588 pbmit-bg-color-over-image\" data-id=\"8847588\" data-element_type=\"column\">\n\t\t\t<div class=\"elementor-widget-wrap elementor-element-populated\">\n\t\t\t\t\t\t<div class=\"elementor-element elementor-element-c6fb8d7 elementor-position-top elementor-widget elementor-widget-image-box\" data-id=\"c6fb8d7\" data-element_type=\"widget\" data-widget_type=\"image-box.default\">\n\t\t\t\t<div class=\"elementor-widget-container\">\n\t\t\t<div class=\"elementor-image-box-wrapper\"><figure class=\"elementor-image-box-img\"><a href=\"https:\/\/dryaseminsavas.com\/batik-tirnak-tedavisi\" tabindex=\"-1\"><img decoding=\"async\" src=\"https:\/\/dryaseminsavas.com\/wp-content\/uploads\/elementor\/thumbs\/Batik-Tirnak-Tedavisi-quc66fiua24m2axthsyp5wvrjl2obwreupawna6wxk.jpg\" title=\"Bat\u0131k T\u0131rnak Tedavisi\" alt=\"Bat\u0131k T\u0131rnak Tedavisi\" loading=\"lazy\" \/><\/a><\/figure><div class=\"elementor-image-box-content\"><div class=\"elementor-image-box-title\"><a href=\"https:\/\/dryaseminsavas.com\/batik-tirnak-tedavisi\">Ingrown Nail Treatment<\/a><\/div><\/div><\/div>\t\t<\/div>\n\t\t\t\t<\/div>\n\t\t\t\t\t<\/div>\n\t\t<\/div>\n\t\t\t\t<div class=\"elementor-column elementor-col-25 elementor-top-column elementor-element elementor-element-bbd4698 pbmit-bg-color-over-image\" data-id=\"bbd4698\" data-element_type=\"column\">\n\t\t\t<div class=\"elementor-widget-wrap elementor-element-populated\">\n\t\t\t\t\t\t<div class=\"elementor-element elementor-element-76477d7 elementor-position-top elementor-widget elementor-widget-image-box\" data-id=\"76477d7\" data-element_type=\"widget\" data-widget_type=\"image-box.default\">\n\t\t\t\t<div class=\"elementor-widget-container\">\n\t\t\t<div class=\"elementor-image-box-wrapper\"><figure class=\"elementor-image-box-img\"><a href=\"https:\/\/dryaseminsavas.com\/nasir-tedavisi\" tabindex=\"-1\"><img decoding=\"async\" src=\"https:\/\/dryaseminsavas.com\/wp-content\/uploads\/elementor\/thumbs\/Nasir-Tedavisi-quc68e0qimt4923f25fpux3c3hf7d7ja4e8bn1adyw.jpg\" title=\"Nas\u0131r Tedavisi\" alt=\"Nas\u0131r Tedavisi\" loading=\"lazy\" \/><\/a><\/figure><div class=\"elementor-image-box-content\"><div class=\"elementor-image-box-title\"><a href=\"https:\/\/dryaseminsavas.com\/nasir-tedavisi\">Callus Treatment<\/a><\/div><\/div><\/div>\t\t<\/div>\n\t\t\t\t<\/div>\n\t\t\t\t\t<\/div>\n\t\t<\/div>\n\t\t\t\t<div class=\"elementor-column elementor-col-25 elementor-top-column elementor-element elementor-element-9dc8f89 pbmit-bg-color-over-image\" data-id=\"9dc8f89\" data-element_type=\"column\">\n\t\t\t<div class=\"elementor-widget-wrap elementor-element-populated\">\n\t\t\t\t\t\t<div class=\"elementor-element elementor-element-0af68a8 elementor-position-top elementor-widget elementor-widget-image-box\" data-id=\"0af68a8\" data-element_type=\"widget\" data-widget_type=\"image-box.default\">\n\t\t\t\t<div class=\"elementor-widget-container\">\n\t\t\t<div class=\"elementor-image-box-wrapper\"><figure class=\"elementor-image-box-img\"><a href=\"https:\/\/dryaseminsavas.com\/topuk-catlagi-tedavisi\" tabindex=\"-1\"><img decoding=\"async\" src=\"https:\/\/dryaseminsavas.com\/wp-content\/uploads\/elementor\/thumbs\/Topuk-Catlagi-Tedavisi-qupormm9cnum2c8ed7jc30cm1f1fapti8s0xpn9p2w.jpg\" title=\"Topuk \u00c7atla\u011f\u0131 Tedavisi\" alt=\"Topuk \u00c7atla\u011f\u0131 Tedavisi\" loading=\"lazy\" \/><\/a><\/figure><div class=\"elementor-image-box-content\"><div class=\"elementor-image-box-title\"><a href=\"https:\/\/dryaseminsavas.com\/topuk-catlagi-tedavisi\">Heel Crack Treatment<\/a><\/div><\/div><\/div>\t\t<\/div>\n\t\t\t\t<\/div>\n\t\t\t\t\t<\/div>\n\t\t<\/div>\n\t\t\t\t\t<\/div>\n\t\t<\/section>\n\t\t\t\t<section class=\"elementor-section elementor-top-section elementor-element elementor-element-1ea3d0b pbmit-col-stretched-none pbmit-bg-color-over-image elementor-section-boxed elementor-section-height-default elementor-section-height-default\" data-id=\"1ea3d0b\" data-element_type=\"section\">\n\t\t\t\t\t\t<div class=\"elementor-container elementor-column-gap-default\">\n\t\t\t\t\t<div class=\"elementor-column elementor-col-25 elementor-top-column elementor-element elementor-element-79bbb08 pbmit-bg-color-over-image\" data-id=\"79bbb08\" data-element_type=\"column\">\n\t\t\t<div class=\"elementor-widget-wrap elementor-element-populated\">\n\t\t\t\t\t\t<div class=\"elementor-element elementor-element-da959d5 elementor-position-top elementor-widget elementor-widget-image-box\" data-id=\"da959d5\" data-element_type=\"widget\" data-widget_type=\"image-box.default\">\n\t\t\t\t<div class=\"elementor-widget-container\">\n\t\t\t<div class=\"elementor-image-box-wrapper\"><figure class=\"elementor-image-box-img\"><a href=\"https:\/\/dryaseminsavas.com\/medikal-ayak-bakimi\" tabindex=\"-1\"><img decoding=\"async\" src=\"https:\/\/dryaseminsavas.com\/wp-content\/uploads\/elementor\/thumbs\/Medikal-Ayak-Bakimi-Tedavisi-quc676s5s95xezu82mqvo804rrcbj4rmmg7zkb2hx4.jpg\" title=\"Medikal Ayak Bak\u0131m\u0131 Tedavisi\" alt=\"Medikal Ayak Bak\u0131m\u0131 Tedavisi\" loading=\"lazy\" \/><\/a><\/figure><div class=\"elementor-image-box-content\"><div class=\"elementor-image-box-title\"><a href=\"https:\/\/dryaseminsavas.com\/medikal-ayak-bakimi\">Medical Foot Care Treatment<\/a><\/div><\/div><\/div>\t\t<\/div>\n\t\t\t\t<\/div>\n\t\t\t\t\t<\/div>\n\t\t<\/div>\n\t\t\t\t<div class=\"elementor-column elementor-col-25 elementor-top-column elementor-element elementor-element-51e484e pbmit-bg-color-over-image\" data-id=\"51e484e\" data-element_type=\"column\">\n\t\t\t<div class=\"elementor-widget-wrap elementor-element-populated\">\n\t\t\t\t\t\t<div class=\"elementor-element elementor-element-383c6ce elementor-position-top elementor-widget elementor-widget-image-box\" data-id=\"383c6ce\" data-element_type=\"widget\" data-widget_type=\"image-box.default\">\n\t\t\t\t<div class=\"elementor-widget-container\">\n\t\t\t<div class=\"elementor-image-box-wrapper\"><figure class=\"elementor-image-box-img\"><a href=\"https:\/\/dryaseminsavas.com\/medikal-el-bakimi\" tabindex=\"-1\"><img decoding=\"async\" src=\"https:\/\/dryaseminsavas.com\/wp-content\/uploads\/elementor\/thumbs\/Medikal-El-Bakimi-Tedavisi-quc67tcaca0t5mxgewhxc2b71094nv96pjvn2y51rs.jpg\" title=\"Medikal El Bak\u0131m\u0131 Tedavisi\" alt=\"Medikal El Bak\u0131m\u0131 Tedavisi\" loading=\"lazy\" \/><\/a><\/figure><div class=\"elementor-image-box-content\"><div class=\"elementor-image-box-title\"><a href=\"https:\/\/dryaseminsavas.com\/medikal-el-bakimi\">Medical Hand Care Treatment<\/a><\/div><\/div><\/div>\t\t<\/div>\n\t\t\t\t<\/div>\n\t\t\t\t\t<\/div>\n\t\t<\/div>\n\t\t\t\t<div class=\"elementor-column elementor-col-25 elementor-top-column elementor-element elementor-element-6e1148e pbmit-bg-color-over-image\" data-id=\"6e1148e\" data-element_type=\"column\">\n\t\t\t<div class=\"elementor-widget-wrap\">\n\t\t\t\t\t\t\t<\/div>\n\t\t<\/div>\n\t\t\t\t<div class=\"elementor-column elementor-col-25 elementor-top-column elementor-element elementor-element-b7e8411 pbmit-bg-color-over-image\" data-id=\"b7e8411\" data-element_type=\"column\">\n\t\t\t<div class=\"elementor-widget-wrap\">\n\t\t\t\t\t\t\t<\/div>\n\t\t<\/div>\n\t\t\t\t\t<\/div>\n\t\t<\/section>\n\t\t\t\t<\/div>\n\t\t","protected":false},"excerpt":{"rendered":"<p>With 29 years of deep experience, we specialize in skin care and non-surgical aesthetic applications. As Yasemin Sava\u015f, the services offered in our practice include fillers, botox, skin rejuvenation, regional thinning and many other non-surgical aesthetic applications. We also offer solutions for hair and immune system strengthening treatments. For more information about our applications and [&hellip;]<\/p>\n","protected":false},"author":1,"featured_media":0,"parent":0,"menu_order":0,"comment_status":"closed","ping_status":"closed","template":"","meta":{"_acf_changed":false,"inline_featured_image":false,"footnotes":""},"class_list":["post-3333","page","type-page","status-publish","hentry"],"acf":[],"yoast_head":"<!-- This site is optimized with the Yoast SEO plugin v26.6 - https:\/\/yoast.com\/wordpress\/plugins\/seo\/ -->\n<title>Hand Foot Care - Dr. Yasemin Sava\u015f<\/title>\n<meta name=\"robots\" content=\"index, follow, max-snippet:-1, max-image-preview:large, max-video-preview:-1\" \/>\n<link rel=\"canonical\" href=\"https:\/\/dryaseminsavas.com\/en\/hand-foot-care\/\" \/>\n<meta property=\"og:locale\" content=\"en_US\" \/>\n<meta property=\"og:type\" content=\"article\" \/>\n<meta property=\"og:title\" content=\"Hand Foot Care - Dr. Yasemin Sava\u015f\" \/>\n<meta property=\"og:description\" content=\"With 29 years of deep experience, we specialize in skin care and non-surgical aesthetic applications. As Yasemin Sava\u015f, the services offered in our practice include fillers, botox, skin rejuvenation, regional thinning and many other non-surgical aesthetic applications. We also offer solutions for hair and immune system strengthening treatments. For more information about our applications and [&hellip;]\" \/>\n<meta property=\"og:url\" content=\"https:\/\/dryaseminsavas.com\/en\/hand-foot-care\/\" \/>\n<meta property=\"og:site_name\" content=\"Dr. Yasemin Sava\u015f\" \/>\n<meta property=\"article:modified_time\" content=\"2024-11-15T13:18:43+00:00\" \/>\n<meta property=\"og:image\" content=\"https:\/\/dryaseminsavas.com\/wp-content\/uploads\/elementor\/thumbs\/Tirnak-Mantari-Tedavisi-quc695a20tuflqztmz7wd87pbnoukfjhw55ek25yyg.jpg\" \/>\n<meta name=\"twitter:card\" content=\"summary_large_image\" \/>\n<meta name=\"twitter:label1\" content=\"Est. reading time\" \/>\n\t<meta name=\"twitter:data1\" content=\"2 minutes\" \/>\n<script type=\"application\/ld+json\" class=\"yoast-schema-graph\">{\"@context\":\"https:\/\/schema.org\",\"@graph\":[{\"@type\":\"WebPage\",\"@id\":\"https:\/\/dryaseminsavas.com\/en\/hand-foot-care\/\",\"url\":\"https:\/\/dryaseminsavas.com\/en\/hand-foot-care\/\",\"name\":\"Hand Foot Care - Dr. Yasemin Sava\u015f\",\"isPartOf\":{\"@id\":\"https:\/\/dryaseminsavas.com\/en\/#website\"},\"primaryImageOfPage\":{\"@id\":\"https:\/\/dryaseminsavas.com\/en\/hand-foot-care\/#primaryimage\"},\"image\":{\"@id\":\"https:\/\/dryaseminsavas.com\/en\/hand-foot-care\/#primaryimage\"},\"thumbnailUrl\":\"https:\/\/dryaseminsavas.com\/wp-content\/uploads\/elementor\/thumbs\/Tirnak-Mantari-Tedavisi-quc695a20tuflqztmz7wd87pbnoukfjhw55ek25yyg.jpg\",\"datePublished\":\"2024-09-27T06:30:25+00:00\",\"dateModified\":\"2024-11-15T13:18:43+00:00\",\"breadcrumb\":{\"@id\":\"https:\/\/dryaseminsavas.com\/en\/hand-foot-care\/#breadcrumb\"},\"inLanguage\":\"en-US\",\"potentialAction\":[{\"@type\":\"ReadAction\",\"target\":[\"https:\/\/dryaseminsavas.com\/en\/hand-foot-care\/\"]}]},{\"@type\":\"ImageObject\",\"inLanguage\":\"en-US\",\"@id\":\"https:\/\/dryaseminsavas.com\/en\/hand-foot-care\/#primaryimage\",\"url\":\"https:\/\/dryaseminsavas.com\/wp-content\/uploads\/elementor\/thumbs\/Tirnak-Mantari-Tedavisi-quc695a20tuflqztmz7wd87pbnoukfjhw55ek25yyg.jpg\",\"contentUrl\":\"https:\/\/dryaseminsavas.com\/wp-content\/uploads\/elementor\/thumbs\/Tirnak-Mantari-Tedavisi-quc695a20tuflqztmz7wd87pbnoukfjhw55ek25yyg.jpg\"},{\"@type\":\"BreadcrumbList\",\"@id\":\"https:\/\/dryaseminsavas.com\/en\/hand-foot-care\/#breadcrumb\",\"itemListElement\":[{\"@type\":\"ListItem\",\"position\":1,\"name\":\"Dr. Yasemin Sava\u015f\",\"item\":\"https:\/\/dryaseminsavas.com\/en\/homepage\/\"},{\"@type\":\"ListItem\",\"position\":2,\"name\":\"Hand Foot Care\"}]},{\"@type\":\"WebSite\",\"@id\":\"https:\/\/dryaseminsavas.com\/en\/#website\",\"url\":\"https:\/\/dryaseminsavas.com\/en\/\",\"name\":\"Dr. Yasemin Sava\u015f\",\"description\":\"Kaliteli Ya\u015fam Klini\u011fi\",\"publisher\":{\"@id\":\"https:\/\/dryaseminsavas.com\/en\/#organization\"},\"potentialAction\":[{\"@type\":\"SearchAction\",\"target\":{\"@type\":\"EntryPoint\",\"urlTemplate\":\"https:\/\/dryaseminsavas.com\/en\/?s={search_term_string}\"},\"query-input\":{\"@type\":\"PropertyValueSpecification\",\"valueRequired\":true,\"valueName\":\"search_term_string\"}}],\"inLanguage\":\"en-US\"},{\"@type\":\"Organization\",\"@id\":\"https:\/\/dryaseminsavas.com\/en\/#organization\",\"name\":\"Dr. Yasemin Sava\u015f\",\"url\":\"https:\/\/dryaseminsavas.com\/en\/\",\"logo\":{\"@type\":\"ImageObject\",\"inLanguage\":\"en-US\",\"@id\":\"https:\/\/dryaseminsavas.com\/en\/#\/schema\/logo\/image\/\",\"url\":\"https:\/\/dryaseminsavas.com\/wp-content\/uploads\/2024\/06\/dryaseminsavas-logo.png\",\"contentUrl\":\"https:\/\/dryaseminsavas.com\/wp-content\/uploads\/2024\/06\/dryaseminsavas-logo.png\",\"width\":378,\"height\":88,\"caption\":\"Dr. Yasemin Sava\u015f\"},\"image\":{\"@id\":\"https:\/\/dryaseminsavas.com\/en\/#\/schema\/logo\/image\/\"}}]}<\/script>\n<!-- \/ Yoast SEO plugin. -->","yoast_head_json":{"title":"Hand Foot Care - Dr. Yasemin Sava\u015f","robots":{"index":"index","follow":"follow","max-snippet":"max-snippet:-1","max-image-preview":"max-image-preview:large","max-video-preview":"max-video-preview:-1"},"canonical":"https:\/\/dryaseminsavas.com\/en\/hand-foot-care\/","og_locale":"en_US","og_type":"article","og_title":"Hand Foot Care - Dr. Yasemin Sava\u015f","og_description":"With 29 years of deep experience, we specialize in skin care and non-surgical aesthetic applications. As Yasemin Sava\u015f, the services offered in our practice include fillers, botox, skin rejuvenation, regional thinning and many other non-surgical aesthetic applications. We also offer solutions for hair and immune system strengthening treatments. For more information about our applications and [&hellip;]","og_url":"https:\/\/dryaseminsavas.com\/en\/hand-foot-care\/","og_site_name":"Dr. Yasemin Sava\u015f","article_modified_time":"2024-11-15T13:18:43+00:00","og_image":[{"url":"https:\/\/dryaseminsavas.com\/wp-content\/uploads\/elementor\/thumbs\/Tirnak-Mantari-Tedavisi-quc695a20tuflqztmz7wd87pbnoukfjhw55ek25yyg.jpg","type":"","width":"","height":""}],"twitter_card":"summary_large_image","twitter_misc":{"Est. reading time":"2 minutes"},"schema":{"@context":"https:\/\/schema.org","@graph":[{"@type":"WebPage","@id":"https:\/\/dryaseminsavas.com\/en\/hand-foot-care\/","url":"https:\/\/dryaseminsavas.com\/en\/hand-foot-care\/","name":"Hand Foot Care - Dr. Yasemin Sava\u015f","isPartOf":{"@id":"https:\/\/dryaseminsavas.com\/en\/#website"},"primaryImageOfPage":{"@id":"https:\/\/dryaseminsavas.com\/en\/hand-foot-care\/#primaryimage"},"image":{"@id":"https:\/\/dryaseminsavas.com\/en\/hand-foot-care\/#primaryimage"},"thumbnailUrl":"https:\/\/dryaseminsavas.com\/wp-content\/uploads\/elementor\/thumbs\/Tirnak-Mantari-Tedavisi-quc695a20tuflqztmz7wd87pbnoukfjhw55ek25yyg.jpg","datePublished":"2024-09-27T06:30:25+00:00","dateModified":"2024-11-15T13:18:43+00:00","breadcrumb":{"@id":"https:\/\/dryaseminsavas.com\/en\/hand-foot-care\/#breadcrumb"},"inLanguage":"en-US","potentialAction":[{"@type":"ReadAction","target":["https:\/\/dryaseminsavas.com\/en\/hand-foot-care\/"]}]},{"@type":"ImageObject","inLanguage":"en-US","@id":"https:\/\/dryaseminsavas.com\/en\/hand-foot-care\/#primaryimage","url":"https:\/\/dryaseminsavas.com\/wp-content\/uploads\/elementor\/thumbs\/Tirnak-Mantari-Tedavisi-quc695a20tuflqztmz7wd87pbnoukfjhw55ek25yyg.jpg","contentUrl":"https:\/\/dryaseminsavas.com\/wp-content\/uploads\/elementor\/thumbs\/Tirnak-Mantari-Tedavisi-quc695a20tuflqztmz7wd87pbnoukfjhw55ek25yyg.jpg"},{"@type":"BreadcrumbList","@id":"https:\/\/dryaseminsavas.com\/en\/hand-foot-care\/#breadcrumb","itemListElement":[{"@type":"ListItem","position":1,"name":"Dr. Yasemin Sava\u015f","item":"https:\/\/dryaseminsavas.com\/en\/homepage\/"},{"@type":"ListItem","position":2,"name":"Hand Foot Care"}]},{"@type":"WebSite","@id":"https:\/\/dryaseminsavas.com\/en\/#website","url":"https:\/\/dryaseminsavas.com\/en\/","name":"Dr. Yasemin Sava\u015f","description":"Kaliteli Ya\u015fam Klini\u011fi","publisher":{"@id":"https:\/\/dryaseminsavas.com\/en\/#organization"},"potentialAction":[{"@type":"SearchAction","target":{"@type":"EntryPoint","urlTemplate":"https:\/\/dryaseminsavas.com\/en\/?s={search_term_string}"},"query-input":{"@type":"PropertyValueSpecification","valueRequired":true,"valueName":"search_term_string"}}],"inLanguage":"en-US"},{"@type":"Organization","@id":"https:\/\/dryaseminsavas.com\/en\/#organization","name":"Dr. Yasemin Sava\u015f","url":"https:\/\/dryaseminsavas.com\/en\/","logo":{"@type":"ImageObject","inLanguage":"en-US","@id":"https:\/\/dryaseminsavas.com\/en\/#\/schema\/logo\/image\/","url":"https:\/\/dryaseminsavas.com\/wp-content\/uploads\/2024\/06\/dryaseminsavas-logo.png","contentUrl":"https:\/\/dryaseminsavas.com\/wp-content\/uploads\/2024\/06\/dryaseminsavas-logo.png","width":378,"height":88,"caption":"Dr. Yasemin Sava\u015f"},"image":{"@id":"https:\/\/dryaseminsavas.com\/en\/#\/schema\/logo\/image\/"}}]}},"_links":{"self":[{"href":"https:\/\/dryaseminsavas.com\/en\/wp-json\/wp\/v2\/pages\/3333","targetHints":{"allow":["GET"]}}],"collection":[{"href":"https:\/\/dryaseminsavas.com\/en\/wp-json\/wp\/v2\/pages"}],"about":[{"href":"https:\/\/dryaseminsavas.com\/en\/wp-json\/wp\/v2\/types\/page"}],"author":[{"embeddable":true,"href":"https:\/\/dryaseminsavas.com\/en\/wp-json\/wp\/v2\/users\/1"}],"replies":[{"embeddable":true,"href":"https:\/\/dryaseminsavas.com\/en\/wp-json\/wp\/v2\/comments?post=3333"}],"version-history":[{"count":0,"href":"https:\/\/dryaseminsavas.com\/en\/wp-json\/wp\/v2\/pages\/3333\/revisions"}],"wp:attachment":[{"href":"https:\/\/dryaseminsavas.com\/en\/wp-json\/wp\/v2\/media?parent=3333"}],"curies":[{"name":"wp","href":"https:\/\/api.w.org\/{rel}","templated":true}]}}