{"id":3337,"date":"2024-09-26T10:09:31","date_gmt":"2024-09-26T10:09:31","guid":{"rendered":"https:\/\/dryaseminsavas.com\/mesotherapy-treatments\/"},"modified":"2024-11-15T13:28:02","modified_gmt":"2024-11-15T13:28:02","slug":"mesotherapy-treatments","status":"publish","type":"page","link":"https:\/\/dryaseminsavas.com\/en\/mesotherapy-treatments\/","title":{"rendered":"Mesotherapy Treatments"},"content":{"rendered":"\t\t<div data-elementor-type=\"wp-page\" data-elementor-id=\"3337\" class=\"elementor elementor-3337 elementor-2192\" data-elementor-post-type=\"page\">\n\t\t\t\t\t\t<section class=\"elementor-section elementor-top-section elementor-element elementor-element-4f9c157 pbmit-col-stretched-none pbmit-bg-color-over-image elementor-section-boxed elementor-section-height-default elementor-section-height-default\" data-id=\"4f9c157\" data-element_type=\"section\">\n\t\t\t\t\t\t<div class=\"elementor-container elementor-column-gap-default\">\n\t\t\t\t\t<div class=\"elementor-column elementor-col-100 elementor-top-column elementor-element elementor-element-a3efb42 pbmit-bg-color-over-image\" data-id=\"a3efb42\" data-element_type=\"column\">\n\t\t\t<div class=\"elementor-widget-wrap elementor-element-populated\">\n\t\t\t\t\t\t<div class=\"elementor-element elementor-element-6b8d337 elementor-widget elementor-widget-text-editor\" data-id=\"6b8d337\" data-element_type=\"widget\" data-widget_type=\"text-editor.default\">\n\t\t\t\t<div class=\"elementor-widget-container\">\n\t\t\t<style>\/*! elementor - v3.22.0 - 26-06-2024 *\/\n.elementor-widget-text-editor.elementor-drop-cap-view-stacked .elementor-drop-cap{background-color:#69727d;color:#fff}.elementor-widget-text-editor.elementor-drop-cap-view-framed .elementor-drop-cap{color:#69727d;border:3px solid;background-color:transparent}.elementor-widget-text-editor:not(.elementor-drop-cap-view-default) .elementor-drop-cap{margin-top:8px}.elementor-widget-text-editor:not(.elementor-drop-cap-view-default) .elementor-drop-cap-letter{width:1em;height:1em}.elementor-widget-text-editor .elementor-drop-cap{float:left;text-align:center;line-height:1;font-size:50px}.elementor-widget-text-editor .elementor-drop-cap-letter{display:inline-block}<\/style>\t\t\t\t<p>With 29 years of deep experience, we specialize in skin care and non-surgical aesthetic applications. As Yasemin Sava\u015f, the services offered in our practice include fillers, botox, skin rejuvenation, regional thinning and many other non-surgical aesthetic applications. We also offer solutions for hair and immune system strengthening treatments. For more information about our applications and treatments, please see the details below.   <\/p>\n\t\t\t\t\t\t<\/div>\n\t\t\t\t<\/div>\n\t\t\t\t\t<\/div>\n\t\t<\/div>\n\t\t\t\t\t<\/div>\n\t\t<\/section>\n\t\t\t\t<section class=\"elementor-section elementor-top-section elementor-element elementor-element-d414aa3 pbmit-col-stretched-none pbmit-bg-color-over-image elementor-section-boxed elementor-section-height-default elementor-section-height-default\" data-id=\"d414aa3\" data-element_type=\"section\">\n\t\t\t\t\t\t<div class=\"elementor-container elementor-column-gap-default\">\n\t\t\t\t\t<div class=\"elementor-column elementor-col-25 elementor-top-column elementor-element elementor-element-99d831f pbmit-bg-color-over-image\" data-id=\"99d831f\" data-element_type=\"column\">\n\t\t\t<div class=\"elementor-widget-wrap elementor-element-populated\">\n\t\t\t\t\t\t<div class=\"elementor-element elementor-element-0af68a8 elementor-position-top elementor-widget elementor-widget-image-box\" data-id=\"0af68a8\" data-element_type=\"widget\" data-widget_type=\"image-box.default\">\n\t\t\t\t<div class=\"elementor-widget-container\">\n\t\t\t<style>.elementor-widget-image-box .elementor-image-box-content{width:100%}@media (min-width:768px){.elementor-widget-image-box.elementor-position-left .elementor-image-box-wrapper,.elementor-widget-image-box.elementor-position-right .elementor-image-box-wrapper{display:flex}.elementor-widget-image-box.elementor-position-right .elementor-image-box-wrapper{text-align:end;flex-direction:row-reverse}.elementor-widget-image-box.elementor-position-left .elementor-image-box-wrapper{text-align:start;flex-direction:row}.elementor-widget-image-box.elementor-position-top .elementor-image-box-img{margin:auto}.elementor-widget-image-box.elementor-vertical-align-top .elementor-image-box-wrapper{align-items:flex-start}.elementor-widget-image-box.elementor-vertical-align-middle .elementor-image-box-wrapper{align-items:center}.elementor-widget-image-box.elementor-vertical-align-bottom .elementor-image-box-wrapper{align-items:flex-end}}@media (max-width:767px){.elementor-widget-image-box .elementor-image-box-img{margin-left:auto!important;margin-right:auto!important;margin-bottom:15px}}.elementor-widget-image-box .elementor-image-box-img{display:inline-block}.elementor-widget-image-box .elementor-image-box-title a{color:inherit}.elementor-widget-image-box .elementor-image-box-wrapper{text-align:center}.elementor-widget-image-box .elementor-image-box-description{margin:0}<\/style><div class=\"elementor-image-box-wrapper\"><figure class=\"elementor-image-box-img\"><a href=\"https:\/\/dryaseminsavas.com\/genclik-asisi\" tabindex=\"-1\"><img decoding=\"async\" src=\"https:\/\/dryaseminsavas.com\/wp-content\/uploads\/elementor\/thumbs\/Genclik-Asisi-Antiaging-Mezoterapisi-quc6m3i06nknkc6m0kqupykbyruwmayd08q8layp88.jpg\" title=\"Gen\u00e7lik A\u015f\u0131s\u0131 (Antiaging Mezoterapisi).\" alt=\"Gen\u00e7lik A\u015f\u0131s\u0131 (Antiaging Mezoterapisi).\" loading=\"lazy\" \/><\/a><\/figure><div class=\"elementor-image-box-content\"><div class=\"elementor-image-box-title\"><a href=\"https:\/\/dryaseminsavas.com\/genclik-asisi\">Youth Vaccine<\/a><\/div><\/div><\/div>\t\t<\/div>\n\t\t\t\t<\/div>\n\t\t\t\t\t<\/div>\n\t\t<\/div>\n\t\t\t\t<div class=\"elementor-column elementor-col-25 elementor-top-column elementor-element elementor-element-8847588 pbmit-bg-color-over-image\" data-id=\"8847588\" data-element_type=\"column\">\n\t\t\t<div class=\"elementor-widget-wrap elementor-element-populated\">\n\t\t\t\t\t\t<div class=\"elementor-element elementor-element-49e8184 elementor-position-top elementor-widget elementor-widget-image-box\" data-id=\"49e8184\" data-element_type=\"widget\" data-widget_type=\"image-box.default\">\n\t\t\t\t<div class=\"elementor-widget-container\">\n\t\t\t<div class=\"elementor-image-box-wrapper\"><figure class=\"elementor-image-box-img\"><a href=\"https:\/\/dryaseminsavas.com\/somon-dna\" tabindex=\"-1\"><img decoding=\"async\" src=\"https:\/\/dryaseminsavas.com\/wp-content\/uploads\/elementor\/thumbs\/Somon-DNA-Tedavisi-quc6q0hsnsxnxuht59ow3yzh2kjyowi3jml2kt5naw.jpg\" title=\"Somon DNA Tedavisi\" alt=\"Somon DNA Tedavisi\" loading=\"lazy\" \/><\/a><\/figure><div class=\"elementor-image-box-content\"><div class=\"elementor-image-box-title\"><a href=\"https:\/\/dryaseminsavas.com\/somon-dna\">Salmon DNA Treatment<\/a><\/div><\/div><\/div>\t\t<\/div>\n\t\t\t\t<\/div>\n\t\t\t\t\t<\/div>\n\t\t<\/div>\n\t\t\t\t<div class=\"elementor-column elementor-col-25 elementor-top-column elementor-element elementor-element-bbd4698 pbmit-bg-color-over-image\" data-id=\"bbd4698\" data-element_type=\"column\">\n\t\t\t<div class=\"elementor-widget-wrap elementor-element-populated\">\n\t\t\t\t\t\t<div class=\"elementor-element elementor-element-56b2e0e elementor-position-top elementor-widget elementor-widget-image-box\" data-id=\"56b2e0e\" data-element_type=\"widget\" data-widget_type=\"image-box.default\">\n\t\t\t\t<div class=\"elementor-widget-container\">\n\t\t\t<div class=\"elementor-image-box-wrapper\"><figure class=\"elementor-image-box-img\"><a href=\"https:\/\/dryaseminsavas.com\/vitamin-asisi\" tabindex=\"-1\"><img decoding=\"async\" src=\"https:\/\/dryaseminsavas.com\/wp-content\/uploads\/elementor\/thumbs\/Vitamin-Mezoterapisi-quc6r316g0ef5uxtw8clg79dfda0ghr3cxbz95ki7s.jpg\" title=\"Vitamin Mezoterapisi\" alt=\"Vitamin Mezoterapisi\" loading=\"lazy\" \/><\/a><\/figure><div class=\"elementor-image-box-content\"><div class=\"elementor-image-box-title\"><a href=\"https:\/\/dryaseminsavas.com\/vitamin-asisi\">Vitamin Mesotherapy Treatment<\/a><\/div><\/div><\/div>\t\t<\/div>\n\t\t\t\t<\/div>\n\t\t\t\t\t<\/div>\n\t\t<\/div>\n\t\t\t\t<div class=\"elementor-column elementor-col-25 elementor-top-column elementor-element elementor-element-9dc8f89 pbmit-bg-color-over-image\" data-id=\"9dc8f89\" data-element_type=\"column\">\n\t\t\t<div class=\"elementor-widget-wrap elementor-element-populated\">\n\t\t\t\t\t\t<div class=\"elementor-element elementor-element-9d06161 elementor-position-top elementor-widget elementor-widget-image-box\" data-id=\"9d06161\" data-element_type=\"widget\" data-widget_type=\"image-box.default\">\n\t\t\t\t<div class=\"elementor-widget-container\">\n\t\t\t<div class=\"elementor-image-box-wrapper\"><figure class=\"elementor-image-box-img\"><a href=\"https:\/\/dryaseminsavas.com\/goz-alti-mezoterapisi\" tabindex=\"-1\"><img decoding=\"async\" src=\"https:\/\/dryaseminsavas.com\/wp-content\/uploads\/elementor\/thumbs\/Goz-Alti-Mezoterapisi-qv16q3631c6zsdkugvnxgfbzxqpn8fjv53t8b78rw8.jpg\" title=\"G\u00f6z Alt\u0131 Mezoterapisi\" alt=\"G\u00f6z Alt\u0131 Mezoterapisi\" loading=\"lazy\" \/><\/a><\/figure><div class=\"elementor-image-box-content\"><div class=\"elementor-image-box-title\"><a href=\"https:\/\/dryaseminsavas.com\/goz-alti-mezoterapisi\">Under Eye Mesotherapy<\/a><\/div><\/div><\/div>\t\t<\/div>\n\t\t\t\t<\/div>\n\t\t\t\t\t<\/div>\n\t\t<\/div>\n\t\t\t\t\t<\/div>\n\t\t<\/section>\n\t\t\t\t<section class=\"elementor-section elementor-top-section elementor-element elementor-element-1ea3d0b pbmit-col-stretched-none pbmit-bg-color-over-image elementor-section-boxed elementor-section-height-default elementor-section-height-default\" data-id=\"1ea3d0b\" data-element_type=\"section\">\n\t\t\t\t\t\t<div class=\"elementor-container elementor-column-gap-default\">\n\t\t\t\t\t<div class=\"elementor-column elementor-col-25 elementor-top-column elementor-element elementor-element-79bbb08 pbmit-bg-color-over-image\" data-id=\"79bbb08\" data-element_type=\"column\">\n\t\t\t<div class=\"elementor-widget-wrap elementor-element-populated\">\n\t\t\t\t\t\t<div class=\"elementor-element elementor-element-76477d7 elementor-position-top elementor-widget elementor-widget-image-box\" data-id=\"76477d7\" data-element_type=\"widget\" data-widget_type=\"image-box.default\">\n\t\t\t\t<div class=\"elementor-widget-container\">\n\t\t\t<div class=\"elementor-image-box-wrapper\"><figure class=\"elementor-image-box-img\"><a href=\"https:\/\/dryaseminsavas.com\/mezolifting\" tabindex=\"-1\"><img decoding=\"async\" src=\"https:\/\/dryaseminsavas.com\/wp-content\/uploads\/elementor\/thumbs\/Mezolifting-Tedavisi-quc6of5n2wr69mt3g2wndvgcu2eknd6gzqsgaxinug.jpg\" title=\"Mezolifting Tedavisi\" alt=\"Mezolifting Tedavisi\" loading=\"lazy\" \/><\/a><\/figure><div class=\"elementor-image-box-content\"><div class=\"elementor-image-box-title\"><a href=\"https:\/\/dryaseminsavas.com\/mezolifting\">Mesolifting<\/a><\/div><\/div><\/div>\t\t<\/div>\n\t\t\t\t<\/div>\n\t\t\t\t\t<\/div>\n\t\t<\/div>\n\t\t\t\t<div class=\"elementor-column elementor-col-25 elementor-top-column elementor-element elementor-element-51e484e pbmit-bg-color-over-image\" data-id=\"51e484e\" data-element_type=\"column\">\n\t\t\t<div class=\"elementor-widget-wrap elementor-element-populated\">\n\t\t\t\t\t\t<div class=\"elementor-element elementor-element-383c6ce elementor-position-top elementor-widget elementor-widget-image-box\" data-id=\"383c6ce\" data-element_type=\"widget\" data-widget_type=\"image-box.default\">\n\t\t\t\t<div class=\"elementor-widget-container\">\n\t\t\t<div class=\"elementor-image-box-wrapper\"><figure class=\"elementor-image-box-img\"><a href=\"https:\/\/dryaseminsavas.com\/kolajen-asisi\" tabindex=\"-1\"><img decoding=\"async\" src=\"https:\/\/dryaseminsavas.com\/wp-content\/uploads\/elementor\/thumbs\/Kolajen-Mezoterapisi-quc6n7x2cj3zfkjwgk7t76d5icbotaethss487arso.jpg\" title=\"Kolajen Mezoterapisi\" alt=\"Kolajen Mezoterapisi\" loading=\"lazy\" \/><\/a><\/figure><div class=\"elementor-image-box-content\"><div class=\"elementor-image-box-title\"><a href=\"https:\/\/dryaseminsavas.com\/kolajen-asisi\">Collagen Vaccine<\/a><\/div><\/div><\/div>\t\t<\/div>\n\t\t\t\t<\/div>\n\t\t\t\t\t<\/div>\n\t\t<\/div>\n\t\t\t\t<div class=\"elementor-column elementor-col-25 elementor-top-column elementor-element elementor-element-6e1148e pbmit-bg-color-over-image\" data-id=\"6e1148e\" data-element_type=\"column\">\n\t\t\t<div class=\"elementor-widget-wrap elementor-element-populated\">\n\t\t\t\t\t\t<div class=\"elementor-element elementor-element-6061cf8 elementor-position-top elementor-widget elementor-widget-image-box\" data-id=\"6061cf8\" data-element_type=\"widget\" data-widget_type=\"image-box.default\">\n\t\t\t\t<div class=\"elementor-widget-container\">\n\t\t\t<div class=\"elementor-image-box-wrapper\"><figure class=\"elementor-image-box-img\"><a href=\"https:\/\/dryaseminsavas.com\/nem-asisi\" tabindex=\"-1\"><img decoding=\"async\" src=\"https:\/\/dryaseminsavas.com\/wp-content\/uploads\/elementor\/thumbs\/Nem-Asisi-Nem-Mezoterapisi-quc6pa6bcfxmwrk1eybc65mkfs5opdlm40bh528o54.jpg\" title=\"Nem A\u015f\u0131s\u0131 (Nem Mezoterapisi)\" alt=\"Nem A\u015f\u0131s\u0131 (Nem Mezoterapisi)\" loading=\"lazy\" \/><\/a><\/figure><div class=\"elementor-image-box-content\"><div class=\"elementor-image-box-title\"><a href=\"https:\/\/dryaseminsavas.com\/nem-asisi\">Moisture Mesotherapy Treatment<\/a><\/div><\/div><\/div>\t\t<\/div>\n\t\t\t\t<\/div>\n\t\t\t\t\t<\/div>\n\t\t<\/div>\n\t\t\t\t<div class=\"elementor-column elementor-col-25 elementor-top-column elementor-element elementor-element-b7e8411 pbmit-bg-color-over-image\" data-id=\"b7e8411\" data-element_type=\"column\">\n\t\t\t<div class=\"elementor-widget-wrap elementor-element-populated\">\n\t\t\t\t\t\t<div class=\"elementor-element elementor-element-b1d78da elementor-position-top elementor-widget elementor-widget-image-box\" data-id=\"b1d78da\" data-element_type=\"widget\" data-widget_type=\"image-box.default\">\n\t\t\t\t<div class=\"elementor-widget-container\">\n\t\t\t<div class=\"elementor-image-box-wrapper\"><figure class=\"elementor-image-box-img\"><a href=\"https:\/\/dryaseminsavas.com\/redermalizasyon\" tabindex=\"-1\"><img decoding=\"async\" src=\"https:\/\/dryaseminsavas.com\/wp-content\/uploads\/elementor\/thumbs\/Redermalizasyon-Tedavisi-quc6l00s7m2m0pryf3oit8iz0l9hn0lmutbufol8hk.jpg\" title=\"Redermalizasyon Tedavisi\" alt=\"Redermalizasyon Tedavisi\" loading=\"lazy\" \/><\/a><\/figure><div class=\"elementor-image-box-content\"><div class=\"elementor-image-box-title\"><a href=\"https:\/\/dryaseminsavas.com\/redermalizasyon\">Redermalization Treatment<\/a><\/div><\/div><\/div>\t\t<\/div>\n\t\t\t\t<\/div>\n\t\t\t\t\t<\/div>\n\t\t<\/div>\n\t\t\t\t\t<\/div>\n\t\t<\/section>\n\t\t\t\t<\/div>\n\t\t","protected":false},"excerpt":{"rendered":"<p>With 29 years of deep experience, we specialize in skin care and non-surgical aesthetic applications. As Yasemin Sava\u015f, the services offered in our practice include fillers, botox, skin rejuvenation, regional thinning and many other non-surgical aesthetic applications. We also offer solutions for hair and immune system strengthening treatments. For more information about our applications and [&hellip;]<\/p>\n","protected":false},"author":1,"featured_media":0,"parent":0,"menu_order":0,"comment_status":"closed","ping_status":"closed","template":"","meta":{"_acf_changed":false,"inline_featured_image":false,"footnotes":""},"class_list":["post-3337","page","type-page","status-publish","hentry"],"acf":[],"yoast_head":"<!-- This site is optimized with the Yoast SEO plugin v26.6 - https:\/\/yoast.com\/wordpress\/plugins\/seo\/ -->\n<title>Mesotherapy Treatments - Dr. Yasemin Sava\u015f<\/title>\n<meta name=\"robots\" content=\"index, follow, max-snippet:-1, max-image-preview:large, max-video-preview:-1\" \/>\n<link rel=\"canonical\" href=\"https:\/\/dryaseminsavas.com\/en\/mesotherapy-treatments\/\" \/>\n<meta property=\"og:locale\" content=\"en_US\" \/>\n<meta property=\"og:type\" content=\"article\" \/>\n<meta property=\"og:title\" content=\"Mesotherapy Treatments - Dr. Yasemin Sava\u015f\" \/>\n<meta property=\"og:description\" content=\"With 29 years of deep experience, we specialize in skin care and non-surgical aesthetic applications. As Yasemin Sava\u015f, the services offered in our practice include fillers, botox, skin rejuvenation, regional thinning and many other non-surgical aesthetic applications. We also offer solutions for hair and immune system strengthening treatments. For more information about our applications and [&hellip;]\" \/>\n<meta property=\"og:url\" content=\"https:\/\/dryaseminsavas.com\/en\/mesotherapy-treatments\/\" \/>\n<meta property=\"og:site_name\" content=\"Dr. Yasemin Sava\u015f\" \/>\n<meta property=\"article:modified_time\" content=\"2024-11-15T13:28:02+00:00\" \/>\n<meta property=\"og:image\" content=\"https:\/\/dryaseminsavas.com\/wp-content\/uploads\/elementor\/thumbs\/Genclik-Asisi-Antiaging-Mezoterapisi-quc6m3i06nknkc6m0kqupykbyruwmayd08q8layp88.jpg\" \/>\n<meta name=\"twitter:card\" content=\"summary_large_image\" \/>\n<meta name=\"twitter:label1\" content=\"Est. reading time\" \/>\n\t<meta name=\"twitter:data1\" content=\"3 minutes\" \/>\n<script type=\"application\/ld+json\" class=\"yoast-schema-graph\">{\"@context\":\"https:\/\/schema.org\",\"@graph\":[{\"@type\":\"WebPage\",\"@id\":\"https:\/\/dryaseminsavas.com\/en\/mesotherapy-treatments\/\",\"url\":\"https:\/\/dryaseminsavas.com\/en\/mesotherapy-treatments\/\",\"name\":\"Mesotherapy Treatments - Dr. Yasemin Sava\u015f\",\"isPartOf\":{\"@id\":\"https:\/\/dryaseminsavas.com\/en\/#website\"},\"primaryImageOfPage\":{\"@id\":\"https:\/\/dryaseminsavas.com\/en\/mesotherapy-treatments\/#primaryimage\"},\"image\":{\"@id\":\"https:\/\/dryaseminsavas.com\/en\/mesotherapy-treatments\/#primaryimage\"},\"thumbnailUrl\":\"https:\/\/dryaseminsavas.com\/wp-content\/uploads\/elementor\/thumbs\/Genclik-Asisi-Antiaging-Mezoterapisi-quc6m3i06nknkc6m0kqupykbyruwmayd08q8layp88.jpg\",\"datePublished\":\"2024-09-26T10:09:31+00:00\",\"dateModified\":\"2024-11-15T13:28:02+00:00\",\"breadcrumb\":{\"@id\":\"https:\/\/dryaseminsavas.com\/en\/mesotherapy-treatments\/#breadcrumb\"},\"inLanguage\":\"en-US\",\"potentialAction\":[{\"@type\":\"ReadAction\",\"target\":[\"https:\/\/dryaseminsavas.com\/en\/mesotherapy-treatments\/\"]}]},{\"@type\":\"ImageObject\",\"inLanguage\":\"en-US\",\"@id\":\"https:\/\/dryaseminsavas.com\/en\/mesotherapy-treatments\/#primaryimage\",\"url\":\"https:\/\/dryaseminsavas.com\/wp-content\/uploads\/elementor\/thumbs\/Genclik-Asisi-Antiaging-Mezoterapisi-quc6m3i06nknkc6m0kqupykbyruwmayd08q8layp88.jpg\",\"contentUrl\":\"https:\/\/dryaseminsavas.com\/wp-content\/uploads\/elementor\/thumbs\/Genclik-Asisi-Antiaging-Mezoterapisi-quc6m3i06nknkc6m0kqupykbyruwmayd08q8layp88.jpg\"},{\"@type\":\"BreadcrumbList\",\"@id\":\"https:\/\/dryaseminsavas.com\/en\/mesotherapy-treatments\/#breadcrumb\",\"itemListElement\":[{\"@type\":\"ListItem\",\"position\":1,\"name\":\"Dr. Yasemin Sava\u015f\",\"item\":\"https:\/\/dryaseminsavas.com\/en\/homepage\/\"},{\"@type\":\"ListItem\",\"position\":2,\"name\":\"Mesotherapy Treatments\"}]},{\"@type\":\"WebSite\",\"@id\":\"https:\/\/dryaseminsavas.com\/en\/#website\",\"url\":\"https:\/\/dryaseminsavas.com\/en\/\",\"name\":\"Dr. Yasemin Sava\u015f\",\"description\":\"Kaliteli Ya\u015fam Klini\u011fi\",\"publisher\":{\"@id\":\"https:\/\/dryaseminsavas.com\/en\/#organization\"},\"potentialAction\":[{\"@type\":\"SearchAction\",\"target\":{\"@type\":\"EntryPoint\",\"urlTemplate\":\"https:\/\/dryaseminsavas.com\/en\/?s={search_term_string}\"},\"query-input\":{\"@type\":\"PropertyValueSpecification\",\"valueRequired\":true,\"valueName\":\"search_term_string\"}}],\"inLanguage\":\"en-US\"},{\"@type\":\"Organization\",\"@id\":\"https:\/\/dryaseminsavas.com\/en\/#organization\",\"name\":\"Dr. Yasemin Sava\u015f\",\"url\":\"https:\/\/dryaseminsavas.com\/en\/\",\"logo\":{\"@type\":\"ImageObject\",\"inLanguage\":\"en-US\",\"@id\":\"https:\/\/dryaseminsavas.com\/en\/#\/schema\/logo\/image\/\",\"url\":\"https:\/\/dryaseminsavas.com\/wp-content\/uploads\/2024\/06\/dryaseminsavas-logo.png\",\"contentUrl\":\"https:\/\/dryaseminsavas.com\/wp-content\/uploads\/2024\/06\/dryaseminsavas-logo.png\",\"width\":378,\"height\":88,\"caption\":\"Dr. Yasemin Sava\u015f\"},\"image\":{\"@id\":\"https:\/\/dryaseminsavas.com\/en\/#\/schema\/logo\/image\/\"}}]}<\/script>\n<!-- \/ Yoast SEO plugin. -->","yoast_head_json":{"title":"Mesotherapy Treatments - Dr. Yasemin Sava\u015f","robots":{"index":"index","follow":"follow","max-snippet":"max-snippet:-1","max-image-preview":"max-image-preview:large","max-video-preview":"max-video-preview:-1"},"canonical":"https:\/\/dryaseminsavas.com\/en\/mesotherapy-treatments\/","og_locale":"en_US","og_type":"article","og_title":"Mesotherapy Treatments - Dr. Yasemin Sava\u015f","og_description":"With 29 years of deep experience, we specialize in skin care and non-surgical aesthetic applications. As Yasemin Sava\u015f, the services offered in our practice include fillers, botox, skin rejuvenation, regional thinning and many other non-surgical aesthetic applications. We also offer solutions for hair and immune system strengthening treatments. For more information about our applications and [&hellip;]","og_url":"https:\/\/dryaseminsavas.com\/en\/mesotherapy-treatments\/","og_site_name":"Dr. Yasemin Sava\u015f","article_modified_time":"2024-11-15T13:28:02+00:00","og_image":[{"url":"https:\/\/dryaseminsavas.com\/wp-content\/uploads\/elementor\/thumbs\/Genclik-Asisi-Antiaging-Mezoterapisi-quc6m3i06nknkc6m0kqupykbyruwmayd08q8layp88.jpg","type":"","width":"","height":""}],"twitter_card":"summary_large_image","twitter_misc":{"Est. reading time":"3 minutes"},"schema":{"@context":"https:\/\/schema.org","@graph":[{"@type":"WebPage","@id":"https:\/\/dryaseminsavas.com\/en\/mesotherapy-treatments\/","url":"https:\/\/dryaseminsavas.com\/en\/mesotherapy-treatments\/","name":"Mesotherapy Treatments - Dr. Yasemin Sava\u015f","isPartOf":{"@id":"https:\/\/dryaseminsavas.com\/en\/#website"},"primaryImageOfPage":{"@id":"https:\/\/dryaseminsavas.com\/en\/mesotherapy-treatments\/#primaryimage"},"image":{"@id":"https:\/\/dryaseminsavas.com\/en\/mesotherapy-treatments\/#primaryimage"},"thumbnailUrl":"https:\/\/dryaseminsavas.com\/wp-content\/uploads\/elementor\/thumbs\/Genclik-Asisi-Antiaging-Mezoterapisi-quc6m3i06nknkc6m0kqupykbyruwmayd08q8layp88.jpg","datePublished":"2024-09-26T10:09:31+00:00","dateModified":"2024-11-15T13:28:02+00:00","breadcrumb":{"@id":"https:\/\/dryaseminsavas.com\/en\/mesotherapy-treatments\/#breadcrumb"},"inLanguage":"en-US","potentialAction":[{"@type":"ReadAction","target":["https:\/\/dryaseminsavas.com\/en\/mesotherapy-treatments\/"]}]},{"@type":"ImageObject","inLanguage":"en-US","@id":"https:\/\/dryaseminsavas.com\/en\/mesotherapy-treatments\/#primaryimage","url":"https:\/\/dryaseminsavas.com\/wp-content\/uploads\/elementor\/thumbs\/Genclik-Asisi-Antiaging-Mezoterapisi-quc6m3i06nknkc6m0kqupykbyruwmayd08q8layp88.jpg","contentUrl":"https:\/\/dryaseminsavas.com\/wp-content\/uploads\/elementor\/thumbs\/Genclik-Asisi-Antiaging-Mezoterapisi-quc6m3i06nknkc6m0kqupykbyruwmayd08q8layp88.jpg"},{"@type":"BreadcrumbList","@id":"https:\/\/dryaseminsavas.com\/en\/mesotherapy-treatments\/#breadcrumb","itemListElement":[{"@type":"ListItem","position":1,"name":"Dr. Yasemin Sava\u015f","item":"https:\/\/dryaseminsavas.com\/en\/homepage\/"},{"@type":"ListItem","position":2,"name":"Mesotherapy Treatments"}]},{"@type":"WebSite","@id":"https:\/\/dryaseminsavas.com\/en\/#website","url":"https:\/\/dryaseminsavas.com\/en\/","name":"Dr. Yasemin Sava\u015f","description":"Kaliteli Ya\u015fam Klini\u011fi","publisher":{"@id":"https:\/\/dryaseminsavas.com\/en\/#organization"},"potentialAction":[{"@type":"SearchAction","target":{"@type":"EntryPoint","urlTemplate":"https:\/\/dryaseminsavas.com\/en\/?s={search_term_string}"},"query-input":{"@type":"PropertyValueSpecification","valueRequired":true,"valueName":"search_term_string"}}],"inLanguage":"en-US"},{"@type":"Organization","@id":"https:\/\/dryaseminsavas.com\/en\/#organization","name":"Dr. Yasemin Sava\u015f","url":"https:\/\/dryaseminsavas.com\/en\/","logo":{"@type":"ImageObject","inLanguage":"en-US","@id":"https:\/\/dryaseminsavas.com\/en\/#\/schema\/logo\/image\/","url":"https:\/\/dryaseminsavas.com\/wp-content\/uploads\/2024\/06\/dryaseminsavas-logo.png","contentUrl":"https:\/\/dryaseminsavas.com\/wp-content\/uploads\/2024\/06\/dryaseminsavas-logo.png","width":378,"height":88,"caption":"Dr. Yasemin Sava\u015f"},"image":{"@id":"https:\/\/dryaseminsavas.com\/en\/#\/schema\/logo\/image\/"}}]}},"_links":{"self":[{"href":"https:\/\/dryaseminsavas.com\/en\/wp-json\/wp\/v2\/pages\/3337","targetHints":{"allow":["GET"]}}],"collection":[{"href":"https:\/\/dryaseminsavas.com\/en\/wp-json\/wp\/v2\/pages"}],"about":[{"href":"https:\/\/dryaseminsavas.com\/en\/wp-json\/wp\/v2\/types\/page"}],"author":[{"embeddable":true,"href":"https:\/\/dryaseminsavas.com\/en\/wp-json\/wp\/v2\/users\/1"}],"replies":[{"embeddable":true,"href":"https:\/\/dryaseminsavas.com\/en\/wp-json\/wp\/v2\/comments?post=3337"}],"version-history":[{"count":0,"href":"https:\/\/dryaseminsavas.com\/en\/wp-json\/wp\/v2\/pages\/3337\/revisions"}],"wp:attachment":[{"href":"https:\/\/dryaseminsavas.com\/en\/wp-json\/wp\/v2\/media?parent=3337"}],"curies":[{"name":"wp","href":"https:\/\/api.w.org\/{rel}","templated":true}]}}