{"id":3343,"date":"2024-09-26T20:34:40","date_gmt":"2024-09-26T20:34:40","guid":{"rendered":"https:\/\/dryaseminsavas.com\/rope-suspension-treatments\/"},"modified":"2024-11-15T13:31:25","modified_gmt":"2024-11-15T13:31:25","slug":"rope-suspension-treatments","status":"publish","type":"page","link":"https:\/\/dryaseminsavas.com\/en\/rope-suspension-treatments\/","title":{"rendered":"Rope Suspension Treatments"},"content":{"rendered":"\t\t<div data-elementor-type=\"wp-page\" data-elementor-id=\"3343\" class=\"elementor elementor-3343 elementor-2266\" data-elementor-post-type=\"page\">\n\t\t\t\t\t\t<section class=\"elementor-section elementor-top-section elementor-element elementor-element-4f9c157 pbmit-col-stretched-none pbmit-bg-color-over-image elementor-section-boxed elementor-section-height-default elementor-section-height-default\" data-id=\"4f9c157\" data-element_type=\"section\">\n\t\t\t\t\t\t<div class=\"elementor-container elementor-column-gap-default\">\n\t\t\t\t\t<div class=\"elementor-column elementor-col-100 elementor-top-column elementor-element elementor-element-a3efb42 pbmit-bg-color-over-image\" data-id=\"a3efb42\" data-element_type=\"column\">\n\t\t\t<div class=\"elementor-widget-wrap elementor-element-populated\">\n\t\t\t\t\t\t<div class=\"elementor-element elementor-element-6b8d337 elementor-widget elementor-widget-text-editor\" data-id=\"6b8d337\" data-element_type=\"widget\" data-widget_type=\"text-editor.default\">\n\t\t\t\t<div class=\"elementor-widget-container\">\n\t\t\t<style>\/*! elementor - v3.22.0 - 26-06-2024 *\/\n.elementor-widget-text-editor.elementor-drop-cap-view-stacked .elementor-drop-cap{background-color:#69727d;color:#fff}.elementor-widget-text-editor.elementor-drop-cap-view-framed .elementor-drop-cap{color:#69727d;border:3px solid;background-color:transparent}.elementor-widget-text-editor:not(.elementor-drop-cap-view-default) .elementor-drop-cap{margin-top:8px}.elementor-widget-text-editor:not(.elementor-drop-cap-view-default) .elementor-drop-cap-letter{width:1em;height:1em}.elementor-widget-text-editor .elementor-drop-cap{float:left;text-align:center;line-height:1;font-size:50px}.elementor-widget-text-editor .elementor-drop-cap-letter{display:inline-block}<\/style>\t\t\t\t<p>With 29 years of deep experience, we specialize in skin care and non-surgical aesthetic applications. As Yasemin Sava\u015f, the services offered in our practice include fillers, botox, skin rejuvenation, regional thinning and many other non-surgical aesthetic applications. We also offer solutions for hair and immune system strengthening treatments.   For more information about our applications and treatments, please see the details below.<\/p>\n\t\t\t\t\t\t<\/div>\n\t\t\t\t<\/div>\n\t\t\t\t\t<\/div>\n\t\t<\/div>\n\t\t\t\t\t<\/div>\n\t\t<\/section>\n\t\t\t\t<section class=\"elementor-section elementor-top-section elementor-element elementor-element-d414aa3 pbmit-col-stretched-none pbmit-bg-color-over-image elementor-section-boxed elementor-section-height-default elementor-section-height-default\" data-id=\"d414aa3\" data-element_type=\"section\">\n\t\t\t\t\t\t<div class=\"elementor-container elementor-column-gap-default\">\n\t\t\t\t\t<div class=\"elementor-column elementor-col-25 elementor-top-column elementor-element elementor-element-99d831f pbmit-bg-color-over-image\" data-id=\"99d831f\" data-element_type=\"column\">\n\t\t\t<div class=\"elementor-widget-wrap elementor-element-populated\">\n\t\t\t\t\t\t<div class=\"elementor-element elementor-element-383c6ce elementor-position-top elementor-widget elementor-widget-image-box\" data-id=\"383c6ce\" data-element_type=\"widget\" data-widget_type=\"image-box.default\">\n\t\t\t\t<div class=\"elementor-widget-container\">\n\t\t\t<style>.elementor-widget-image-box .elementor-image-box-content{width:100%}@media (min-width:768px){.elementor-widget-image-box.elementor-position-left .elementor-image-box-wrapper,.elementor-widget-image-box.elementor-position-right .elementor-image-box-wrapper{display:flex}.elementor-widget-image-box.elementor-position-right .elementor-image-box-wrapper{text-align:end;flex-direction:row-reverse}.elementor-widget-image-box.elementor-position-left .elementor-image-box-wrapper{text-align:start;flex-direction:row}.elementor-widget-image-box.elementor-position-top .elementor-image-box-img{margin:auto}.elementor-widget-image-box.elementor-vertical-align-top .elementor-image-box-wrapper{align-items:flex-start}.elementor-widget-image-box.elementor-vertical-align-middle .elementor-image-box-wrapper{align-items:center}.elementor-widget-image-box.elementor-vertical-align-bottom .elementor-image-box-wrapper{align-items:flex-end}}@media (max-width:767px){.elementor-widget-image-box .elementor-image-box-img{margin-left:auto!important;margin-right:auto!important;margin-bottom:15px}}.elementor-widget-image-box .elementor-image-box-img{display:inline-block}.elementor-widget-image-box .elementor-image-box-title a{color:inherit}.elementor-widget-image-box .elementor-image-box-wrapper{text-align:center}.elementor-widget-image-box .elementor-image-box-description{margin:0}<\/style><div class=\"elementor-image-box-wrapper\"><figure class=\"elementor-image-box-img\"><a href=\"https:\/\/dryaseminsavas.com\/iple-yuz-askilama-tedavisi\" tabindex=\"-1\"><img decoding=\"async\" src=\"https:\/\/dryaseminsavas.com\/wp-content\/uploads\/elementor\/thumbs\/Iple-Yuz-Askilama-Tedavisi-quc6tct4ylid7xn1mpp4z4mh3w2y25rqo63808796g.jpg\" title=\"\u0130ple Y\u00fcz Ask\u0131lama Tedavisi\" alt=\"\u0130ple Y\u00fcz Ask\u0131lama Tedavisi\" loading=\"lazy\" \/><\/a><\/figure><div class=\"elementor-image-box-content\"><div class=\"elementor-image-box-title\"><a href=\"https:\/\/dryaseminsavas.com\/iple-yuz-askilama-tedavisi\">Thread Face Lift Treatment<\/a><\/div><\/div><\/div>\t\t<\/div>\n\t\t\t\t<\/div>\n\t\t\t\t\t<\/div>\n\t\t<\/div>\n\t\t\t\t<div class=\"elementor-column elementor-col-25 elementor-top-column elementor-element elementor-element-8847588 pbmit-bg-color-over-image\" data-id=\"8847588\" data-element_type=\"column\">\n\t\t\t<div class=\"elementor-widget-wrap elementor-element-populated\">\n\t\t\t\t\t\t<div class=\"elementor-element elementor-element-76477d7 elementor-position-top elementor-widget elementor-widget-image-box\" data-id=\"76477d7\" data-element_type=\"widget\" data-widget_type=\"image-box.default\">\n\t\t\t\t<div class=\"elementor-widget-container\">\n\t\t\t<div class=\"elementor-image-box-wrapper\"><figure class=\"elementor-image-box-img\"><a href=\"https:\/\/dryaseminsavas.com\/iple-yuz-germe-tedavisi\" tabindex=\"-1\"><img decoding=\"async\" src=\"https:\/\/dryaseminsavas.com\/wp-content\/uploads\/elementor\/thumbs\/Iple-Yuz-Germe-Tedavisi-quc6u42ggsjokmjg7jhbhfquc2cl9dryfx0ax92u60.jpg\" title=\"\u0130ple Y\u00fcz Germe Tedavisi\" alt=\"\u0130ple Y\u00fcz Germe Tedavisi\" loading=\"lazy\" \/><\/a><\/figure><div class=\"elementor-image-box-content\"><div class=\"elementor-image-box-title\"><a href=\"https:\/\/dryaseminsavas.com\/iple-yuz-germe-tedavisi\">Thread Face Lift Treatment<\/a><\/div><\/div><\/div>\t\t<\/div>\n\t\t\t\t<\/div>\n\t\t\t\t\t<\/div>\n\t\t<\/div>\n\t\t\t\t<div class=\"elementor-column elementor-col-25 elementor-top-column elementor-element elementor-element-bbd4698 pbmit-bg-color-over-image\" data-id=\"bbd4698\" data-element_type=\"column\">\n\t\t\t<div class=\"elementor-widget-wrap elementor-element-populated\">\n\t\t\t\t\t\t<div class=\"elementor-element elementor-element-0af68a8 elementor-position-top elementor-widget elementor-widget-image-box\" data-id=\"0af68a8\" data-element_type=\"widget\" data-widget_type=\"image-box.default\">\n\t\t\t\t<div class=\"elementor-widget-container\">\n\t\t\t<div class=\"elementor-image-box-wrapper\"><figure class=\"elementor-image-box-img\"><a href=\"https:\/\/dryaseminsavas.com\/sivi-ip-tedavisi\" tabindex=\"-1\"><img decoding=\"async\" src=\"https:\/\/dryaseminsavas.com\/wp-content\/uploads\/elementor\/thumbs\/Sivi-Yuz-Germe-Tedavisi-Sivi-Ip-quc6uvbryzkzxbfusd9hzqv7k8m8gls67nxdu9yf5k.jpg\" title=\"S\u0131v\u0131 Y\u00fcz Germe Tedavisi (S\u0131v\u0131 \u0130p)\" alt=\"S\u0131v\u0131 Y\u00fcz Germe Tedavisi (S\u0131v\u0131 \u0130p)\" loading=\"lazy\" \/><\/a><\/figure><div class=\"elementor-image-box-content\"><div class=\"elementor-image-box-title\"><a href=\"https:\/\/dryaseminsavas.com\/sivi-ip-tedavisi\">Liquid Rope Therapy<\/a><\/div><\/div><\/div>\t\t<\/div>\n\t\t\t\t<\/div>\n\t\t\t\t\t<\/div>\n\t\t<\/div>\n\t\t\t\t<div class=\"elementor-column elementor-col-25 elementor-top-column elementor-element elementor-element-9dc8f89 pbmit-bg-color-over-image\" data-id=\"9dc8f89\" data-element_type=\"column\">\n\t\t\t<div class=\"elementor-widget-wrap\">\n\t\t\t\t\t\t\t<\/div>\n\t\t<\/div>\n\t\t\t\t\t<\/div>\n\t\t<\/section>\n\t\t\t\t<\/div>\n\t\t","protected":false},"excerpt":{"rendered":"<p>With 29 years of deep experience, we specialize in skin care and non-surgical aesthetic applications. As Yasemin Sava\u015f, the services offered in our practice include fillers, botox, skin rejuvenation, regional thinning and many other non-surgical aesthetic applications. We also offer solutions for hair and immune system strengthening treatments. For more information about our applications and [&hellip;]<\/p>\n","protected":false},"author":1,"featured_media":0,"parent":0,"menu_order":0,"comment_status":"closed","ping_status":"closed","template":"","meta":{"_acf_changed":false,"inline_featured_image":false,"footnotes":""},"class_list":["post-3343","page","type-page","status-publish","hentry"],"acf":[],"yoast_head":"<!-- This site is optimized with the Yoast SEO plugin v26.6 - https:\/\/yoast.com\/wordpress\/plugins\/seo\/ -->\n<title>Rope Suspension Treatments - Dr. Yasemin Sava\u015f<\/title>\n<meta name=\"robots\" content=\"index, follow, max-snippet:-1, max-image-preview:large, max-video-preview:-1\" \/>\n<link rel=\"canonical\" href=\"https:\/\/dryaseminsavas.com\/en\/rope-suspension-treatments\/\" \/>\n<meta property=\"og:locale\" content=\"en_US\" \/>\n<meta property=\"og:type\" content=\"article\" \/>\n<meta property=\"og:title\" content=\"Rope Suspension Treatments - Dr. Yasemin Sava\u015f\" \/>\n<meta property=\"og:description\" content=\"With 29 years of deep experience, we specialize in skin care and non-surgical aesthetic applications. As Yasemin Sava\u015f, the services offered in our practice include fillers, botox, skin rejuvenation, regional thinning and many other non-surgical aesthetic applications. We also offer solutions for hair and immune system strengthening treatments. For more information about our applications and [&hellip;]\" \/>\n<meta property=\"og:url\" content=\"https:\/\/dryaseminsavas.com\/en\/rope-suspension-treatments\/\" \/>\n<meta property=\"og:site_name\" content=\"Dr. Yasemin Sava\u015f\" \/>\n<meta property=\"article:modified_time\" content=\"2024-11-15T13:31:25+00:00\" \/>\n<meta property=\"og:image\" content=\"https:\/\/dryaseminsavas.com\/wp-content\/uploads\/elementor\/thumbs\/Iple-Yuz-Askilama-Tedavisi-quc6tct4ylid7xn1mpp4z4mh3w2y25rqo63808796g.jpg\" \/>\n<meta name=\"twitter:card\" content=\"summary_large_image\" \/>\n<meta name=\"twitter:label1\" content=\"Est. reading time\" \/>\n\t<meta name=\"twitter:data1\" content=\"2 minutes\" \/>\n<script type=\"application\/ld+json\" class=\"yoast-schema-graph\">{\"@context\":\"https:\/\/schema.org\",\"@graph\":[{\"@type\":\"WebPage\",\"@id\":\"https:\/\/dryaseminsavas.com\/en\/rope-suspension-treatments\/\",\"url\":\"https:\/\/dryaseminsavas.com\/en\/rope-suspension-treatments\/\",\"name\":\"Rope Suspension Treatments - Dr. Yasemin Sava\u015f\",\"isPartOf\":{\"@id\":\"https:\/\/dryaseminsavas.com\/en\/#website\"},\"primaryImageOfPage\":{\"@id\":\"https:\/\/dryaseminsavas.com\/en\/rope-suspension-treatments\/#primaryimage\"},\"image\":{\"@id\":\"https:\/\/dryaseminsavas.com\/en\/rope-suspension-treatments\/#primaryimage\"},\"thumbnailUrl\":\"https:\/\/dryaseminsavas.com\/wp-content\/uploads\/elementor\/thumbs\/Iple-Yuz-Askilama-Tedavisi-quc6tct4ylid7xn1mpp4z4mh3w2y25rqo63808796g.jpg\",\"datePublished\":\"2024-09-26T20:34:40+00:00\",\"dateModified\":\"2024-11-15T13:31:25+00:00\",\"breadcrumb\":{\"@id\":\"https:\/\/dryaseminsavas.com\/en\/rope-suspension-treatments\/#breadcrumb\"},\"inLanguage\":\"en-US\",\"potentialAction\":[{\"@type\":\"ReadAction\",\"target\":[\"https:\/\/dryaseminsavas.com\/en\/rope-suspension-treatments\/\"]}]},{\"@type\":\"ImageObject\",\"inLanguage\":\"en-US\",\"@id\":\"https:\/\/dryaseminsavas.com\/en\/rope-suspension-treatments\/#primaryimage\",\"url\":\"https:\/\/dryaseminsavas.com\/wp-content\/uploads\/elementor\/thumbs\/Iple-Yuz-Askilama-Tedavisi-quc6tct4ylid7xn1mpp4z4mh3w2y25rqo63808796g.jpg\",\"contentUrl\":\"https:\/\/dryaseminsavas.com\/wp-content\/uploads\/elementor\/thumbs\/Iple-Yuz-Askilama-Tedavisi-quc6tct4ylid7xn1mpp4z4mh3w2y25rqo63808796g.jpg\"},{\"@type\":\"BreadcrumbList\",\"@id\":\"https:\/\/dryaseminsavas.com\/en\/rope-suspension-treatments\/#breadcrumb\",\"itemListElement\":[{\"@type\":\"ListItem\",\"position\":1,\"name\":\"Dr. Yasemin Sava\u015f\",\"item\":\"https:\/\/dryaseminsavas.com\/en\/homepage\/\"},{\"@type\":\"ListItem\",\"position\":2,\"name\":\"Rope Suspension Treatments\"}]},{\"@type\":\"WebSite\",\"@id\":\"https:\/\/dryaseminsavas.com\/en\/#website\",\"url\":\"https:\/\/dryaseminsavas.com\/en\/\",\"name\":\"Dr. Yasemin Sava\u015f\",\"description\":\"Kaliteli Ya\u015fam Klini\u011fi\",\"publisher\":{\"@id\":\"https:\/\/dryaseminsavas.com\/en\/#organization\"},\"potentialAction\":[{\"@type\":\"SearchAction\",\"target\":{\"@type\":\"EntryPoint\",\"urlTemplate\":\"https:\/\/dryaseminsavas.com\/en\/?s={search_term_string}\"},\"query-input\":{\"@type\":\"PropertyValueSpecification\",\"valueRequired\":true,\"valueName\":\"search_term_string\"}}],\"inLanguage\":\"en-US\"},{\"@type\":\"Organization\",\"@id\":\"https:\/\/dryaseminsavas.com\/en\/#organization\",\"name\":\"Dr. Yasemin Sava\u015f\",\"url\":\"https:\/\/dryaseminsavas.com\/en\/\",\"logo\":{\"@type\":\"ImageObject\",\"inLanguage\":\"en-US\",\"@id\":\"https:\/\/dryaseminsavas.com\/en\/#\/schema\/logo\/image\/\",\"url\":\"https:\/\/dryaseminsavas.com\/wp-content\/uploads\/2024\/06\/dryaseminsavas-logo.png\",\"contentUrl\":\"https:\/\/dryaseminsavas.com\/wp-content\/uploads\/2024\/06\/dryaseminsavas-logo.png\",\"width\":378,\"height\":88,\"caption\":\"Dr. Yasemin Sava\u015f\"},\"image\":{\"@id\":\"https:\/\/dryaseminsavas.com\/en\/#\/schema\/logo\/image\/\"}}]}<\/script>\n<!-- \/ Yoast SEO plugin. -->","yoast_head_json":{"title":"Rope Suspension Treatments - Dr. Yasemin Sava\u015f","robots":{"index":"index","follow":"follow","max-snippet":"max-snippet:-1","max-image-preview":"max-image-preview:large","max-video-preview":"max-video-preview:-1"},"canonical":"https:\/\/dryaseminsavas.com\/en\/rope-suspension-treatments\/","og_locale":"en_US","og_type":"article","og_title":"Rope Suspension Treatments - Dr. Yasemin Sava\u015f","og_description":"With 29 years of deep experience, we specialize in skin care and non-surgical aesthetic applications. As Yasemin Sava\u015f, the services offered in our practice include fillers, botox, skin rejuvenation, regional thinning and many other non-surgical aesthetic applications. We also offer solutions for hair and immune system strengthening treatments. For more information about our applications and [&hellip;]","og_url":"https:\/\/dryaseminsavas.com\/en\/rope-suspension-treatments\/","og_site_name":"Dr. Yasemin Sava\u015f","article_modified_time":"2024-11-15T13:31:25+00:00","og_image":[{"url":"https:\/\/dryaseminsavas.com\/wp-content\/uploads\/elementor\/thumbs\/Iple-Yuz-Askilama-Tedavisi-quc6tct4ylid7xn1mpp4z4mh3w2y25rqo63808796g.jpg","type":"","width":"","height":""}],"twitter_card":"summary_large_image","twitter_misc":{"Est. reading time":"2 minutes"},"schema":{"@context":"https:\/\/schema.org","@graph":[{"@type":"WebPage","@id":"https:\/\/dryaseminsavas.com\/en\/rope-suspension-treatments\/","url":"https:\/\/dryaseminsavas.com\/en\/rope-suspension-treatments\/","name":"Rope Suspension Treatments - Dr. Yasemin Sava\u015f","isPartOf":{"@id":"https:\/\/dryaseminsavas.com\/en\/#website"},"primaryImageOfPage":{"@id":"https:\/\/dryaseminsavas.com\/en\/rope-suspension-treatments\/#primaryimage"},"image":{"@id":"https:\/\/dryaseminsavas.com\/en\/rope-suspension-treatments\/#primaryimage"},"thumbnailUrl":"https:\/\/dryaseminsavas.com\/wp-content\/uploads\/elementor\/thumbs\/Iple-Yuz-Askilama-Tedavisi-quc6tct4ylid7xn1mpp4z4mh3w2y25rqo63808796g.jpg","datePublished":"2024-09-26T20:34:40+00:00","dateModified":"2024-11-15T13:31:25+00:00","breadcrumb":{"@id":"https:\/\/dryaseminsavas.com\/en\/rope-suspension-treatments\/#breadcrumb"},"inLanguage":"en-US","potentialAction":[{"@type":"ReadAction","target":["https:\/\/dryaseminsavas.com\/en\/rope-suspension-treatments\/"]}]},{"@type":"ImageObject","inLanguage":"en-US","@id":"https:\/\/dryaseminsavas.com\/en\/rope-suspension-treatments\/#primaryimage","url":"https:\/\/dryaseminsavas.com\/wp-content\/uploads\/elementor\/thumbs\/Iple-Yuz-Askilama-Tedavisi-quc6tct4ylid7xn1mpp4z4mh3w2y25rqo63808796g.jpg","contentUrl":"https:\/\/dryaseminsavas.com\/wp-content\/uploads\/elementor\/thumbs\/Iple-Yuz-Askilama-Tedavisi-quc6tct4ylid7xn1mpp4z4mh3w2y25rqo63808796g.jpg"},{"@type":"BreadcrumbList","@id":"https:\/\/dryaseminsavas.com\/en\/rope-suspension-treatments\/#breadcrumb","itemListElement":[{"@type":"ListItem","position":1,"name":"Dr. Yasemin Sava\u015f","item":"https:\/\/dryaseminsavas.com\/en\/homepage\/"},{"@type":"ListItem","position":2,"name":"Rope Suspension Treatments"}]},{"@type":"WebSite","@id":"https:\/\/dryaseminsavas.com\/en\/#website","url":"https:\/\/dryaseminsavas.com\/en\/","name":"Dr. Yasemin Sava\u015f","description":"Kaliteli Ya\u015fam Klini\u011fi","publisher":{"@id":"https:\/\/dryaseminsavas.com\/en\/#organization"},"potentialAction":[{"@type":"SearchAction","target":{"@type":"EntryPoint","urlTemplate":"https:\/\/dryaseminsavas.com\/en\/?s={search_term_string}"},"query-input":{"@type":"PropertyValueSpecification","valueRequired":true,"valueName":"search_term_string"}}],"inLanguage":"en-US"},{"@type":"Organization","@id":"https:\/\/dryaseminsavas.com\/en\/#organization","name":"Dr. Yasemin Sava\u015f","url":"https:\/\/dryaseminsavas.com\/en\/","logo":{"@type":"ImageObject","inLanguage":"en-US","@id":"https:\/\/dryaseminsavas.com\/en\/#\/schema\/logo\/image\/","url":"https:\/\/dryaseminsavas.com\/wp-content\/uploads\/2024\/06\/dryaseminsavas-logo.png","contentUrl":"https:\/\/dryaseminsavas.com\/wp-content\/uploads\/2024\/06\/dryaseminsavas-logo.png","width":378,"height":88,"caption":"Dr. Yasemin Sava\u015f"},"image":{"@id":"https:\/\/dryaseminsavas.com\/en\/#\/schema\/logo\/image\/"}}]}},"_links":{"self":[{"href":"https:\/\/dryaseminsavas.com\/en\/wp-json\/wp\/v2\/pages\/3343","targetHints":{"allow":["GET"]}}],"collection":[{"href":"https:\/\/dryaseminsavas.com\/en\/wp-json\/wp\/v2\/pages"}],"about":[{"href":"https:\/\/dryaseminsavas.com\/en\/wp-json\/wp\/v2\/types\/page"}],"author":[{"embeddable":true,"href":"https:\/\/dryaseminsavas.com\/en\/wp-json\/wp\/v2\/users\/1"}],"replies":[{"embeddable":true,"href":"https:\/\/dryaseminsavas.com\/en\/wp-json\/wp\/v2\/comments?post=3343"}],"version-history":[{"count":0,"href":"https:\/\/dryaseminsavas.com\/en\/wp-json\/wp\/v2\/pages\/3343\/revisions"}],"wp:attachment":[{"href":"https:\/\/dryaseminsavas.com\/en\/wp-json\/wp\/v2\/media?parent=3343"}],"curies":[{"name":"wp","href":"https:\/\/api.w.org\/{rel}","templated":true}]}}