{"id":3360,"date":"2024-08-08T10:34:40","date_gmt":"2024-08-08T10:34:40","guid":{"rendered":"https:\/\/dryaseminsavas.com\/body-treatments\/"},"modified":"2024-11-15T13:11:15","modified_gmt":"2024-11-15T13:11:15","slug":"body-treatments","status":"publish","type":"page","link":"https:\/\/dryaseminsavas.com\/en\/body-treatments\/","title":{"rendered":"Body Treatments"},"content":{"rendered":"\t\t<div data-elementor-type=\"wp-page\" data-elementor-id=\"3360\" class=\"elementor elementor-3360 elementor-1285\" data-elementor-post-type=\"page\">\n\t\t\t\t\t\t<section class=\"elementor-section elementor-top-section elementor-element elementor-element-4f9c157 pbmit-col-stretched-none pbmit-bg-color-over-image elementor-section-boxed elementor-section-height-default elementor-section-height-default\" data-id=\"4f9c157\" data-element_type=\"section\">\n\t\t\t\t\t\t<div class=\"elementor-container elementor-column-gap-default\">\n\t\t\t\t\t<div class=\"elementor-column elementor-col-100 elementor-top-column elementor-element elementor-element-a3efb42 pbmit-bg-color-over-image\" data-id=\"a3efb42\" data-element_type=\"column\">\n\t\t\t<div class=\"elementor-widget-wrap elementor-element-populated\">\n\t\t\t\t\t\t<div class=\"elementor-element elementor-element-6b8d337 elementor-widget elementor-widget-text-editor\" data-id=\"6b8d337\" data-element_type=\"widget\" data-widget_type=\"text-editor.default\">\n\t\t\t\t<div class=\"elementor-widget-container\">\n\t\t\t<style>\/*! elementor - v3.22.0 - 26-06-2024 *\/\n.elementor-widget-text-editor.elementor-drop-cap-view-stacked .elementor-drop-cap{background-color:#69727d;color:#fff}.elementor-widget-text-editor.elementor-drop-cap-view-framed .elementor-drop-cap{color:#69727d;border:3px solid;background-color:transparent}.elementor-widget-text-editor:not(.elementor-drop-cap-view-default) .elementor-drop-cap{margin-top:8px}.elementor-widget-text-editor:not(.elementor-drop-cap-view-default) .elementor-drop-cap-letter{width:1em;height:1em}.elementor-widget-text-editor .elementor-drop-cap{float:left;text-align:center;line-height:1;font-size:50px}.elementor-widget-text-editor .elementor-drop-cap-letter{display:inline-block}<\/style>\t\t\t\t<p>With 29 years of deep experience, we specialize in skin care and non-surgical aesthetic applications. As Yasemin Sava\u015f, the services offered in our practice include fillers, botox, skin rejuvenation, regional thinning and many other non-surgical aesthetic applications. We also offer solutions for hair and immune system strengthening treatments.   For more information about our applications and treatments, please see the details below.<\/p>\n\t\t\t\t\t\t<\/div>\n\t\t\t\t<\/div>\n\t\t\t\t\t<\/div>\n\t\t<\/div>\n\t\t\t\t\t<\/div>\n\t\t<\/section>\n\t\t\t\t<section class=\"elementor-section elementor-top-section elementor-element elementor-element-d414aa3 pbmit-col-stretched-none pbmit-bg-color-over-image elementor-section-boxed elementor-section-height-default elementor-section-height-default\" data-id=\"d414aa3\" data-element_type=\"section\">\n\t\t\t\t\t\t<div class=\"elementor-container elementor-column-gap-default\">\n\t\t\t\t\t<div class=\"elementor-column elementor-col-25 elementor-top-column elementor-element elementor-element-99d831f pbmit-bg-color-over-image\" data-id=\"99d831f\" data-element_type=\"column\">\n\t\t\t<div class=\"elementor-widget-wrap elementor-element-populated\">\n\t\t\t\t\t\t<div class=\"elementor-element elementor-element-e25d055 elementor-position-top elementor-widget elementor-widget-image-box\" data-id=\"e25d055\" data-element_type=\"widget\" data-widget_type=\"image-box.default\">\n\t\t\t\t<div class=\"elementor-widget-container\">\n\t\t\t<style>.elementor-widget-image-box .elementor-image-box-content{width:100%}@media (min-width:768px){.elementor-widget-image-box.elementor-position-left .elementor-image-box-wrapper,.elementor-widget-image-box.elementor-position-right .elementor-image-box-wrapper{display:flex}.elementor-widget-image-box.elementor-position-right .elementor-image-box-wrapper{text-align:end;flex-direction:row-reverse}.elementor-widget-image-box.elementor-position-left .elementor-image-box-wrapper{text-align:start;flex-direction:row}.elementor-widget-image-box.elementor-position-top .elementor-image-box-img{margin:auto}.elementor-widget-image-box.elementor-vertical-align-top .elementor-image-box-wrapper{align-items:flex-start}.elementor-widget-image-box.elementor-vertical-align-middle .elementor-image-box-wrapper{align-items:center}.elementor-widget-image-box.elementor-vertical-align-bottom .elementor-image-box-wrapper{align-items:flex-end}}@media (max-width:767px){.elementor-widget-image-box .elementor-image-box-img{margin-left:auto!important;margin-right:auto!important;margin-bottom:15px}}.elementor-widget-image-box .elementor-image-box-img{display:inline-block}.elementor-widget-image-box .elementor-image-box-title a{color:inherit}.elementor-widget-image-box .elementor-image-box-wrapper{text-align:center}.elementor-widget-image-box .elementor-image-box-description{margin:0}<\/style><div class=\"elementor-image-box-wrapper\"><figure class=\"elementor-image-box-img\"><a href=\"https:\/\/dryaseminsavas.com\/soguk-lipoliz-tedavisi\" tabindex=\"-1\"><img decoding=\"async\" src=\"https:\/\/dryaseminsavas.com\/wp-content\/uploads\/elementor\/thumbs\/Soguk-Lipoliz-Tedavisi-qua19rwnrs1on0kei1cxtko13nfdv3e074lu4bb0hk.jpg\" title=\"So\u011fuk Lipoliz Tedavisi\" alt=\"So\u011fuk Lipoliz Tedavisi\" loading=\"lazy\" \/><\/a><\/figure><div class=\"elementor-image-box-content\"><div class=\"elementor-image-box-title\"><a href=\"https:\/\/dryaseminsavas.com\/soguk-lipoliz-tedavisi\">Cold Lipolysis Treatment<\/a><\/div><\/div><\/div>\t\t<\/div>\n\t\t\t\t<\/div>\n\t\t\t\t\t<\/div>\n\t\t<\/div>\n\t\t\t\t<div class=\"elementor-column elementor-col-25 elementor-top-column elementor-element elementor-element-8847588 pbmit-bg-color-over-image\" data-id=\"8847588\" data-element_type=\"column\">\n\t\t\t<div class=\"elementor-widget-wrap elementor-element-populated\">\n\t\t\t\t\t\t<div class=\"elementor-element elementor-element-98c2e7d elementor-position-top elementor-widget elementor-widget-image-box\" data-id=\"98c2e7d\" data-element_type=\"widget\" data-widget_type=\"image-box.default\">\n\t\t\t\t<div class=\"elementor-widget-container\">\n\t\t\t<div class=\"elementor-image-box-wrapper\"><figure class=\"elementor-image-box-img\"><a href=\"https:\/\/dryaseminsavas.com\/kavitasyon-ultrason-tedavisi\" tabindex=\"-1\"><img decoding=\"async\" src=\"https:\/\/dryaseminsavas.com\/wp-content\/uploads\/elementor\/thumbs\/Kavitasyon-Ultrason-Tedavisi-quyutlmjhzdhu306zr9hl4vg0gb5ixfcv2y02fr0hk.jpg\" title=\"Kavitasyon Ultrason Tedavisi\" alt=\"Kavitasyon Ultrason Tedavisi\" loading=\"lazy\" \/><\/a><\/figure><div class=\"elementor-image-box-content\"><div class=\"elementor-image-box-title\"><a href=\"https:\/\/dryaseminsavas.com\/kavitasyon-ultrason-tedavisi\">Cavitation Ultrasound Treatment<\/a><\/div><\/div><\/div>\t\t<\/div>\n\t\t\t\t<\/div>\n\t\t\t\t\t<\/div>\n\t\t<\/div>\n\t\t\t\t<div class=\"elementor-column elementor-col-25 elementor-top-column elementor-element elementor-element-bbd4698 pbmit-bg-color-over-image\" data-id=\"bbd4698\" data-element_type=\"column\">\n\t\t\t<div class=\"elementor-widget-wrap elementor-element-populated\">\n\t\t\t\t\t\t<div class=\"elementor-element elementor-element-49e8184 elementor-position-top elementor-widget elementor-widget-image-box\" data-id=\"49e8184\" data-element_type=\"widget\" data-widget_type=\"image-box.default\">\n\t\t\t\t<div class=\"elementor-widget-container\">\n\t\t\t<div class=\"elementor-image-box-wrapper\"><figure class=\"elementor-image-box-img\"><a href=\"https:\/\/dryaseminsavas.com\/inshape-kas-atimi-tedavisi\" tabindex=\"-1\"><img decoding=\"async\" src=\"https:\/\/dryaseminsavas.com\/wp-content\/uploads\/elementor\/thumbs\/Inshape-Kas-Atimi-Tedavisi-qua0ye3100go113oz47lmg323njcn271as64vo6nug.jpg\" title=\"Inshape Kas At\u0131m\u0131 Tedavisi\" alt=\"Inshape Kas At\u0131m\u0131 Tedavisi\" loading=\"lazy\" \/><\/a><\/figure><div class=\"elementor-image-box-content\"><div class=\"elementor-image-box-title\"><a href=\"https:\/\/dryaseminsavas.com\/inshape-kas-atimi-tedavisi\">Inshape Muscle Pulse Treatment<\/a><\/div><\/div><\/div>\t\t<\/div>\n\t\t\t\t<\/div>\n\t\t\t\t\t<\/div>\n\t\t<\/div>\n\t\t\t\t<div class=\"elementor-column elementor-col-25 elementor-top-column elementor-element elementor-element-9dc8f89 pbmit-bg-color-over-image\" data-id=\"9dc8f89\" data-element_type=\"column\">\n\t\t\t<div class=\"elementor-widget-wrap elementor-element-populated\">\n\t\t\t\t\t\t<div class=\"elementor-element elementor-element-6061cf8 elementor-position-top elementor-widget elementor-widget-image-box\" data-id=\"6061cf8\" data-element_type=\"widget\" data-widget_type=\"image-box.default\">\n\t\t\t\t<div class=\"elementor-widget-container\">\n\t\t\t<div class=\"elementor-image-box-wrapper\"><figure class=\"elementor-image-box-img\"><a href=\"https:\/\/dryaseminsavas.com\/catlak-tedavisi\" tabindex=\"-1\"><img decoding=\"async\" src=\"https:\/\/dryaseminsavas.com\/wp-content\/uploads\/elementor\/thumbs\/Catlak-Tedavisi-qua0w66qv3fam6bqxnob8i8vlwh5gsdunspv35h4jc.jpg\" title=\"\u00c7atlak Tedavisi\" alt=\"\u00c7atlak Tedavisi\" loading=\"lazy\" \/><\/a><\/figure><div class=\"elementor-image-box-content\"><div class=\"elementor-image-box-title\"><a href=\"https:\/\/dryaseminsavas.com\/catlak-tedavisi\">Fractional CO2 Laser Stretch Mark Treatment<\/a><\/div><\/div><\/div>\t\t<\/div>\n\t\t\t\t<\/div>\n\t\t\t\t\t<\/div>\n\t\t<\/div>\n\t\t\t\t\t<\/div>\n\t\t<\/section>\n\t\t\t\t<section class=\"elementor-section elementor-top-section elementor-element elementor-element-1ea3d0b pbmit-col-stretched-none pbmit-bg-color-over-image elementor-section-boxed elementor-section-height-default elementor-section-height-default\" data-id=\"1ea3d0b\" data-element_type=\"section\">\n\t\t\t\t\t\t<div class=\"elementor-container elementor-column-gap-default\">\n\t\t\t\t\t<div class=\"elementor-column elementor-col-25 elementor-top-column elementor-element elementor-element-79bbb08 pbmit-bg-color-over-image\" data-id=\"79bbb08\" data-element_type=\"column\">\n\t\t\t<div class=\"elementor-widget-wrap elementor-element-populated\">\n\t\t\t\t\t\t<div class=\"elementor-element elementor-element-c6fb8d7 elementor-position-top elementor-widget elementor-widget-image-box\" data-id=\"c6fb8d7\" data-element_type=\"widget\" data-widget_type=\"image-box.default\">\n\t\t\t\t<div class=\"elementor-widget-container\">\n\t\t\t<div class=\"elementor-image-box-wrapper\"><figure class=\"elementor-image-box-img\"><a href=\"https:\/\/dryaseminsavas.com\/lokal-ozon-selulit-tedavisi\" tabindex=\"-1\"><img decoding=\"async\" src=\"https:\/\/dryaseminsavas.com\/wp-content\/uploads\/elementor\/thumbs\/Lokal-Ozon-Selulit-Tedavisi-quyvjrgtpz6szd0482dnzj7b8jcxrnaegkmixoyjaw.jpg\" title=\"Lokal Ozon Sel\u00fclit Tedavisi\" alt=\"Lokal Ozon Sel\u00fclit Tedavisi\" loading=\"lazy\" \/><\/a><\/figure><div class=\"elementor-image-box-content\"><div class=\"elementor-image-box-title\"><a href=\"https:\/\/dryaseminsavas.com\/lokal-ozon-selulit-tedavisi\">Local Ozone Cellulite Treatment<\/a><\/div><\/div><\/div>\t\t<\/div>\n\t\t\t\t<\/div>\n\t\t\t\t\t<\/div>\n\t\t<\/div>\n\t\t\t\t<div class=\"elementor-column elementor-col-25 elementor-top-column elementor-element elementor-element-51e484e pbmit-bg-color-over-image\" data-id=\"51e484e\" data-element_type=\"column\">\n\t\t\t<div class=\"elementor-widget-wrap elementor-element-populated\">\n\t\t\t\t\t\t<div class=\"elementor-element elementor-element-a3bb508 elementor-position-top elementor-widget elementor-widget-image-box\" data-id=\"a3bb508\" data-element_type=\"widget\" data-widget_type=\"image-box.default\">\n\t\t\t\t<div class=\"elementor-widget-container\">\n\t\t\t<div class=\"elementor-image-box-wrapper\"><figure class=\"elementor-image-box-img\"><a href=\"https:\/\/dryaseminsavas.com\/mezoterapi-ile-lipoliz-tedavisi\" tabindex=\"-1\"><img decoding=\"async\" src=\"https:\/\/dryaseminsavas.com\/wp-content\/uploads\/elementor\/thumbs\/Mezoterapi-ile-Lipoliz-Tedavisi-qua10mx5brjbrhu9v35ikvop6sgx113y9w9w5guszc.jpg\" title=\"Mezoterapi ile Lipoliz Tedavisi\" alt=\"Mezoterapi ile Lipoliz Tedavisi\" loading=\"lazy\" \/><\/a><\/figure><div class=\"elementor-image-box-content\"><div class=\"elementor-image-box-title\"><a href=\"https:\/\/dryaseminsavas.com\/mezoterapi-ile-lipoliz-tedavisi\">Lipolysis Treatment with Mesotherapy<\/a><\/div><\/div><\/div>\t\t<\/div>\n\t\t\t\t<\/div>\n\t\t\t\t\t<\/div>\n\t\t<\/div>\n\t\t\t\t<div class=\"elementor-column elementor-col-25 elementor-top-column elementor-element elementor-element-6e1148e pbmit-bg-color-over-image\" data-id=\"6e1148e\" data-element_type=\"column\">\n\t\t\t<div class=\"elementor-widget-wrap elementor-element-populated\">\n\t\t\t\t\t\t<div class=\"elementor-element elementor-element-e653e65 elementor-position-top elementor-widget elementor-widget-image-box\" data-id=\"e653e65\" data-element_type=\"widget\" data-widget_type=\"image-box.default\">\n\t\t\t\t<div class=\"elementor-widget-container\">\n\t\t\t<div class=\"elementor-image-box-wrapper\"><figure class=\"elementor-image-box-img\"><a href=\"https:\/\/dryaseminsavas.com\/radyofrekans-tedavisi\" tabindex=\"-1\"><img decoding=\"async\" src=\"https:\/\/dryaseminsavas.com\/wp-content\/uploads\/elementor\/thumbs\/Radyofrekans-Tedavisi-qua18abuy80c98q86w77dg6r8orgochazrf5rjigc8.jpg\" title=\"Radyofrekans Tedavisi\" alt=\"Radyofrekans Tedavisi\" loading=\"lazy\" \/><\/a><\/figure><div class=\"elementor-image-box-content\"><div class=\"elementor-image-box-title\"><a href=\"https:\/\/dryaseminsavas.com\/radyofrekans-tedavisi\">Radiofrequency Treatment<\/a><\/div><\/div><\/div>\t\t<\/div>\n\t\t\t\t<\/div>\n\t\t\t\t\t<\/div>\n\t\t<\/div>\n\t\t\t\t<div class=\"elementor-column elementor-col-25 elementor-top-column elementor-element elementor-element-b7e8411 pbmit-bg-color-over-image\" data-id=\"b7e8411\" data-element_type=\"column\">\n\t\t\t<div class=\"elementor-widget-wrap elementor-element-populated\">\n\t\t\t\t\t\t<div class=\"elementor-element elementor-element-9d4c3ff elementor-position-top elementor-widget elementor-widget-image-box\" data-id=\"9d4c3ff\" data-element_type=\"widget\" data-widget_type=\"image-box.default\">\n\t\t\t\t<div class=\"elementor-widget-container\">\n\t\t\t<div class=\"elementor-image-box-wrapper\"><figure class=\"elementor-image-box-img\"><a href=\"https:\/\/dryaseminsavas.com\/sivi-vucut-germe\" tabindex=\"-1\"><img decoding=\"async\" src=\"https:\/\/dryaseminsavas.com\/wp-content\/uploads\/elementor\/thumbs\/Sivi-Vucut-GermeKol-Dizustu-Ic-Bacak-Karin-qv17ai7vhs57zfx58pe6m9ugh22ofqlym5yxlkywqg.jpg\" title=\"S\u0131v\u0131 V\u00fccut Germe(Kol, Diz\u00fcst\u00fc, \u0130\u00e7 Bacak, Kar\u0131n)\" alt=\"S\u0131v\u0131 V\u00fccut Germe(Kol, Diz\u00fcst\u00fc, \u0130\u00e7 Bacak, Kar\u0131n)\" loading=\"lazy\" \/><\/a><\/figure><div class=\"elementor-image-box-content\"><div class=\"elementor-image-box-title\"><a href=\"https:\/\/dryaseminsavas.com\/sivi-vucut-germe\">Liquid Body Lift<\/a><\/div><\/div><\/div>\t\t<\/div>\n\t\t\t\t<\/div>\n\t\t\t\t\t<\/div>\n\t\t<\/div>\n\t\t\t\t\t<\/div>\n\t\t<\/section>\n\t\t\t\t<section class=\"elementor-section elementor-top-section elementor-element elementor-element-867bb3c pbmit-col-stretched-none pbmit-bg-color-over-image elementor-section-boxed elementor-section-height-default elementor-section-height-default\" data-id=\"867bb3c\" data-element_type=\"section\">\n\t\t\t\t\t\t<div class=\"elementor-container elementor-column-gap-default\">\n\t\t\t\t\t<div class=\"elementor-column elementor-col-25 elementor-top-column elementor-element elementor-element-fd8aff7 pbmit-bg-color-over-image\" data-id=\"fd8aff7\" data-element_type=\"column\">\n\t\t\t<div class=\"elementor-widget-wrap\">\n\t\t\t\t\t\t\t<\/div>\n\t\t<\/div>\n\t\t\t\t<div class=\"elementor-column elementor-col-25 elementor-top-column elementor-element elementor-element-b5f04f1 pbmit-bg-color-over-image\" data-id=\"b5f04f1\" data-element_type=\"column\">\n\t\t\t<div class=\"elementor-widget-wrap\">\n\t\t\t\t\t\t\t<\/div>\n\t\t<\/div>\n\t\t\t\t<div class=\"elementor-column elementor-col-25 elementor-top-column elementor-element elementor-element-118ca2f pbmit-bg-color-over-image\" data-id=\"118ca2f\" data-element_type=\"column\">\n\t\t\t<div class=\"elementor-widget-wrap\">\n\t\t\t\t\t\t\t<\/div>\n\t\t<\/div>\n\t\t\t\t<div class=\"elementor-column elementor-col-25 elementor-top-column elementor-element elementor-element-a6c1a4a pbmit-bg-color-over-image\" data-id=\"a6c1a4a\" data-element_type=\"column\">\n\t\t\t<div class=\"elementor-widget-wrap\">\n\t\t\t\t\t\t\t<\/div>\n\t\t<\/div>\n\t\t\t\t\t<\/div>\n\t\t<\/section>\n\t\t\t\t<\/div>\n\t\t","protected":false},"excerpt":{"rendered":"<p>With 29 years of deep experience, we specialize in skin care and non-surgical aesthetic applications. As Yasemin Sava\u015f, the services offered in our practice include fillers, botox, skin rejuvenation, regional thinning and many other non-surgical aesthetic applications. We also offer solutions for hair and immune system strengthening treatments. For more information about our applications and [&hellip;]<\/p>\n","protected":false},"author":1,"featured_media":0,"parent":0,"menu_order":0,"comment_status":"closed","ping_status":"closed","template":"","meta":{"_acf_changed":false,"inline_featured_image":false,"footnotes":""},"class_list":["post-3360","page","type-page","status-publish","hentry"],"acf":[],"yoast_head":"<!-- This site is optimized with the Yoast SEO plugin v26.6 - https:\/\/yoast.com\/wordpress\/plugins\/seo\/ -->\n<title>Body Treatments - Dr. Yasemin Sava\u015f<\/title>\n<meta name=\"robots\" content=\"index, follow, max-snippet:-1, max-image-preview:large, max-video-preview:-1\" \/>\n<link rel=\"canonical\" href=\"https:\/\/dryaseminsavas.com\/en\/body-treatments\/\" \/>\n<meta property=\"og:locale\" content=\"en_US\" \/>\n<meta property=\"og:type\" content=\"article\" \/>\n<meta property=\"og:title\" content=\"Body Treatments - Dr. Yasemin Sava\u015f\" \/>\n<meta property=\"og:description\" content=\"With 29 years of deep experience, we specialize in skin care and non-surgical aesthetic applications. As Yasemin Sava\u015f, the services offered in our practice include fillers, botox, skin rejuvenation, regional thinning and many other non-surgical aesthetic applications. We also offer solutions for hair and immune system strengthening treatments. For more information about our applications and [&hellip;]\" \/>\n<meta property=\"og:url\" content=\"https:\/\/dryaseminsavas.com\/en\/body-treatments\/\" \/>\n<meta property=\"og:site_name\" content=\"Dr. Yasemin Sava\u015f\" \/>\n<meta property=\"article:modified_time\" content=\"2024-11-15T13:11:15+00:00\" \/>\n<meta property=\"og:image\" content=\"https:\/\/dryaseminsavas.com\/wp-content\/uploads\/elementor\/thumbs\/Soguk-Lipoliz-Tedavisi-qua19rwnrs1on0kei1cxtko13nfdv3e074lu4bb0hk.jpg\" \/>\n<meta name=\"twitter:card\" content=\"summary_large_image\" \/>\n<meta name=\"twitter:label1\" content=\"Est. reading time\" \/>\n\t<meta name=\"twitter:data1\" content=\"3 minutes\" \/>\n<script type=\"application\/ld+json\" class=\"yoast-schema-graph\">{\"@context\":\"https:\/\/schema.org\",\"@graph\":[{\"@type\":\"WebPage\",\"@id\":\"https:\/\/dryaseminsavas.com\/en\/body-treatments\/\",\"url\":\"https:\/\/dryaseminsavas.com\/en\/body-treatments\/\",\"name\":\"Body Treatments - Dr. Yasemin Sava\u015f\",\"isPartOf\":{\"@id\":\"https:\/\/dryaseminsavas.com\/en\/#website\"},\"primaryImageOfPage\":{\"@id\":\"https:\/\/dryaseminsavas.com\/en\/body-treatments\/#primaryimage\"},\"image\":{\"@id\":\"https:\/\/dryaseminsavas.com\/en\/body-treatments\/#primaryimage\"},\"thumbnailUrl\":\"https:\/\/dryaseminsavas.com\/wp-content\/uploads\/elementor\/thumbs\/Soguk-Lipoliz-Tedavisi-qua19rwnrs1on0kei1cxtko13nfdv3e074lu4bb0hk.jpg\",\"datePublished\":\"2024-08-08T10:34:40+00:00\",\"dateModified\":\"2024-11-15T13:11:15+00:00\",\"breadcrumb\":{\"@id\":\"https:\/\/dryaseminsavas.com\/en\/body-treatments\/#breadcrumb\"},\"inLanguage\":\"en-US\",\"potentialAction\":[{\"@type\":\"ReadAction\",\"target\":[\"https:\/\/dryaseminsavas.com\/en\/body-treatments\/\"]}]},{\"@type\":\"ImageObject\",\"inLanguage\":\"en-US\",\"@id\":\"https:\/\/dryaseminsavas.com\/en\/body-treatments\/#primaryimage\",\"url\":\"https:\/\/dryaseminsavas.com\/wp-content\/uploads\/elementor\/thumbs\/Soguk-Lipoliz-Tedavisi-qua19rwnrs1on0kei1cxtko13nfdv3e074lu4bb0hk.jpg\",\"contentUrl\":\"https:\/\/dryaseminsavas.com\/wp-content\/uploads\/elementor\/thumbs\/Soguk-Lipoliz-Tedavisi-qua19rwnrs1on0kei1cxtko13nfdv3e074lu4bb0hk.jpg\"},{\"@type\":\"BreadcrumbList\",\"@id\":\"https:\/\/dryaseminsavas.com\/en\/body-treatments\/#breadcrumb\",\"itemListElement\":[{\"@type\":\"ListItem\",\"position\":1,\"name\":\"Dr. Yasemin Sava\u015f\",\"item\":\"https:\/\/dryaseminsavas.com\/en\/homepage\/\"},{\"@type\":\"ListItem\",\"position\":2,\"name\":\"Body Treatments\"}]},{\"@type\":\"WebSite\",\"@id\":\"https:\/\/dryaseminsavas.com\/en\/#website\",\"url\":\"https:\/\/dryaseminsavas.com\/en\/\",\"name\":\"Dr. Yasemin Sava\u015f\",\"description\":\"Kaliteli Ya\u015fam Klini\u011fi\",\"publisher\":{\"@id\":\"https:\/\/dryaseminsavas.com\/en\/#organization\"},\"potentialAction\":[{\"@type\":\"SearchAction\",\"target\":{\"@type\":\"EntryPoint\",\"urlTemplate\":\"https:\/\/dryaseminsavas.com\/en\/?s={search_term_string}\"},\"query-input\":{\"@type\":\"PropertyValueSpecification\",\"valueRequired\":true,\"valueName\":\"search_term_string\"}}],\"inLanguage\":\"en-US\"},{\"@type\":\"Organization\",\"@id\":\"https:\/\/dryaseminsavas.com\/en\/#organization\",\"name\":\"Dr. Yasemin Sava\u015f\",\"url\":\"https:\/\/dryaseminsavas.com\/en\/\",\"logo\":{\"@type\":\"ImageObject\",\"inLanguage\":\"en-US\",\"@id\":\"https:\/\/dryaseminsavas.com\/en\/#\/schema\/logo\/image\/\",\"url\":\"https:\/\/dryaseminsavas.com\/wp-content\/uploads\/2024\/06\/dryaseminsavas-logo.png\",\"contentUrl\":\"https:\/\/dryaseminsavas.com\/wp-content\/uploads\/2024\/06\/dryaseminsavas-logo.png\",\"width\":378,\"height\":88,\"caption\":\"Dr. Yasemin Sava\u015f\"},\"image\":{\"@id\":\"https:\/\/dryaseminsavas.com\/en\/#\/schema\/logo\/image\/\"}}]}<\/script>\n<!-- \/ Yoast SEO plugin. -->","yoast_head_json":{"title":"Body Treatments - Dr. Yasemin Sava\u015f","robots":{"index":"index","follow":"follow","max-snippet":"max-snippet:-1","max-image-preview":"max-image-preview:large","max-video-preview":"max-video-preview:-1"},"canonical":"https:\/\/dryaseminsavas.com\/en\/body-treatments\/","og_locale":"en_US","og_type":"article","og_title":"Body Treatments - Dr. Yasemin Sava\u015f","og_description":"With 29 years of deep experience, we specialize in skin care and non-surgical aesthetic applications. As Yasemin Sava\u015f, the services offered in our practice include fillers, botox, skin rejuvenation, regional thinning and many other non-surgical aesthetic applications. We also offer solutions for hair and immune system strengthening treatments. For more information about our applications and [&hellip;]","og_url":"https:\/\/dryaseminsavas.com\/en\/body-treatments\/","og_site_name":"Dr. Yasemin Sava\u015f","article_modified_time":"2024-11-15T13:11:15+00:00","og_image":[{"url":"https:\/\/dryaseminsavas.com\/wp-content\/uploads\/elementor\/thumbs\/Soguk-Lipoliz-Tedavisi-qua19rwnrs1on0kei1cxtko13nfdv3e074lu4bb0hk.jpg","type":"","width":"","height":""}],"twitter_card":"summary_large_image","twitter_misc":{"Est. reading time":"3 minutes"},"schema":{"@context":"https:\/\/schema.org","@graph":[{"@type":"WebPage","@id":"https:\/\/dryaseminsavas.com\/en\/body-treatments\/","url":"https:\/\/dryaseminsavas.com\/en\/body-treatments\/","name":"Body Treatments - Dr. Yasemin Sava\u015f","isPartOf":{"@id":"https:\/\/dryaseminsavas.com\/en\/#website"},"primaryImageOfPage":{"@id":"https:\/\/dryaseminsavas.com\/en\/body-treatments\/#primaryimage"},"image":{"@id":"https:\/\/dryaseminsavas.com\/en\/body-treatments\/#primaryimage"},"thumbnailUrl":"https:\/\/dryaseminsavas.com\/wp-content\/uploads\/elementor\/thumbs\/Soguk-Lipoliz-Tedavisi-qua19rwnrs1on0kei1cxtko13nfdv3e074lu4bb0hk.jpg","datePublished":"2024-08-08T10:34:40+00:00","dateModified":"2024-11-15T13:11:15+00:00","breadcrumb":{"@id":"https:\/\/dryaseminsavas.com\/en\/body-treatments\/#breadcrumb"},"inLanguage":"en-US","potentialAction":[{"@type":"ReadAction","target":["https:\/\/dryaseminsavas.com\/en\/body-treatments\/"]}]},{"@type":"ImageObject","inLanguage":"en-US","@id":"https:\/\/dryaseminsavas.com\/en\/body-treatments\/#primaryimage","url":"https:\/\/dryaseminsavas.com\/wp-content\/uploads\/elementor\/thumbs\/Soguk-Lipoliz-Tedavisi-qua19rwnrs1on0kei1cxtko13nfdv3e074lu4bb0hk.jpg","contentUrl":"https:\/\/dryaseminsavas.com\/wp-content\/uploads\/elementor\/thumbs\/Soguk-Lipoliz-Tedavisi-qua19rwnrs1on0kei1cxtko13nfdv3e074lu4bb0hk.jpg"},{"@type":"BreadcrumbList","@id":"https:\/\/dryaseminsavas.com\/en\/body-treatments\/#breadcrumb","itemListElement":[{"@type":"ListItem","position":1,"name":"Dr. Yasemin Sava\u015f","item":"https:\/\/dryaseminsavas.com\/en\/homepage\/"},{"@type":"ListItem","position":2,"name":"Body Treatments"}]},{"@type":"WebSite","@id":"https:\/\/dryaseminsavas.com\/en\/#website","url":"https:\/\/dryaseminsavas.com\/en\/","name":"Dr. Yasemin Sava\u015f","description":"Kaliteli Ya\u015fam Klini\u011fi","publisher":{"@id":"https:\/\/dryaseminsavas.com\/en\/#organization"},"potentialAction":[{"@type":"SearchAction","target":{"@type":"EntryPoint","urlTemplate":"https:\/\/dryaseminsavas.com\/en\/?s={search_term_string}"},"query-input":{"@type":"PropertyValueSpecification","valueRequired":true,"valueName":"search_term_string"}}],"inLanguage":"en-US"},{"@type":"Organization","@id":"https:\/\/dryaseminsavas.com\/en\/#organization","name":"Dr. Yasemin Sava\u015f","url":"https:\/\/dryaseminsavas.com\/en\/","logo":{"@type":"ImageObject","inLanguage":"en-US","@id":"https:\/\/dryaseminsavas.com\/en\/#\/schema\/logo\/image\/","url":"https:\/\/dryaseminsavas.com\/wp-content\/uploads\/2024\/06\/dryaseminsavas-logo.png","contentUrl":"https:\/\/dryaseminsavas.com\/wp-content\/uploads\/2024\/06\/dryaseminsavas-logo.png","width":378,"height":88,"caption":"Dr. Yasemin Sava\u015f"},"image":{"@id":"https:\/\/dryaseminsavas.com\/en\/#\/schema\/logo\/image\/"}}]}},"_links":{"self":[{"href":"https:\/\/dryaseminsavas.com\/en\/wp-json\/wp\/v2\/pages\/3360","targetHints":{"allow":["GET"]}}],"collection":[{"href":"https:\/\/dryaseminsavas.com\/en\/wp-json\/wp\/v2\/pages"}],"about":[{"href":"https:\/\/dryaseminsavas.com\/en\/wp-json\/wp\/v2\/types\/page"}],"author":[{"embeddable":true,"href":"https:\/\/dryaseminsavas.com\/en\/wp-json\/wp\/v2\/users\/1"}],"replies":[{"embeddable":true,"href":"https:\/\/dryaseminsavas.com\/en\/wp-json\/wp\/v2\/comments?post=3360"}],"version-history":[{"count":0,"href":"https:\/\/dryaseminsavas.com\/en\/wp-json\/wp\/v2\/pages\/3360\/revisions"}],"wp:attachment":[{"href":"https:\/\/dryaseminsavas.com\/en\/wp-json\/wp\/v2\/media?parent=3360"}],"curies":[{"name":"wp","href":"https:\/\/api.w.org\/{rel}","templated":true}]}}