{"id":3370,"date":"2024-01-27T07:26:00","date_gmt":"2024-01-27T07:26:00","guid":{"rendered":"https:\/\/dryaseminsavas.com\/online-consultation\/"},"modified":"2024-10-16T22:25:41","modified_gmt":"2024-10-16T22:25:41","slug":"online-consultation","status":"publish","type":"page","link":"https:\/\/dryaseminsavas.com\/en\/online-consultation\/","title":{"rendered":"Online Consultation"},"content":{"rendered":"\t\t<div data-elementor-type=\"wp-page\" data-elementor-id=\"3370\" class=\"elementor elementor-3370 elementor-41\" data-elementor-post-type=\"page\">\n\t\t\t\t\t\t<div class=\"elementor-section elementor-top-section elementor-element elementor-element-0c17e3c pbmit-col-stretched-none pbmit-bg-color-over-image elementor-section-boxed elementor-section-height-default elementor-section-height-default\" data-id=\"0c17e3c\" data-element_type=\"section\">\n\t\t\t\t\t\t<div class=\"elementor-container elementor-column-gap-no\">\n\t\t\t\t\t<div class=\"elementor-column elementor-col-100 elementor-top-column elementor-element elementor-element-f4a1920 pbmit-bg-color-over-image\" data-id=\"f4a1920\" data-element_type=\"column\">\n\t\t\t<div class=\"elementor-widget-wrap elementor-element-populated\">\n\t\t\t\t\t\t<div class=\"elementor-section elementor-inner-section elementor-element elementor-element-8901a46 pbmit-col-stretched-none pbmit-bg-color-over-image elementor-section-boxed elementor-section-height-default elementor-section-height-default\" data-id=\"8901a46\" data-element_type=\"section\">\n\t\t\t\t\t\t<div class=\"elementor-container elementor-column-gap-no\">\n\t\t\t\t\t<div class=\"elementor-column elementor-col-100 elementor-inner-column elementor-element elementor-element-220637e pbmit-bg-color-over-image\" data-id=\"220637e\" data-element_type=\"column\">\n\t\t\t<div class=\"elementor-widget-wrap elementor-element-populated\">\n\t\t\t\t\t\t<div class=\"elementor-element elementor-element-2944d9c elementor-widget elementor-widget-pbmit_heading\" data-id=\"2944d9c\" data-element_type=\"widget\" data-widget_type=\"pbmit_heading.default\">\n\t\t\t\t<div class=\"elementor-widget-container\">\n\t\t\t\t<div class=\"pbmit-heading-subheading pbmit-reverse-heading-yes animation-style4\"><h4 class=\"pbmit-element-subtitle\"><span>\r\n\t\t\t<\/span>\r\n\t\t\t\r\n\t\t\t\tDoktora Sor\r\n\t\t\t\r\n\t\t\t<\/h4>\r\n\t\t<h2 class=\"pbmit-element-title\">\r\n\t\t\t\r\n\t\t\t\tDr. Yasemin Sava\u015f'a Sor\r\n\t\t\t\r\n\t\t\t<\/h2>\r\n\t\t<div class=\"pbmit-heading-desc\">\u0130letti\u011finiz sa\u011fl\u0131k sorular\u0131n\u0131z soru kategorisine g\u00f6re alan\u0131nda uzman hekimlerimize iletilmektedir. L\u00fctfen hekimlerimize iletece\u011finiz sorular\u0131 a\u00e7\u0131k, anla\u015f\u0131l\u0131r, imla kurallar\u0131na uygun olacak \u015fekilde yaz\u0131n\u0131z. Sorular\u0131n\u0131z onay s\u00fcrecinden ge\u00e7erek doktorlar\u0131m\u0131za iletilmektedir. Alan\u0131nda uzman doktorlar\u0131m\u0131z sa\u011fl\u0131k sorular\u0131n\u0131z\u0131 en k\u0131sa s\u00fcrede yan\u0131tlayacakt\u0131r. Doktorlar\u0131m\u0131z\u0131n size geri d\u00f6nebilmesi i\u00e7in l\u00fctfen bilgilerinizi do\u011fru bir \u015fekilde giriniz.<\/div><\/div>\t\t<\/div>\n\t\t\t\t<\/div>\n\t\t\t\t\t<\/div>\n\t\t<\/div>\n\t\t\t\t\t<\/div>\n\t\t<\/div>\n\t\t\t\t<div class=\"elementor-section elementor-inner-section elementor-element elementor-element-b56267f pbmit-col-stretched-none pbmit-bg-color-over-image elementor-section-boxed elementor-section-height-default elementor-section-height-default\" data-id=\"b56267f\" data-element_type=\"section\">\n\t\t\t\t\t\t<div class=\"elementor-container elementor-column-gap-no\">\n\t\t\t\t\t<div class=\"elementor-column elementor-col-100 elementor-inner-column elementor-element elementor-element-11fd974 pbmit-bg-color-yes pbmit-elementor-bg-color-white pbmit-bg-color-over-image\" data-id=\"11fd974\" data-element_type=\"column\">\n\t\t\t<div class=\"elementor-widget-wrap elementor-element-populated\">\n\t\t\t\t\t\t<div class=\"elementor-element elementor-element-e2937be elementor-widget elementor-widget-shortcode\" data-id=\"e2937be\" data-element_type=\"widget\" data-widget_type=\"shortcode.default\">\n\t\t\t\t<div class=\"elementor-widget-container\">\n\t\t\t\t\t<div class=\"elementor-shortcode\">\n<div class=\"wpcf7 no-js\" id=\"wpcf7-f3292-o1\" lang=\"en-US\" dir=\"ltr\" data-wpcf7-id=\"3292\">\n<div class=\"screen-reader-response\"><p role=\"status\" aria-live=\"polite\" aria-atomic=\"true\"><\/p> <ul><\/ul><\/div>\n<form action=\"\/en\/wp-json\/wp\/v2\/pages\/3370#wpcf7-f3292-o1\" method=\"post\" class=\"wpcf7-form init\" aria-label=\"Contact form\" novalidate=\"novalidate\" data-status=\"init\">\n<fieldset class=\"hidden-fields-container\"><input type=\"hidden\" name=\"_wpcf7\" value=\"3292\" \/><input type=\"hidden\" name=\"_wpcf7_version\" value=\"6.1.4\" \/><input type=\"hidden\" name=\"_wpcf7_locale\" value=\"en_US\" \/><input type=\"hidden\" name=\"_wpcf7_unit_tag\" value=\"wpcf7-f3292-o1\" \/><input type=\"hidden\" name=\"_wpcf7_container_post\" value=\"0\" \/><input type=\"hidden\" name=\"_wpcf7_posted_data_hash\" value=\"\" \/><input type=\"hidden\" name=\"_wpcf7_recaptcha_response\" value=\"\" \/>\n<\/fieldset>\n<div class=\"pbmit-form pbmit-appoinment-form\">\n\t<div class=\"row\">\n\t\t<div class=\"col-sm-12 col-md-6\">\n\t\t\t<div class=\"input-group\">\n\t\t\t\t<p><span class=\"wpcf7-form-control-wrap\" data-name=\"your-name\"><input size=\"40\" maxlength=\"400\" class=\"wpcf7-form-control wpcf7-text wpcf7-validates-as-required\" aria-required=\"true\" aria-invalid=\"false\" placeholder=\"Ad *\" value=\"\" type=\"text\" name=\"your-name\" \/><\/span>\n\t\t\t\t<\/p>\n\t\t\t<\/div>\n\t\t<\/div>\n\t\t<div class=\"col-sm-12 col-md-6\">\n\t\t\t<div class=\"input-group\">\n\t\t\t\t<p><span class=\"wpcf7-form-control-wrap\" data-name=\"your-soyad\"><input size=\"40\" maxlength=\"400\" class=\"wpcf7-form-control wpcf7-text wpcf7-validates-as-required\" aria-required=\"true\" aria-invalid=\"false\" placeholder=\"Surname *\" value=\"\" type=\"text\" name=\"your-soyad\" \/><\/span>\n\t\t\t\t<\/p>\n\t\t\t<\/div>\n\t\t<\/div>\n\t<\/div>\n\t<div class=\"row\">\n\t\t<div class=\"col-sm-12 col-md-6\">\n\t\t\t<div class=\"input-group\">\n\t\t\t\t<p><span class=\"wpcf7-form-control-wrap\" data-name=\"phone-number\"><input size=\"40\" maxlength=\"400\" class=\"wpcf7-form-control wpcf7-text wpcf7-validates-as-required\" aria-required=\"true\" aria-invalid=\"false\" placeholder=\"Telephone *\" value=\"\" type=\"text\" name=\"phone-number\" \/><\/span>\n\t\t\t\t<\/p>\n\t\t\t<\/div>\n\t\t<\/div>\n\t\t<div class=\"col-sm-12 col-md-6\">\n\t\t\t<div class=\"input-group\">\n\t\t\t\t<p><span class=\"wpcf7-form-control-wrap\" data-name=\"email-address\"><input size=\"40\" maxlength=\"400\" class=\"wpcf7-form-control wpcf7-email wpcf7-validates-as-required wpcf7-text wpcf7-validates-as-email\" aria-required=\"true\" aria-invalid=\"false\" placeholder=\"E-Mail *\" value=\"\" type=\"email\" name=\"email-address\" \/><\/span>\n\t\t\t\t<\/p>\n\t\t\t<\/div>\n\t\t<\/div>\n\t<\/div>\n\t<div class=\"row\">\n\t\t<div class=\"col-sm-12 col-md-6\">\n\t\t\t<div class=\"input-group\">\n\t\t\t\t<p><span class=\"wpcf7-form-control-wrap\" data-name=\"SelectDepartment\"><select class=\"wpcf7-form-control wpcf7-select\" aria-invalid=\"false\" name=\"SelectDepartment\"><option value=\"Facial Treatments Filler Treatments Hair Treatments Laser Treatments Body Treatments Maintenance Treatments\">Facial Treatments Filler Treatments Hair Treatments Laser Treatments Body Treatments Maintenance Treatments<\/option><\/select><\/span>\n\t\t\t\t<\/p>\n\t\t\t<\/div>\n\t\t<\/div>\n\t\t<div class=\"col-sm-12 col-md-6\">\n\t\t\t<div class=\"input-group\">\n\t\t\t\t<p><span class=\"wpcf7-form-control-wrap\" data-name=\"date-123\"><input class=\"wpcf7-form-control wpcf7-date wpcf7-validates-as-date\" aria-invalid=\"false\" value=\"2026-04-17\" type=\"date\" name=\"date-123\" \/><\/span>\n\t\t\t\t<\/p>\n\t\t\t<\/div>\n\t\t<\/div>\n\t<\/div>\n\t<div class=\"row\">\n\t\t<div class=\"col-sm-12\">\n\t\t\t<div class=\"input-group input-textarea\">\n\t\t\t\t<p><span class=\"wpcf7-form-control-wrap\" data-name=\"textarea-806\"><textarea cols=\"40\" rows=\"10\" maxlength=\"2000\" class=\"wpcf7-form-control wpcf7-textarea wpcf7-validates-as-required\" aria-required=\"true\" aria-invalid=\"false\" placeholder=\"Write Your Note in Detail....\" name=\"textarea-806\"><\/textarea><\/span>\n\t\t\t\t<\/p>\n\t\t\t<\/div>\n\t\t<\/div>\n\t<\/div>\n\t<div class=\"col-sm-12\">\n\t\t<div class=\"input-group input-button\">\n\t\t\t<p><span class=\"wpcf7-form-control-wrap\" data-name=\"kvkk\"><span class=\"wpcf7-form-control wpcf7-acceptance optional\"><span class=\"wpcf7-list-item\"><input type=\"checkbox\" name=\"kvkk\" value=\"1\" aria-invalid=\"false\" \/><\/span><\/span><\/span> I have read and understood <a href=\"https:\/\/dryaseminsavas.com\/gizlilik-ve-kisisel-verilerin-korunmasi-politikasi\">the clarification text within the scope of KVKK<\/a> and I accept. <span class=\"wpcf7-form-control-wrap\" data-name=\"ticari_onay\"><span class=\"wpcf7-form-control wpcf7-acceptance\"><span class=\"wpcf7-list-item\"><input type=\"checkbox\" name=\"ticari_onay\" value=\"1\" aria-invalid=\"false\" \/><\/span><\/span><\/span> I have read <a href=\"https:\/\/dryaseminsavas.com\/acik-riza-metni\/\">the explicit consent text<\/a>. I want to be informed about the campaigns.\n\t\t\t<\/p>\n\t\t\t<p style=\"padding: 15px;>\n\t\t\t<span class=\"wpcf7-form-control-wrap recaptcha\" data-name=\"recaptcha\"><span data-sitekey=\"6LfglXEqAAAAAJOF4NGVdhRA1wQjVj_Cc5UTR7Nr\" class=\"wpcf7-form-control wpcf7-recaptcha g-recaptcha\"><\/span>\r\n<noscript>\r\n\t<div class=\"grecaptcha-noscript\">\r\n\t\t<iframe src=\"https:\/\/www.recaptcha.net\/recaptcha\/api\/fallback?k=6LfglXEqAAAAAJOF4NGVdhRA1wQjVj_Cc5UTR7Nr\" frameborder=\"0\" scrolling=\"no\" width=\"310\" height=\"430\">\r\n\t\t<\/iframe>\r\n\t\t<textarea name=\"g-recaptcha-response\" rows=\"3\" cols=\"40\" placeholder=\"reCaptcha Response Here\">\r\n\t\t<\/textarea>\r\n\t<\/div>\r\n<\/noscript>\r\n<\/span>\n\t\t\t<\/p>\n\t\t\t<p><button id=\"submit\" class=\"wpcf7-form-control wpcf7-submit\"><span class=\"pbmit-button-text\">Send<\/span><span class=\"pbmit-button-icon-wrapper\"><span class=\"pbmit-button-icon\"><i class=\"pbmit-base-icon-black-arrow-1\"><\/i><\/span><\/span> <\/button>\n\t\t\t<\/p>\n\t\t<\/div>\n\t<\/div>\n<\/div><p style=\"display: none !important;\" class=\"akismet-fields-container\" data-prefix=\"_wpcf7_ak_\"><label>&#916;<textarea name=\"_wpcf7_ak_hp_textarea\" cols=\"45\" rows=\"8\" maxlength=\"100\"><\/textarea><\/label><input type=\"hidden\" id=\"ak_js_1\" name=\"_wpcf7_ak_js\" value=\"238\"\/><script>document.getElementById( \"ak_js_1\" ).setAttribute( \"value\", ( new Date() ).getTime() );<\/script><\/p><div class=\"wpcf7-response-output\" aria-hidden=\"true\"><\/div>\n<\/form>\n<\/div>\n<\/div>\n\t\t\t\t<\/div>\n\t\t\t\t<\/div>\n\t\t\t\t\t<\/div>\n\t\t<\/div>\n\t\t\t\t\t<\/div>\n\t\t<\/div>\n\t\t\t\t\t<\/div>\n\t\t<\/div>\n\t\t\t\t\t<\/div>\n\t\t<\/div>\n\t\t\t\t<div class=\"elementor-section elementor-top-section elementor-element elementor-element-81a1b8d elementor-section-full_width elementor-section-stretched pbmit-col-stretched-none pbmit-bg-color-over-image elementor-section-height-default elementor-section-height-default\" data-id=\"81a1b8d\" data-element_type=\"section\" data-settings=\"{&quot;stretch_section&quot;:&quot;section-stretched&quot;}\">\n\t\t\t\t\t\t<div class=\"elementor-container elementor-column-gap-no\">\n\t\t\t\t\t<div class=\"elementor-column elementor-col-100 elementor-top-column elementor-element elementor-element-5cdce28 pbmit-bg-color-over-image\" data-id=\"5cdce28\" data-element_type=\"column\">\n\t\t\t<div class=\"elementor-widget-wrap elementor-element-populated\">\n\t\t\t\t\t\t<div class=\"elementor-element elementor-element-cd43a2e elementor-widget elementor-widget-pbmit_client_element\" data-id=\"cd43a2e\" data-element_type=\"widget\" data-widget_type=\"pbmit_client_element.default\">\n\t\t\t\t<div class=\"elementor-widget-container\">\n\t\t\t\r\n\t\t<div class=\"pbminfotech-element\r\n\t\t\tpbminfotech-element-client\t\t\tpbmit-element-client-style-1\t\t\tpbmit-element-viewtype-carousel\t\t\tpbmit-element-column-six\t\t\tpbmit-element-sticky-carousel-false\t\t\tpbmit-element-caroursel-dot-false\t\t\tpbmit-infinite-scroll-no\t\t\tpbmit-infinite-scroll-button-no\t\t\tpbminfotech-gap-default\t\t\t\t\t\t\t\t\t\"\r\n\r\n\t\t\tdata-cpt=\"client\"\r\n\t\t\tdata-totalpagination=\"1\"\r\n\t\t\tdata-style=\"1\"\r\n\t\t\tdata-show=\"6\"\r\n\t\t\tdata-columns=\"6\"\r\n\t\t\tdata-loop=\"true\"\r\n\t\t\tdata-autoplay=\"true\"\r\n\t\t\tdata-center=\"false\"\r\n\t\t\tdata-nav=\"false\"\r\n\t\t\tdata-dots=\"false\"\r\n\t\t\tdata-reverse=\"false\"\r\n\t\t\tdata-speed=\"3000\"\r\n\t\t\tdata-delay=\"4000\"\r\n\t\t\tdata-margin=\"default\"\r\n\t\t\tdata-show-portion=\"false\">\r\n\r\n\t\t\t<div class=\"pbmit-element-inner\">\r\n\t\t\r\n\r\n\t\t\r\n\t\t<div class=\"pbmit-ele-header-area\">\r\n\t\t\t\t<div class=\"pbmit-heading-subheading  animation-style4\"><\/div>\r\n\t\t\t\t\t<\/div>\r\n\r\n\t\t<div class=\"pbmit-infinite-scroll-data\">{\"cpt\":\"client\",\"style\":\"1\",\"columns\":\"6\",\"show\":\"6\",\"from_category\":[\"black\"],\"order\":\"DESC\",\"orderby\":\"DESC\"}<\/div>\r\n\t\t\t\t<div class=\"pbmit-no-data-message\">No data available.<\/div>\r\n\r\n\t\t\t\r\n\t\t\r\n\t\t\r\n\t\t\t\t\t<\/div><!-- .pbmit-element-inner -->\r\n\t\t<\/div><!-- .pbminfotech-element -->\r\n\r\n\t\t\r\n\t\t\t\t<\/div>\n\t\t\t\t<\/div>\n\t\t\t\t\t<\/div>\n\t\t<\/div>\n\t\t\t\t\t<\/div>\n\t\t<\/div>\n\t\t\t\t<\/div>\n\t\t","protected":false},"excerpt":{"rendered":"<p>Doktora Sor Dr. Yasemin Sava\u015f&#8217;a Sor \u0130letti\u011finiz sa\u011fl\u0131k sorular\u0131n\u0131z soru kategorisine g\u00f6re alan\u0131nda uzman hekimlerimize iletilmektedir. L\u00fctfen hekimlerimize iletece\u011finiz sorular\u0131 a\u00e7\u0131k, anla\u015f\u0131l\u0131r, imla kurallar\u0131na uygun olacak \u015fekilde yaz\u0131n\u0131z. Sorular\u0131n\u0131z onay s\u00fcrecinden ge\u00e7erek doktorlar\u0131m\u0131za iletilmektedir. Alan\u0131nda uzman doktorlar\u0131m\u0131z sa\u011fl\u0131k sorular\u0131n\u0131z\u0131 en k\u0131sa s\u00fcrede yan\u0131tlayacakt\u0131r. Doktorlar\u0131m\u0131z\u0131n size geri d\u00f6nebilmesi i\u00e7in l\u00fctfen bilgilerinizi do\u011fru bir \u015fekilde giriniz. {&#8220;cpt&#8221;:&#8221;client&#8221;,&#8221;style&#8221;:&#8221;1&#8243;,&#8221;columns&#8221;:&#8221;6&#8243;,&#8221;show&#8221;:&#8221;6&#8243;,&#8221;from_category&#8221;:[&#8220;black&#8221;],&#8221;order&#8221;:&#8221;DESC&#8221;,&#8221;orderby&#8221;:&#8221;DESC&#8221;} [&hellip;]<\/p>\n","protected":false},"author":1,"featured_media":0,"parent":0,"menu_order":7,"comment_status":"closed","ping_status":"closed","template":"","meta":{"_acf_changed":false,"inline_featured_image":false,"footnotes":""},"class_list":["post-3370","page","type-page","status-publish","hentry"],"acf":[],"yoast_head":"<!-- This site is optimized with the Yoast SEO plugin v26.6 - https:\/\/yoast.com\/wordpress\/plugins\/seo\/ -->\n<title>Online Consultation - Dr. Yasemin Sava\u015f<\/title>\n<meta name=\"robots\" content=\"index, follow, max-snippet:-1, max-image-preview:large, max-video-preview:-1\" \/>\n<link rel=\"canonical\" href=\"https:\/\/dryaseminsavas.com\/en\/online-consultation\/\" \/>\n<meta property=\"og:locale\" content=\"en_US\" \/>\n<meta property=\"og:type\" content=\"article\" \/>\n<meta property=\"og:title\" content=\"Online Consultation - Dr. Yasemin Sava\u015f\" \/>\n<meta property=\"og:description\" content=\"Doktora Sor Dr. Yasemin Sava\u015f&#8217;a Sor \u0130letti\u011finiz sa\u011fl\u0131k sorular\u0131n\u0131z soru kategorisine g\u00f6re alan\u0131nda uzman hekimlerimize iletilmektedir. L\u00fctfen hekimlerimize iletece\u011finiz sorular\u0131 a\u00e7\u0131k, anla\u015f\u0131l\u0131r, imla kurallar\u0131na uygun olacak \u015fekilde yaz\u0131n\u0131z. Sorular\u0131n\u0131z onay s\u00fcrecinden ge\u00e7erek doktorlar\u0131m\u0131za iletilmektedir. Alan\u0131nda uzman doktorlar\u0131m\u0131z sa\u011fl\u0131k sorular\u0131n\u0131z\u0131 en k\u0131sa s\u00fcrede yan\u0131tlayacakt\u0131r. Doktorlar\u0131m\u0131z\u0131n size geri d\u00f6nebilmesi i\u00e7in l\u00fctfen bilgilerinizi do\u011fru bir \u015fekilde giriniz. {&#8220;cpt&#8221;:&#8221;client&#8221;,&#8221;style&#8221;:&#8221;1&#8243;,&#8221;columns&#8221;:&#8221;6&#8243;,&#8221;show&#8221;:&#8221;6&#8243;,&#8221;from_category&#8221;:[&#8220;black&#8221;],&#8221;order&#8221;:&#8221;DESC&#8221;,&#8221;orderby&#8221;:&#8221;DESC&#8221;} [&hellip;]\" \/>\n<meta property=\"og:url\" content=\"https:\/\/dryaseminsavas.com\/en\/online-consultation\/\" \/>\n<meta property=\"og:site_name\" content=\"Dr. Yasemin Sava\u015f\" \/>\n<meta property=\"article:modified_time\" content=\"2024-10-16T22:25:41+00:00\" \/>\n<meta property=\"og:image\" content=\"https:\/\/dryaseminsavas.com\/wp-content\/uploads\/2024\/06\/dryaseminsavas-logo-e1759166100354.png\" \/>\n\t<meta property=\"og:image:width\" content=\"250\" \/>\n\t<meta property=\"og:image:height\" content=\"58\" \/>\n\t<meta property=\"og:image:type\" content=\"image\/png\" \/>\n<meta name=\"twitter:card\" content=\"summary_large_image\" \/>\n<meta name=\"twitter:label1\" content=\"Est. reading time\" \/>\n\t<meta name=\"twitter:data1\" content=\"1 minute\" \/>\n<script type=\"application\/ld+json\" class=\"yoast-schema-graph\">{\"@context\":\"https:\/\/schema.org\",\"@graph\":[{\"@type\":\"WebPage\",\"@id\":\"https:\/\/dryaseminsavas.com\/en\/online-consultation\/\",\"url\":\"https:\/\/dryaseminsavas.com\/en\/online-consultation\/\",\"name\":\"Online Consultation - Dr. Yasemin Sava\u015f\",\"isPartOf\":{\"@id\":\"https:\/\/dryaseminsavas.com\/en\/#website\"},\"datePublished\":\"2024-01-27T07:26:00+00:00\",\"dateModified\":\"2024-10-16T22:25:41+00:00\",\"breadcrumb\":{\"@id\":\"https:\/\/dryaseminsavas.com\/en\/online-consultation\/#breadcrumb\"},\"inLanguage\":\"en-US\",\"potentialAction\":[{\"@type\":\"ReadAction\",\"target\":[\"https:\/\/dryaseminsavas.com\/en\/online-consultation\/\"]}]},{\"@type\":\"BreadcrumbList\",\"@id\":\"https:\/\/dryaseminsavas.com\/en\/online-consultation\/#breadcrumb\",\"itemListElement\":[{\"@type\":\"ListItem\",\"position\":1,\"name\":\"Dr. Yasemin Sava\u015f\",\"item\":\"https:\/\/dryaseminsavas.com\/en\/homepage\/\"},{\"@type\":\"ListItem\",\"position\":2,\"name\":\"Online Consultation\"}]},{\"@type\":\"WebSite\",\"@id\":\"https:\/\/dryaseminsavas.com\/en\/#website\",\"url\":\"https:\/\/dryaseminsavas.com\/en\/\",\"name\":\"Dr. Yasemin Sava\u015f\",\"description\":\"Kaliteli Ya\u015fam Klini\u011fi\",\"publisher\":{\"@id\":\"https:\/\/dryaseminsavas.com\/en\/#organization\"},\"potentialAction\":[{\"@type\":\"SearchAction\",\"target\":{\"@type\":\"EntryPoint\",\"urlTemplate\":\"https:\/\/dryaseminsavas.com\/en\/?s={search_term_string}\"},\"query-input\":{\"@type\":\"PropertyValueSpecification\",\"valueRequired\":true,\"valueName\":\"search_term_string\"}}],\"inLanguage\":\"en-US\"},{\"@type\":\"Organization\",\"@id\":\"https:\/\/dryaseminsavas.com\/en\/#organization\",\"name\":\"Dr. Yasemin Sava\u015f\",\"url\":\"https:\/\/dryaseminsavas.com\/en\/\",\"logo\":{\"@type\":\"ImageObject\",\"inLanguage\":\"en-US\",\"@id\":\"https:\/\/dryaseminsavas.com\/en\/#\/schema\/logo\/image\/\",\"url\":\"https:\/\/dryaseminsavas.com\/wp-content\/uploads\/2024\/06\/dryaseminsavas-logo.png\",\"contentUrl\":\"https:\/\/dryaseminsavas.com\/wp-content\/uploads\/2024\/06\/dryaseminsavas-logo.png\",\"width\":378,\"height\":88,\"caption\":\"Dr. Yasemin Sava\u015f\"},\"image\":{\"@id\":\"https:\/\/dryaseminsavas.com\/en\/#\/schema\/logo\/image\/\"}}]}<\/script>\n<!-- \/ Yoast SEO plugin. -->","yoast_head_json":{"title":"Online Consultation - Dr. Yasemin Sava\u015f","robots":{"index":"index","follow":"follow","max-snippet":"max-snippet:-1","max-image-preview":"max-image-preview:large","max-video-preview":"max-video-preview:-1"},"canonical":"https:\/\/dryaseminsavas.com\/en\/online-consultation\/","og_locale":"en_US","og_type":"article","og_title":"Online Consultation - Dr. Yasemin Sava\u015f","og_description":"Doktora Sor Dr. Yasemin Sava\u015f&#8217;a Sor \u0130letti\u011finiz sa\u011fl\u0131k sorular\u0131n\u0131z soru kategorisine g\u00f6re alan\u0131nda uzman hekimlerimize iletilmektedir. L\u00fctfen hekimlerimize iletece\u011finiz sorular\u0131 a\u00e7\u0131k, anla\u015f\u0131l\u0131r, imla kurallar\u0131na uygun olacak \u015fekilde yaz\u0131n\u0131z. Sorular\u0131n\u0131z onay s\u00fcrecinden ge\u00e7erek doktorlar\u0131m\u0131za iletilmektedir. Alan\u0131nda uzman doktorlar\u0131m\u0131z sa\u011fl\u0131k sorular\u0131n\u0131z\u0131 en k\u0131sa s\u00fcrede yan\u0131tlayacakt\u0131r. Doktorlar\u0131m\u0131z\u0131n size geri d\u00f6nebilmesi i\u00e7in l\u00fctfen bilgilerinizi do\u011fru bir \u015fekilde giriniz. {&#8220;cpt&#8221;:&#8221;client&#8221;,&#8221;style&#8221;:&#8221;1&#8243;,&#8221;columns&#8221;:&#8221;6&#8243;,&#8221;show&#8221;:&#8221;6&#8243;,&#8221;from_category&#8221;:[&#8220;black&#8221;],&#8221;order&#8221;:&#8221;DESC&#8221;,&#8221;orderby&#8221;:&#8221;DESC&#8221;} [&hellip;]","og_url":"https:\/\/dryaseminsavas.com\/en\/online-consultation\/","og_site_name":"Dr. Yasemin Sava\u015f","article_modified_time":"2024-10-16T22:25:41+00:00","og_image":[{"width":250,"height":58,"url":"https:\/\/dryaseminsavas.com\/wp-content\/uploads\/2024\/06\/dryaseminsavas-logo-e1759166100354.png","type":"image\/png"}],"twitter_card":"summary_large_image","twitter_misc":{"Est. reading time":"1 minute"},"schema":{"@context":"https:\/\/schema.org","@graph":[{"@type":"WebPage","@id":"https:\/\/dryaseminsavas.com\/en\/online-consultation\/","url":"https:\/\/dryaseminsavas.com\/en\/online-consultation\/","name":"Online Consultation - Dr. Yasemin Sava\u015f","isPartOf":{"@id":"https:\/\/dryaseminsavas.com\/en\/#website"},"datePublished":"2024-01-27T07:26:00+00:00","dateModified":"2024-10-16T22:25:41+00:00","breadcrumb":{"@id":"https:\/\/dryaseminsavas.com\/en\/online-consultation\/#breadcrumb"},"inLanguage":"en-US","potentialAction":[{"@type":"ReadAction","target":["https:\/\/dryaseminsavas.com\/en\/online-consultation\/"]}]},{"@type":"BreadcrumbList","@id":"https:\/\/dryaseminsavas.com\/en\/online-consultation\/#breadcrumb","itemListElement":[{"@type":"ListItem","position":1,"name":"Dr. Yasemin Sava\u015f","item":"https:\/\/dryaseminsavas.com\/en\/homepage\/"},{"@type":"ListItem","position":2,"name":"Online Consultation"}]},{"@type":"WebSite","@id":"https:\/\/dryaseminsavas.com\/en\/#website","url":"https:\/\/dryaseminsavas.com\/en\/","name":"Dr. Yasemin Sava\u015f","description":"Kaliteli Ya\u015fam Klini\u011fi","publisher":{"@id":"https:\/\/dryaseminsavas.com\/en\/#organization"},"potentialAction":[{"@type":"SearchAction","target":{"@type":"EntryPoint","urlTemplate":"https:\/\/dryaseminsavas.com\/en\/?s={search_term_string}"},"query-input":{"@type":"PropertyValueSpecification","valueRequired":true,"valueName":"search_term_string"}}],"inLanguage":"en-US"},{"@type":"Organization","@id":"https:\/\/dryaseminsavas.com\/en\/#organization","name":"Dr. Yasemin Sava\u015f","url":"https:\/\/dryaseminsavas.com\/en\/","logo":{"@type":"ImageObject","inLanguage":"en-US","@id":"https:\/\/dryaseminsavas.com\/en\/#\/schema\/logo\/image\/","url":"https:\/\/dryaseminsavas.com\/wp-content\/uploads\/2024\/06\/dryaseminsavas-logo.png","contentUrl":"https:\/\/dryaseminsavas.com\/wp-content\/uploads\/2024\/06\/dryaseminsavas-logo.png","width":378,"height":88,"caption":"Dr. Yasemin Sava\u015f"},"image":{"@id":"https:\/\/dryaseminsavas.com\/en\/#\/schema\/logo\/image\/"}}]}},"_links":{"self":[{"href":"https:\/\/dryaseminsavas.com\/en\/wp-json\/wp\/v2\/pages\/3370","targetHints":{"allow":["GET"]}}],"collection":[{"href":"https:\/\/dryaseminsavas.com\/en\/wp-json\/wp\/v2\/pages"}],"about":[{"href":"https:\/\/dryaseminsavas.com\/en\/wp-json\/wp\/v2\/types\/page"}],"author":[{"embeddable":true,"href":"https:\/\/dryaseminsavas.com\/en\/wp-json\/wp\/v2\/users\/1"}],"replies":[{"embeddable":true,"href":"https:\/\/dryaseminsavas.com\/en\/wp-json\/wp\/v2\/comments?post=3370"}],"version-history":[{"count":0,"href":"https:\/\/dryaseminsavas.com\/en\/wp-json\/wp\/v2\/pages\/3370\/revisions"}],"wp:attachment":[{"href":"https:\/\/dryaseminsavas.com\/en\/wp-json\/wp\/v2\/media?parent=3370"}],"curies":[{"name":"wp","href":"https:\/\/api.w.org\/{rel}","templated":true}]}}