{"id":3730,"date":"2024-01-29T06:05:25","date_gmt":"2024-01-29T06:05:25","guid":{"rendered":"https:\/\/dryaseminsavas.com\/make-appointments-02\/"},"modified":"2024-10-20T10:18:32","modified_gmt":"2024-10-20T10:18:32","slug":"make-appointments-02","status":"publish","type":"page","link":"https:\/\/dryaseminsavas.com\/en\/make-appointments-02\/","title":{"rendered":"Make Appointments 02"},"content":{"rendered":"\t\t<div data-elementor-type=\"wp-page\" data-elementor-id=\"3730\" class=\"elementor elementor-3730 elementor-40\" data-elementor-post-type=\"page\">\n\t\t\t\t\t\t<div class=\"elementor-section elementor-top-section elementor-element elementor-element-0c17e3c pbmit-col-stretched-none pbmit-bg-color-over-image elementor-section-boxed elementor-section-height-default elementor-section-height-default\" data-id=\"0c17e3c\" data-element_type=\"section\">\n\t\t\t\t\t\t<div class=\"elementor-container elementor-column-gap-no\">\n\t\t\t\t\t<div class=\"elementor-column elementor-col-100 elementor-top-column elementor-element elementor-element-f4a1920 pbmit-bg-color-over-image\" data-id=\"f4a1920\" data-element_type=\"column\">\n\t\t\t<div class=\"elementor-widget-wrap elementor-element-populated\">\n\t\t\t\t\t\t<div class=\"elementor-section elementor-inner-section elementor-element elementor-element-8901a46 pbmit-col-stretched-none pbmit-bg-color-over-image elementor-section-boxed elementor-section-height-default elementor-section-height-default\" data-id=\"8901a46\" data-element_type=\"section\">\n\t\t\t\t\t\t<div class=\"elementor-container elementor-column-gap-no\">\n\t\t\t\t\t<div class=\"elementor-column elementor-col-100 elementor-inner-column elementor-element elementor-element-220637e pbmit-bg-color-over-image\" data-id=\"220637e\" data-element_type=\"column\">\n\t\t\t<div class=\"elementor-widget-wrap elementor-element-populated\">\n\t\t\t\t\t\t<div class=\"elementor-element elementor-element-2944d9c elementor-widget elementor-widget-pbmit_heading\" data-id=\"2944d9c\" data-element_type=\"widget\" data-widget_type=\"pbmit_heading.default\">\n\t\t\t\t<div class=\"elementor-widget-container\">\n\t\t\t\t<div class=\"pbmit-heading-subheading pbmit-reverse-heading-yes animation-style4\"><h4 class=\"pbmit-element-subtitle\"><span>\r\n\t\t\t<\/span>\r\n\t\t\t\r\n\t\t\t\tWith Access To\r\n\t\t\t\r\n\t\t\t<\/h4>\r\n\t\t<h2 class=\"pbmit-element-title\">\r\n\t\t\t\r\n\t\t\t\t24 Hour Emergency\r\n\t\t\t\r\n\t\t\t<\/h2>\r\n\t\t<div class=\"pbmit-heading-desc\">Our clinic is equipped with modern facilities and advanced medical technology to ensure accurate diagnoses <br>and effective treatments. This enables us to provide you with the highest standard of care.<\/div><\/div>\t\t<\/div>\n\t\t\t\t<\/div>\n\t\t\t\t\t<\/div>\n\t\t<\/div>\n\t\t\t\t\t<\/div>\n\t\t<\/div>\n\t\t\t\t<div class=\"elementor-section elementor-inner-section elementor-element elementor-element-b56267f pbmit-col-stretched-none pbmit-bg-color-over-image elementor-section-boxed elementor-section-height-default elementor-section-height-default\" data-id=\"b56267f\" data-element_type=\"section\">\n\t\t\t\t\t\t<div class=\"elementor-container elementor-column-gap-no\">\n\t\t\t\t\t<div class=\"elementor-column elementor-col-100 elementor-inner-column elementor-element elementor-element-11fd974 pbmit-bg-color-yes pbmit-elementor-bg-color-white pbmit-bg-color-over-image\" data-id=\"11fd974\" data-element_type=\"column\">\n\t\t\t<div class=\"elementor-widget-wrap elementor-element-populated\">\n\t\t\t\t\t\t<div class=\"elementor-element elementor-element-e2937be elementor-widget elementor-widget-shortcode\" data-id=\"e2937be\" data-element_type=\"widget\" data-widget_type=\"shortcode.default\">\n\t\t\t\t<div class=\"elementor-widget-container\">\n\t\t\t\t\t<div class=\"elementor-shortcode\">[wpdevart_booking_calendar id=\"1\"]<\/div>\n\t\t\t\t<\/div>\n\t\t\t\t<\/div>\n\t\t\t\t\t<\/div>\n\t\t<\/div>\n\t\t\t\t\t<\/div>\n\t\t<\/div>\n\t\t\t\t\t<\/div>\n\t\t<\/div>\n\t\t\t\t\t<\/div>\n\t\t<\/div>\n\t\t\t\t<div class=\"elementor-section elementor-top-section elementor-element elementor-element-81a1b8d elementor-section-full_width elementor-section-stretched pbmit-col-stretched-none pbmit-bg-color-over-image elementor-section-height-default elementor-section-height-default\" data-id=\"81a1b8d\" data-element_type=\"section\" data-settings=\"{&quot;stretch_section&quot;:&quot;section-stretched&quot;}\">\n\t\t\t\t\t\t<div class=\"elementor-container elementor-column-gap-no\">\n\t\t\t\t\t<div class=\"elementor-column elementor-col-100 elementor-top-column elementor-element elementor-element-5cdce28 pbmit-bg-color-over-image\" data-id=\"5cdce28\" data-element_type=\"column\">\n\t\t\t<div class=\"elementor-widget-wrap elementor-element-populated\">\n\t\t\t\t\t\t<div class=\"elementor-element elementor-element-cd43a2e elementor-widget elementor-widget-pbmit_client_element\" data-id=\"cd43a2e\" data-element_type=\"widget\" data-widget_type=\"pbmit_client_element.default\">\n\t\t\t\t<div class=\"elementor-widget-container\">\n\t\t\t\r\n\t\t<div class=\"pbminfotech-element\r\n\t\t\tpbminfotech-element-client\t\t\tpbmit-element-client-style-1\t\t\tpbmit-element-viewtype-carousel\t\t\tpbmit-element-column-six\t\t\tpbmit-element-sticky-carousel-false\t\t\tpbmit-element-caroursel-dot-false\t\t\tpbmit-infinite-scroll-no\t\t\tpbmit-infinite-scroll-button-no\t\t\tpbminfotech-gap-default\t\t\t\t\t\t\t\t\t\"\r\n\r\n\t\t\tdata-cpt=\"client\"\r\n\t\t\tdata-totalpagination=\"1\"\r\n\t\t\tdata-style=\"1\"\r\n\t\t\tdata-show=\"6\"\r\n\t\t\tdata-columns=\"6\"\r\n\t\t\tdata-loop=\"true\"\r\n\t\t\tdata-autoplay=\"true\"\r\n\t\t\tdata-center=\"false\"\r\n\t\t\tdata-nav=\"false\"\r\n\t\t\tdata-dots=\"false\"\r\n\t\t\tdata-reverse=\"false\"\r\n\t\t\tdata-speed=\"3000\"\r\n\t\t\tdata-delay=\"4000\"\r\n\t\t\tdata-margin=\"default\"\r\n\t\t\tdata-show-portion=\"false\">\r\n\r\n\t\t\t<div class=\"pbmit-element-inner\">\r\n\t\t\r\n\r\n\t\t\r\n\t\t<div class=\"pbmit-ele-header-area\">\r\n\t\t\t\t<div class=\"pbmit-heading-subheading  animation-style4\"><\/div>\r\n\t\t\t\t\t<\/div>\r\n\r\n\t\t<div class=\"pbmit-infinite-scroll-data\">{\"cpt\":\"client\",\"style\":\"1\",\"columns\":\"6\",\"show\":\"6\",\"from_category\":[\"black\"],\"order\":\"DESC\",\"orderby\":\"DESC\"}<\/div>\r\n\t\t\t\t<div class=\"pbmit-no-data-message\">No data available.<\/div>\r\n\r\n\t\t\t\r\n\t\t\r\n\t\t\r\n\t\t\t\t\t<\/div><!-- .pbmit-element-inner -->\r\n\t\t<\/div><!-- .pbminfotech-element -->\r\n\r\n\t\t\r\n\t\t\t\t<\/div>\n\t\t\t\t<\/div>\n\t\t\t\t\t<\/div>\n\t\t<\/div>\n\t\t\t\t\t<\/div>\n\t\t<\/div>\n\t\t\t\t<\/div>\n\t\t","protected":false},"excerpt":{"rendered":"<p>With Access To 24 Hour Emergency Our clinic is equipped with modern facilities and advanced medical technology to ensure accurate diagnoses and effective treatments. This enables us to provide you with the highest standard of care. [wpdevart_booking_calendar id=&#8221;1&#8243;] {&#8220;cpt&#8221;:&#8221;client&#8221;,&#8221;style&#8221;:&#8221;1&#8243;,&#8221;columns&#8221;:&#8221;6&#8243;,&#8221;show&#8221;:&#8221;6&#8243;,&#8221;from_category&#8221;:[&#8220;black&#8221;],&#8221;order&#8221;:&#8221;DESC&#8221;,&#8221;orderby&#8221;:&#8221;DESC&#8221;} Client-07 Client-06 Client-05 Client-04 Client-03 Client-02<\/p>\n","protected":false},"author":1,"featured_media":0,"parent":0,"menu_order":8,"comment_status":"closed","ping_status":"closed","template":"","meta":{"_acf_changed":false,"inline_featured_image":false,"footnotes":""},"class_list":["post-3730","page","type-page","status-publish","hentry"],"acf":[],"yoast_head":"<!-- This site is optimized with the Yoast SEO plugin v27.6 - https:\/\/yoast.com\/product\/yoast-seo-wordpress\/ -->\n<title>Make Appointments 02 - Dr. Yasemin Sava\u015f<\/title>\n<meta name=\"robots\" content=\"index, follow, max-snippet:-1, max-image-preview:large, max-video-preview:-1\" \/>\n<link rel=\"canonical\" href=\"https:\/\/dryaseminsavas.com\/en\/make-appointments-02\/\" \/>\n<meta property=\"og:locale\" content=\"en_US\" \/>\n<meta property=\"og:type\" content=\"article\" \/>\n<meta property=\"og:title\" content=\"Make Appointments 02 - Dr. Yasemin Sava\u015f\" \/>\n<meta property=\"og:description\" content=\"With Access To 24 Hour Emergency Our clinic is equipped with modern facilities and advanced medical technology to ensure accurate diagnoses and effective treatments. This enables us to provide you with the highest standard of care. [wpdevart_booking_calendar id=&#8221;1&#8243;] {&#8220;cpt&#8221;:&#8221;client&#8221;,&#8221;style&#8221;:&#8221;1&#8243;,&#8221;columns&#8221;:&#8221;6&#8243;,&#8221;show&#8221;:&#8221;6&#8243;,&#8221;from_category&#8221;:[&#8220;black&#8221;],&#8221;order&#8221;:&#8221;DESC&#8221;,&#8221;orderby&#8221;:&#8221;DESC&#8221;} Client-07 Client-06 Client-05 Client-04 Client-03 Client-02\" \/>\n<meta property=\"og:url\" content=\"https:\/\/dryaseminsavas.com\/en\/make-appointments-02\/\" \/>\n<meta property=\"og:site_name\" content=\"Dr. Yasemin Sava\u015f\" \/>\n<meta property=\"article:modified_time\" content=\"2024-10-20T10:18:32+00:00\" \/>\n<meta property=\"og:image\" content=\"https:\/\/dryaseminsavas.com\/wp-content\/uploads\/2024\/06\/dryaseminsavas-logo-e1759166100354.png\" \/>\n\t<meta property=\"og:image:width\" content=\"250\" \/>\n\t<meta property=\"og:image:height\" content=\"58\" \/>\n\t<meta property=\"og:image:type\" content=\"image\/png\" \/>\n<meta name=\"twitter:card\" content=\"summary_large_image\" \/>\n<script type=\"application\/ld+json\" class=\"yoast-schema-graph\">{\"@context\":\"https:\\\/\\\/schema.org\",\"@graph\":[{\"@type\":\"WebPage\",\"@id\":\"https:\\\/\\\/dryaseminsavas.com\\\/en\\\/make-appointments-02\\\/\",\"url\":\"https:\\\/\\\/dryaseminsavas.com\\\/en\\\/make-appointments-02\\\/\",\"name\":\"Make Appointments 02 - Dr. Yasemin Sava\u015f\",\"isPartOf\":{\"@id\":\"https:\\\/\\\/dryaseminsavas.com\\\/en\\\/#website\"},\"datePublished\":\"2024-01-29T06:05:25+00:00\",\"dateModified\":\"2024-10-20T10:18:32+00:00\",\"breadcrumb\":{\"@id\":\"https:\\\/\\\/dryaseminsavas.com\\\/en\\\/make-appointments-02\\\/#breadcrumb\"},\"inLanguage\":\"en-US\",\"potentialAction\":[{\"@type\":\"ReadAction\",\"target\":[\"https:\\\/\\\/dryaseminsavas.com\\\/en\\\/make-appointments-02\\\/\"]}]},{\"@type\":\"BreadcrumbList\",\"@id\":\"https:\\\/\\\/dryaseminsavas.com\\\/en\\\/make-appointments-02\\\/#breadcrumb\",\"itemListElement\":[{\"@type\":\"ListItem\",\"position\":1,\"name\":\"Dr. Yasemin Sava\u015f\",\"item\":\"https:\\\/\\\/dryaseminsavas.com\\\/en\\\/homepage\\\/\"},{\"@type\":\"ListItem\",\"position\":2,\"name\":\"Make Appointments 02\"}]},{\"@type\":\"WebSite\",\"@id\":\"https:\\\/\\\/dryaseminsavas.com\\\/en\\\/#website\",\"url\":\"https:\\\/\\\/dryaseminsavas.com\\\/en\\\/\",\"name\":\"Dr. Yasemin Sava\u015f\",\"description\":\"Kaliteli Ya\u015fam Klini\u011fi\",\"publisher\":{\"@id\":\"https:\\\/\\\/dryaseminsavas.com\\\/en\\\/#organization\"},\"potentialAction\":[{\"@type\":\"SearchAction\",\"target\":{\"@type\":\"EntryPoint\",\"urlTemplate\":\"https:\\\/\\\/dryaseminsavas.com\\\/en\\\/?s={search_term_string}\"},\"query-input\":{\"@type\":\"PropertyValueSpecification\",\"valueRequired\":true,\"valueName\":\"search_term_string\"}}],\"inLanguage\":\"en-US\"},{\"@type\":\"Organization\",\"@id\":\"https:\\\/\\\/dryaseminsavas.com\\\/en\\\/#organization\",\"name\":\"Dr. Yasemin Sava\u015f\",\"url\":\"https:\\\/\\\/dryaseminsavas.com\\\/en\\\/\",\"logo\":{\"@type\":\"ImageObject\",\"inLanguage\":\"en-US\",\"@id\":\"https:\\\/\\\/dryaseminsavas.com\\\/en\\\/#\\\/schema\\\/logo\\\/image\\\/\",\"url\":\"https:\\\/\\\/dryaseminsavas.com\\\/wp-content\\\/uploads\\\/2024\\\/06\\\/dryaseminsavas-logo.png\",\"contentUrl\":\"https:\\\/\\\/dryaseminsavas.com\\\/wp-content\\\/uploads\\\/2024\\\/06\\\/dryaseminsavas-logo.png\",\"width\":378,\"height\":88,\"caption\":\"Dr. Yasemin Sava\u015f\"},\"image\":{\"@id\":\"https:\\\/\\\/dryaseminsavas.com\\\/en\\\/#\\\/schema\\\/logo\\\/image\\\/\"}}]}<\/script>\n<!-- \/ Yoast SEO plugin. -->","yoast_head_json":{"title":"Make Appointments 02 - Dr. Yasemin Sava\u015f","robots":{"index":"index","follow":"follow","max-snippet":"max-snippet:-1","max-image-preview":"max-image-preview:large","max-video-preview":"max-video-preview:-1"},"canonical":"https:\/\/dryaseminsavas.com\/en\/make-appointments-02\/","og_locale":"en_US","og_type":"article","og_title":"Make Appointments 02 - Dr. Yasemin Sava\u015f","og_description":"With Access To 24 Hour Emergency Our clinic is equipped with modern facilities and advanced medical technology to ensure accurate diagnoses and effective treatments. This enables us to provide you with the highest standard of care. [wpdevart_booking_calendar id=&#8221;1&#8243;] {&#8220;cpt&#8221;:&#8221;client&#8221;,&#8221;style&#8221;:&#8221;1&#8243;,&#8221;columns&#8221;:&#8221;6&#8243;,&#8221;show&#8221;:&#8221;6&#8243;,&#8221;from_category&#8221;:[&#8220;black&#8221;],&#8221;order&#8221;:&#8221;DESC&#8221;,&#8221;orderby&#8221;:&#8221;DESC&#8221;} Client-07 Client-06 Client-05 Client-04 Client-03 Client-02","og_url":"https:\/\/dryaseminsavas.com\/en\/make-appointments-02\/","og_site_name":"Dr. Yasemin Sava\u015f","article_modified_time":"2024-10-20T10:18:32+00:00","og_image":[{"width":250,"height":58,"url":"https:\/\/dryaseminsavas.com\/wp-content\/uploads\/2024\/06\/dryaseminsavas-logo-e1759166100354.png","type":"image\/png"}],"twitter_card":"summary_large_image","schema":{"@context":"https:\/\/schema.org","@graph":[{"@type":"WebPage","@id":"https:\/\/dryaseminsavas.com\/en\/make-appointments-02\/","url":"https:\/\/dryaseminsavas.com\/en\/make-appointments-02\/","name":"Make Appointments 02 - Dr. Yasemin Sava\u015f","isPartOf":{"@id":"https:\/\/dryaseminsavas.com\/en\/#website"},"datePublished":"2024-01-29T06:05:25+00:00","dateModified":"2024-10-20T10:18:32+00:00","breadcrumb":{"@id":"https:\/\/dryaseminsavas.com\/en\/make-appointments-02\/#breadcrumb"},"inLanguage":"en-US","potentialAction":[{"@type":"ReadAction","target":["https:\/\/dryaseminsavas.com\/en\/make-appointments-02\/"]}]},{"@type":"BreadcrumbList","@id":"https:\/\/dryaseminsavas.com\/en\/make-appointments-02\/#breadcrumb","itemListElement":[{"@type":"ListItem","position":1,"name":"Dr. Yasemin Sava\u015f","item":"https:\/\/dryaseminsavas.com\/en\/homepage\/"},{"@type":"ListItem","position":2,"name":"Make Appointments 02"}]},{"@type":"WebSite","@id":"https:\/\/dryaseminsavas.com\/en\/#website","url":"https:\/\/dryaseminsavas.com\/en\/","name":"Dr. Yasemin Sava\u015f","description":"Kaliteli Ya\u015fam Klini\u011fi","publisher":{"@id":"https:\/\/dryaseminsavas.com\/en\/#organization"},"potentialAction":[{"@type":"SearchAction","target":{"@type":"EntryPoint","urlTemplate":"https:\/\/dryaseminsavas.com\/en\/?s={search_term_string}"},"query-input":{"@type":"PropertyValueSpecification","valueRequired":true,"valueName":"search_term_string"}}],"inLanguage":"en-US"},{"@type":"Organization","@id":"https:\/\/dryaseminsavas.com\/en\/#organization","name":"Dr. Yasemin Sava\u015f","url":"https:\/\/dryaseminsavas.com\/en\/","logo":{"@type":"ImageObject","inLanguage":"en-US","@id":"https:\/\/dryaseminsavas.com\/en\/#\/schema\/logo\/image\/","url":"https:\/\/dryaseminsavas.com\/wp-content\/uploads\/2024\/06\/dryaseminsavas-logo.png","contentUrl":"https:\/\/dryaseminsavas.com\/wp-content\/uploads\/2024\/06\/dryaseminsavas-logo.png","width":378,"height":88,"caption":"Dr. Yasemin Sava\u015f"},"image":{"@id":"https:\/\/dryaseminsavas.com\/en\/#\/schema\/logo\/image\/"}}]}},"_links":{"self":[{"href":"https:\/\/dryaseminsavas.com\/en\/wp-json\/wp\/v2\/pages\/3730","targetHints":{"allow":["GET"]}}],"collection":[{"href":"https:\/\/dryaseminsavas.com\/en\/wp-json\/wp\/v2\/pages"}],"about":[{"href":"https:\/\/dryaseminsavas.com\/en\/wp-json\/wp\/v2\/types\/page"}],"author":[{"embeddable":true,"href":"https:\/\/dryaseminsavas.com\/en\/wp-json\/wp\/v2\/users\/1"}],"replies":[{"embeddable":true,"href":"https:\/\/dryaseminsavas.com\/en\/wp-json\/wp\/v2\/comments?post=3730"}],"version-history":[{"count":0,"href":"https:\/\/dryaseminsavas.com\/en\/wp-json\/wp\/v2\/pages\/3730\/revisions"}],"wp:attachment":[{"href":"https:\/\/dryaseminsavas.com\/en\/wp-json\/wp\/v2\/media?parent=3730"}],"curies":[{"name":"wp","href":"https:\/\/api.w.org\/{rel}","templated":true}]}}